{"id":1097,"date":"2025-05-28T08:56:42","date_gmt":"2025-05-28T08:56:42","guid":{"rendered":"https:\/\/caviarcenturion.com\/product\/pisztrang-kaviar-100g\/"},"modified":"2025-07-21T16:01:34","modified_gmt":"2025-07-21T14:01:34","slug":"pisztrang-kaviar-100g","status":"publish","type":"product","link":"https:\/\/caviarcenturion.com\/de\/produkt\/pisztrang-kaviar-100g\/","title":{"rendered":"Forellenkaviar 100 g"},"content":{"rendered":"<h1>Forellenrogen<\/h1>\n<h2>Was ist Forellenrogen?<\/h2>\n<p>Forellenrogen ist eine Delikatesse, die h\u00e4ufig als Garnierung f\u00fcr verschiedene Gerichte verwendet wird. Die Perlen sind im Vergleich zu Lachsrogen kleiner, zeichnen sich jedoch durch ein angenehmes Platzen im Mund und eine leuchtend orange bis hellrote Farbe aus. Wenn Sie etwas Au\u00dfergew\u00f6hnliches zubereiten und mit Kaviar oder Rogen garnieren m\u00f6chten, ist diese Delikatesse eine hervorragende Wahl, da sie jedes Gericht zu etwas Besonderem macht.<\/p>\n<p>Obwohl Kaviar direkt auf den Rogen des St\u00f6rs verweist, wird diese Delikatesse aufgrund ihres reichhaltigen Geschmacks und ihres Aussehens oft auch als Kaviar bezeichnet. Dieser Begriff wird synonym f\u00fcr jeden Rogen verwendet, der einen ausgepr\u00e4gten Geschmack hat und direkt verzehrt wird. Sowohl S\u00fc\u00dfwasser- als auch Meeresfische liefern Rogen von h\u00f6chster Qualit\u00e4t, der jeden Gaumen erfreut.<\/p>\n<h2>Wie schmeckt er?<\/h2>\n<p>Der Geschmack von Forellenrogen ist einzigartig und zeichnet sich im Vergleich zu traditionellem Kaviar durch eine s\u00fc\u00dfe, frische und leicht salzige Note aus. Manche Menschen nehmen auch eine subtile Rauchnote wahr, insbesondere wenn er kalt ger\u00e4uchert wurde. Es gibt viele verschiedene Arten von Kaviar und Rogen, aber guter Kaviar gilt aufgrund seines einzigartigen Geschmacks und seiner Textur immer als Delikatesse. Es h\u00e4ngt in der Regel von den pers\u00f6nlichen Vorlieben ab, aber hochwertiger Kaviar schmeckt im Allgemeinen jedem.<\/p>\n<p>Ein weiterer Aspekt, den Sie ber\u00fccksichtigen sollten, ist, ob Sie Forellenkaviar mit oder ohne Beilagen essen m\u00f6chten. Wenn Sie zu den Menschen geh\u00f6ren, die den urspr\u00fcnglichen Geschmack dieser Delikatesse bevorzugen, sollten Sie ihn ohne Beilagen auf einem <a href=\"https:\/\/caviarcenturion.com\/de\/produkt\/gyongyhaz-kanal\/\" target=\"_blank\" rel=\"noopener\"><em>Perlmuttl\u00f6ffel<\/em> <\/a>genie\u00dfen, da Metall den Geschmack beeintr\u00e4chtigen kann.<\/p>\n<p>Wenn Sie das Gericht jedoch lieber mit Kaviar zubereiten und Ihren Lieben servieren m\u00f6chten, finden Sie auf unserer Website zahlreiche Rezepte. Bitte beachten Sie, dass es immer besser ist, ihn mit delikaten Beilagen zu essen, die den Geschmack des Kaviars nicht \u00fcberdecken. Dazu eignen sich beispielsweise Pfannkuchen (russische Blinis), Toast, Chips und Cracker.<\/p>\n<h2>Was bestimmt die Qualit\u00e4t von Kaviar?<\/h2>\n<p>Forellenrogen ist ein hochwertiges Produkt, dessen Qualit\u00e4t von mehreren Faktoren abh\u00e4ngt.<\/p>\n<ul>\n<li>Wie wird er geerntet: Die Kaviarernte ist ein manueller Prozess, bei dem die Erfahrung der Mitarbeiter eine entscheidende Rolle spielt. Die Sorgfalt, mit der er geerntet wird, spiegelt sich direkt in der Qualit\u00e4t des Produkts wider.<\/li>\n<li>Zucht vs. Wildfang: Ob der Kaviar aus Zuchtbetrieben oder aus der freien Natur stammt, spielt eine wichtige Rolle. Da einige St\u00f6rarten vom Aussterben bedroht sind, ist der nat\u00fcrliche Fang, wenn die St\u00f6re im Fluss laichen, verboten, um den Bestand dieser gef\u00e4hrdeten Arten zu erhalten. Dar\u00fcber hinaus ist es bemerkenswert, dass eine kontrollierte Umgebung besser geeignet ist, um einen milden Geschmack und eine gleichbleibende Qualit\u00e4t zu gew\u00e4hrleisten und eine Verunreinigung durch verschmutztes Wasser zu vermeiden.<\/li>\n<li>Lagerung und Transport: Da es sich um ein sehr empfindliches Produkt handelt, ist es wichtig, es im K\u00fchlschrank bei -2 \u00b0C bis 0 \u00b0C zu lagern und mit temperaturkontrollierten Transportmitteln zu bef\u00f6rdern.<\/li>\n<\/ul>\n<p>Bei Caviar Centurion achten wir darauf, alle oben genannten wichtigen Aspekte zu ber\u00fccksichtigen, um ein Produkt von h\u00f6chster Qualit\u00e4t zu liefern.<\/p>\n<h2>Welche gesundheitlichen Vorteile bietet er?<\/h2>\n<p>Forellenrogen bietet zahlreiche gesundheitliche Vorteile und ist eine reichhaltige Quelle f\u00fcr Proteine, Omega-3-Fetts\u00e4uren, Cholin und verschiedene Vitamine und Mineralstoffe, darunter Vitamin B12, Vitamin D, Zink, Magnesium, Eisen und Selen. Viele Lebensmittel bieten gesundheitliche Vorteile, aber Forellenkaviar ist unvergleichlich, da er als n\u00e4hrstoffreiches Superfood gilt.<\/p>\n<p>Der Verzehr der meisten Rogenarten in Ma\u00dfen gilt w\u00e4hrend der Schwangerschaft als unbedenklich. F\u00fcr schwangere Frauen ist es jedoch immer vorzuziehen, pasteurisierten Kaviar zu verzehren, da nicht pasteurisierter Kaviar Listerien enthalten kann, die f\u00fcr gesunde Erwachsene harmlos sind, f\u00fcr schwangere Frauen jedoch gef\u00e4hrlich sein k\u00f6nnen.<\/p>\n<h2>Warum Caviar Centurion?<\/h2>\n<p>Forellenrogen ist eine perfekte Option, um den unvergleichlichen Geschmack dieser Delikatesse zu genie\u00dfen. Caviar Centurion ist einer der besten Anbieter von <a href=\"https:\/\/caviarcenturion.com\/de\/produkt-kategorie\/products\/caviar\/\" target=\"_blank\" rel=\"noopener\"><em>Kaviar<\/em> <\/a>in Premiumqualit\u00e4t. In unserem Online-Shop k\u00f6nnen Sie aus einer gro\u00dfen Auswahl Ihr bevorzugtes hochwertiges Produkt kaufen. Wenn Sie auf der Suche nach luxuri\u00f6sen und gleichzeitig k\u00f6stlichen Geschenken sind, ist ein Set mit verschiedenen Kaviar-Sorten die beste Wahl. Sie k\u00f6nnen verschiedene Arten von Hybrid- und klassischem Rogen kaufen und sich diese in k\u00fcrzester Zeit nach Hause liefern lassen.<\/p>\n","protected":false},"excerpt":{"rendered":"<h1>Forellenkaviar 100 g<\/h1>\n<p>mit seiner kr\u00e4ftig orangen Farbe, dem festen Biss und einem angenehm milden Geschmack. Der hochwertige Rogen stammt aus kontrollierter deutscher Zucht und \u00fcberzeugt durch seine hohe Qualit\u00e4t und sein feines, fischiges Aroma. Ob als edles Topping f\u00fcr warme Speisen, raffinierte Vorspeise oder einfach pur serviert \u2013 dieser Kaviar bringt Leichtigkeit und Frische auf den Teller.<\/p>\n","protected":false},"featured_media":1635,"comment_status":"open","ping_status":"closed","template":"","meta":{"_acf_changed":false,"inline_featured_image":false},"product_brand":[],"product_cat":[50,83],"product_tag":[156,158,157],"class_list":{"0":"post-1097","1":"product","2":"type-product","3":"status-publish","4":"has-post-thumbnail","6":"product_cat-all-products","7":"product_cat-red-caviar","8":"product_tag-kaviart-de","9":"product_tag-pisztrang-de","10":"product_tag-pisztrang-kaviart-de","12":"first","13":"instock","14":"taxable","15":"shipping-taxable","16":"purchasable","17":"product-type-simple"},"acf":[],"yoast_head":"<!-- This site is optimized with the Yoast SEO plugin v27.2 - https:\/\/yoast.com\/product\/yoast-seo-wordpress\/ -->\n<title>Forellenkaviar 100 g - Caviar Centurion<\/title>\n<meta name=\"description\" content=\"Bei Centurion Caviar k\u00f6nnen Sie hochwertigen Forellenrogen online kaufen. Es handelt sich um eine Delikatesse von h\u00f6chster Qualit\u00e4t, die zudem zahlreiche gesundheitliche Vorteile bietet.\" \/>\n<meta name=\"robots\" content=\"index, follow, max-snippet:-1, max-image-preview:large, max-video-preview:-1\" \/>\n<link rel=\"canonical\" href=\"https:\/\/caviarcenturion.com\/de\/produkt\/pisztrang-kaviar-100g\/\" \/>\n<meta property=\"og:locale\" content=\"de_DE\" \/>\n<meta property=\"og:type\" content=\"article\" \/>\n<meta property=\"og:title\" content=\"Forellenkaviar 100 g - Caviar Centurion\" \/>\n<meta property=\"og:description\" content=\"Bei Centurion Caviar k\u00f6nnen Sie hochwertigen Forellenrogen online kaufen. Es handelt sich um eine Delikatesse von h\u00f6chster Qualit\u00e4t, die zudem zahlreiche gesundheitliche Vorteile bietet.\" \/>\n<meta property=\"og:url\" content=\"https:\/\/caviarcenturion.com\/de\/produkt\/pisztrang-kaviar-100g\/\" \/>\n<meta property=\"og:site_name\" content=\"Caviar Centurion\" \/>\n<meta property=\"article:modified_time\" content=\"2025-07-21T14:01:34+00:00\" \/>\n<meta property=\"og:image\" content=\"http:\/\/caviarcenturion.com\/wp-content\/uploads\/2025\/05\/forellenkaviar_b1435584-76cd-4027-af73-0078785eedd2.webp\" \/>\n\t<meta property=\"og:image:width\" content=\"640\" \/>\n\t<meta property=\"og:image:height\" content=\"640\" \/>\n\t<meta property=\"og:image:type\" content=\"image\/webp\" \/>\n<meta name=\"twitter:card\" content=\"summary_large_image\" \/>\n<meta name=\"twitter:label1\" content=\"Gesch\u00e4tzte Lesezeit\" \/>\n\t<meta name=\"twitter:data1\" content=\"4\u00a0Minuten\" \/>\n<script type=\"application\/ld+json\" class=\"yoast-schema-graph\">{\"@context\":\"https:\/\/schema.org\",\"@graph\":[{\"@type\":\"WebPage\",\"@id\":\"https:\/\/caviarcenturion.com\/de\/produkt\/pisztrang-kaviar-100g\/\",\"url\":\"https:\/\/caviarcenturion.com\/de\/produkt\/pisztrang-kaviar-100g\/\",\"name\":\"Forellenkaviar 100 g - Caviar Centurion\",\"isPartOf\":{\"@id\":\"https:\/\/caviarcenturion.com\/de\/#website\"},\"primaryImageOfPage\":{\"@id\":\"https:\/\/caviarcenturion.com\/de\/produkt\/pisztrang-kaviar-100g\/#primaryimage\"},\"image\":{\"@id\":\"https:\/\/caviarcenturion.com\/de\/produkt\/pisztrang-kaviar-100g\/#primaryimage\"},\"thumbnailUrl\":\"https:\/\/caviarcenturion.com\/wp-content\/uploads\/2025\/05\/trout.webp\",\"datePublished\":\"2025-05-28T08:56:42+00:00\",\"dateModified\":\"2025-07-21T14:01:34+00:00\",\"description\":\"Bei Centurion Caviar k\u00f6nnen Sie hochwertigen Forellenrogen online kaufen. Es handelt sich um eine Delikatesse von h\u00f6chster Qualit\u00e4t, die zudem zahlreiche gesundheitliche Vorteile bietet.\",\"breadcrumb\":{\"@id\":\"https:\/\/caviarcenturion.com\/de\/produkt\/pisztrang-kaviar-100g\/#breadcrumb\"},\"inLanguage\":\"de\",\"potentialAction\":[{\"@type\":\"ReadAction\",\"target\":[\"https:\/\/caviarcenturion.com\/de\/produkt\/pisztrang-kaviar-100g\/\"]}]},{\"@type\":\"ImageObject\",\"inLanguage\":\"de\",\"@id\":\"https:\/\/caviarcenturion.com\/de\/produkt\/pisztrang-kaviar-100g\/#primaryimage\",\"url\":\"https:\/\/caviarcenturion.com\/wp-content\/uploads\/2025\/05\/trout.webp\",\"contentUrl\":\"https:\/\/caviarcenturion.com\/wp-content\/uploads\/2025\/05\/trout.webp\",\"width\":1080,\"height\":1080},{\"@type\":\"BreadcrumbList\",\"@id\":\"https:\/\/caviarcenturion.com\/de\/produkt\/pisztrang-kaviar-100g\/#breadcrumb\",\"itemListElement\":[{\"@type\":\"ListItem\",\"position\":1,\"name\":\"Home\",\"item\":\"https:\/\/caviarcenturion.com\/de\/\"},{\"@type\":\"ListItem\",\"position\":2,\"name\":\"PRODUKTE\",\"item\":\"https:\/\/caviarcenturion.com\/shop\/\"},{\"@type\":\"ListItem\",\"position\":3,\"name\":\"Forellenkaviar 100 g\"}]},{\"@type\":\"WebSite\",\"@id\":\"https:\/\/caviarcenturion.com\/de\/#website\",\"url\":\"https:\/\/caviarcenturion.com\/de\/\",\"name\":\"Caviar Centurion\",\"description\":\"\",\"potentialAction\":[{\"@type\":\"SearchAction\",\"target\":{\"@type\":\"EntryPoint\",\"urlTemplate\":\"https:\/\/caviarcenturion.com\/de\/?s={search_term_string}\"},\"query-input\":{\"@type\":\"PropertyValueSpecification\",\"valueRequired\":true,\"valueName\":\"search_term_string\"}}],\"inLanguage\":\"de\"}]}<\/script>\n<!-- \/ Yoast SEO plugin. -->","yoast_head_json":{"title":"Forellenkaviar 100 g - Caviar Centurion","description":"Bei Centurion Caviar k\u00f6nnen Sie hochwertigen Forellenrogen online kaufen. Es handelt sich um eine Delikatesse von h\u00f6chster Qualit\u00e4t, die zudem zahlreiche gesundheitliche Vorteile bietet.","robots":{"index":"index","follow":"follow","max-snippet":"max-snippet:-1","max-image-preview":"max-image-preview:large","max-video-preview":"max-video-preview:-1"},"canonical":"https:\/\/caviarcenturion.com\/de\/produkt\/pisztrang-kaviar-100g\/","og_locale":"de_DE","og_type":"article","og_title":"Forellenkaviar 100 g - Caviar Centurion","og_description":"Bei Centurion Caviar k\u00f6nnen Sie hochwertigen Forellenrogen online kaufen. Es handelt sich um eine Delikatesse von h\u00f6chster Qualit\u00e4t, die zudem zahlreiche gesundheitliche Vorteile bietet.","og_url":"https:\/\/caviarcenturion.com\/de\/produkt\/pisztrang-kaviar-100g\/","og_site_name":"Caviar Centurion","article_modified_time":"2025-07-21T14:01:34+00:00","og_image":[{"width":640,"height":640,"url":"http:\/\/caviarcenturion.com\/wp-content\/uploads\/2025\/05\/forellenkaviar_b1435584-76cd-4027-af73-0078785eedd2.webp","type":"image\/webp"}],"twitter_card":"summary_large_image","twitter_misc":{"Gesch\u00e4tzte Lesezeit":"4\u00a0Minuten"},"schema":{"@context":"https:\/\/schema.org","@graph":[{"@type":"WebPage","@id":"https:\/\/caviarcenturion.com\/de\/produkt\/pisztrang-kaviar-100g\/","url":"https:\/\/caviarcenturion.com\/de\/produkt\/pisztrang-kaviar-100g\/","name":"Forellenkaviar 100 g - Caviar Centurion","isPartOf":{"@id":"https:\/\/caviarcenturion.com\/de\/#website"},"primaryImageOfPage":{"@id":"https:\/\/caviarcenturion.com\/de\/produkt\/pisztrang-kaviar-100g\/#primaryimage"},"image":{"@id":"https:\/\/caviarcenturion.com\/de\/produkt\/pisztrang-kaviar-100g\/#primaryimage"},"thumbnailUrl":"https:\/\/caviarcenturion.com\/wp-content\/uploads\/2025\/05\/trout.webp","datePublished":"2025-05-28T08:56:42+00:00","dateModified":"2025-07-21T14:01:34+00:00","description":"Bei Centurion Caviar k\u00f6nnen Sie hochwertigen Forellenrogen online kaufen. Es handelt sich um eine Delikatesse von h\u00f6chster Qualit\u00e4t, die zudem zahlreiche gesundheitliche Vorteile bietet.","breadcrumb":{"@id":"https:\/\/caviarcenturion.com\/de\/produkt\/pisztrang-kaviar-100g\/#breadcrumb"},"inLanguage":"de","potentialAction":[{"@type":"ReadAction","target":["https:\/\/caviarcenturion.com\/de\/produkt\/pisztrang-kaviar-100g\/"]}]},{"@type":"ImageObject","inLanguage":"de","@id":"https:\/\/caviarcenturion.com\/de\/produkt\/pisztrang-kaviar-100g\/#primaryimage","url":"https:\/\/caviarcenturion.com\/wp-content\/uploads\/2025\/05\/trout.webp","contentUrl":"https:\/\/caviarcenturion.com\/wp-content\/uploads\/2025\/05\/trout.webp","width":1080,"height":1080},{"@type":"BreadcrumbList","@id":"https:\/\/caviarcenturion.com\/de\/produkt\/pisztrang-kaviar-100g\/#breadcrumb","itemListElement":[{"@type":"ListItem","position":1,"name":"Home","item":"https:\/\/caviarcenturion.com\/de\/"},{"@type":"ListItem","position":2,"name":"PRODUKTE","item":"https:\/\/caviarcenturion.com\/shop\/"},{"@type":"ListItem","position":3,"name":"Forellenkaviar 100 g"}]},{"@type":"WebSite","@id":"https:\/\/caviarcenturion.com\/de\/#website","url":"https:\/\/caviarcenturion.com\/de\/","name":"Caviar Centurion","description":"","potentialAction":[{"@type":"SearchAction","target":{"@type":"EntryPoint","urlTemplate":"https:\/\/caviarcenturion.com\/de\/?s={search_term_string}"},"query-input":{"@type":"PropertyValueSpecification","valueRequired":true,"valueName":"search_term_string"}}],"inLanguage":"de"}]}},"_links":{"self":[{"href":"https:\/\/caviarcenturion.com\/de\/wp-json\/wp\/v2\/product\/1097","targetHints":{"allow":["GET"]}}],"collection":[{"href":"https:\/\/caviarcenturion.com\/de\/wp-json\/wp\/v2\/product"}],"about":[{"href":"https:\/\/caviarcenturion.com\/de\/wp-json\/wp\/v2\/types\/product"}],"replies":[{"embeddable":true,"href":"https:\/\/caviarcenturion.com\/de\/wp-json\/wp\/v2\/comments?post=1097"}],"wp:featuredmedia":[{"embeddable":true,"href":"https:\/\/caviarcenturion.com\/de\/wp-json\/wp\/v2\/media\/1635"}],"wp:attachment":[{"href":"https:\/\/caviarcenturion.com\/de\/wp-json\/wp\/v2\/media?parent=1097"}],"wp:term":[{"taxonomy":"product_brand","embeddable":true,"href":"https:\/\/caviarcenturion.com\/de\/wp-json\/wp\/v2\/product_brand?post=1097"},{"taxonomy":"product_cat","embeddable":true,"href":"https:\/\/caviarcenturion.com\/de\/wp-json\/wp\/v2\/product_cat?post=1097"},{"taxonomy":"product_tag","embeddable":true,"href":"https:\/\/caviarcenturion.com\/de\/wp-json\/wp\/v2\/product_tag?post=1097"}],"curies":[{"name":"wp","href":"https:\/\/api.w.org\/{rel}","templated":true}]}}