{"id":1666,"date":"2025-09-01T10:32:51","date_gmt":"2025-09-01T08:32:51","guid":{"rendered":"https:\/\/caviarcenturion.com\/?post_type=product&#038;p=1666"},"modified":"2026-03-18T09:40:51","modified_gmt":"2026-03-18T07:40:51","slug":"centurion-wooden-box-with-4-varieties","status":"publish","type":"product","link":"https:\/\/caviarcenturion.com\/de\/produkt\/centurion-wooden-box-with-4-varieties\/","title":{"rendered":"Caviar Centurion \u2013 Auswahl (4 Sorten) \u2013 Edle Holzbox"},"content":{"rendered":"<h1 data-start=\"0\" data-end=\"45\"><strong data-start=\"0\" data-end=\"43\">Centurion Premium Auswahl mit vier Kaviarsorten<\/strong><\/h1>\n<h2 data-start=\"47\" data-end=\"90\"><strong data-start=\"47\" data-end=\"88\">Was ist die Caviar Centurion-Auswahl?<\/strong><\/h2>\n<p data-start=\"92\" data-end=\"479\">Entdecken Sie das Angebot von Caviar Centurion mit diesem eleganten Probier-Set, das sorgf\u00e4ltig ausgew\u00e4hlte Rogen von Premium-St\u00f6rarten enth\u00e4lt. Die perfekte Wahl sowohl f\u00fcr Kaviar-Liebhaber als auch f\u00fcr diejenigen, die diese besondere Delikatesse gerade kennenlernen. Die Auswahl umfasst vier erstklassige Sorten: Beluga-Kaviar, Imperial-Kaviar, Osietra-Kaviar und Sibirischen Kaviar.<\/p>\n<h2 data-start=\"481\" data-end=\"541\"><strong data-start=\"481\" data-end=\"539\">Was befindet sich in der Caviar Centurion-Geschenkbox?<\/strong><\/h2>\n<p data-start=\"543\" data-end=\"633\">Diese exklusive Auswahl bietet ein verfeinertes Verkostungserlebnis. Der Inhalt der Box:<\/p>\n<ul>\n<li data-start=\"637\" data-end=\"799\"><strong data-start=\"637\" data-end=\"657\">Centurion Beluga<\/strong> \u2013 Einmal Beluga, immer Beluga. Dieser unglaublich cremige und aromatische Kaviar verspricht maximalen Genuss, den Sie nicht missen m\u00f6chten.<\/li>\n<li data-start=\"802\" data-end=\"951\"><strong data-start=\"802\" data-end=\"824\">Centurion Imperial<\/strong> \u2013 Unter Feinschmeckern der edelste der Edlen. Gleichzeitig ideal f\u00fcr Kaviar-Einsteiger. Der Imperial ist unser \u201eAllrounder\u201c!<\/li>\n<li data-start=\"954\" data-end=\"1109\"><strong data-start=\"954\" data-end=\"975\">Centurion Osietra<\/strong> \u2013 Kleinere K\u00f6rnung, aber herrlich nussiger Geschmack und gro\u00dfartiges Farbspiel. Der Osietra verk\u00f6rpert die klassische Kaviarkultur!<\/li>\n<li data-start=\"1112\" data-end=\"1272\"><strong data-start=\"1112\" data-end=\"1134\">Centurion Sibirian<\/strong> \u2013 Elegant, vielschichtig und sehr aromatisch. Unser Sibirischer Kaviar ist perfekt f\u00fcr alle, die ein intensives Kaviar-Erlebnis lieben.<\/li>\n<\/ul>\n<p data-start=\"1274\" data-end=\"1307\">Dar\u00fcber hinaus enth\u00e4lt die Box:<\/p>\n<ul>\n<li data-start=\"1310\" data-end=\"1412\"><strong data-start=\"1310\" data-end=\"1330\">2 Perlmuttl\u00f6ffel<\/strong> \u2013 Bewahren den nat\u00fcrlichen Geschmack des Kaviars ohne metallischen Beigeschmack<\/li>\n<li data-start=\"1415\" data-end=\"1487\"><strong data-start=\"1415\" data-end=\"1436\">1 Perlmutt-Teller<\/strong> \u2013 F\u00fcr eine elegante und hochwertige Pr\u00e4sentation<\/li>\n<li data-start=\"1490\" data-end=\"1562\"><strong data-start=\"1490\" data-end=\"1507\">1 Dosen\u00f6ffner<\/strong> \u2013 Erm\u00f6glicht sicheres und einfaches \u00d6ffnen der Dosen<\/li>\n<\/ul>\n<h2 data-start=\"1564\" data-end=\"1623\"><strong data-start=\"1564\" data-end=\"1621\">Warum sind die richtigen Kaviar-Zubeh\u00f6rteile wichtig?<\/strong><\/h2>\n<p data-start=\"1625\" data-end=\"1895\">Premium-Kaviar erfordert besondere Sorgfalt. Wenige wissen, dass das Material des Zubeh\u00f6rs den Geschmack beeinflussen kann \u2013 Metall kann das empfindliche Aroma ver\u00e4ndern. Deshalb enth\u00e4lt die Centurion-Box <a href=\"https:\/\/caviarcenturion.com\/de\/produkt\/gyongyhaz-kanal\/\" target=\"_blank\" rel=\"noopener\">Perlmuttl\u00f6ffel<\/a>, die Geschmack und Textur unverf\u00e4lscht bewahren.<\/p>\n<p data-start=\"1897\" data-end=\"2120\">Der Dosen\u00f6ffner sorgt daf\u00fcr, dass die Dosen pr\u00e4zise, sicher und ohne Luftkontakt ge\u00f6ffnet werden \u2013 so bleiben Geschmack und Frische erhalten. Mit diesen professionellen Utensilien wird das Erlebnis wirklich unvergesslich.<\/p>\n<h2 data-start=\"2122\" data-end=\"2185\"><strong data-start=\"2122\" data-end=\"2183\">Welche gesundheitlichen Vorteile bietet Centurion-Kaviar?<\/strong><\/h2>\n<p data-start=\"2187\" data-end=\"2387\">Der Inhalt der Caviar Centurion-Geschenkbox ist nicht nur eine Delikatesse, sondern auch eine wertvolle N\u00e4hrstoffquelle. Jede Sorte \u2013 Beluga, Imperial, Osietra und Sibirischer Kaviar \u2013 ist reich an:<\/p>\n<ul>\n<li data-start=\"2391\" data-end=\"2412\">Hochwertigem Eiwei\u00df<\/li>\n<li data-start=\"2415\" data-end=\"2435\">Omega-3-Fetts\u00e4uren<\/li>\n<li data-start=\"2438\" data-end=\"2539\">Wichtigen Vitaminen und Mineralstoffen wie Vitamin B12, Vitamin D, Eisen, Zink, Magnesium und Selen<\/li>\n<\/ul>\n<p data-start=\"2541\" data-end=\"2766\">Diese N\u00e4hrstoffe unterst\u00fctzen die Herzgesundheit, f\u00f6rdern die Gehirnfunktion und st\u00e4rken das Immunsystem. Kaviar ist somit nicht nur ein kulinarischer Genuss, sondern kann auch ein nahrhafter Bestandteil der Ern\u00e4hrung sein.<\/p>\n<h2 data-start=\"2768\" data-end=\"2797\"><strong data-start=\"2768\" data-end=\"2795\">Warum Caviar Centurion?<\/strong><\/h2>\n<p data-start=\"2799\" data-end=\"3026\">Caviar Centurion ist stolz darauf, die besten St\u00f6rrogen ohne Kompromisse bei Qualit\u00e4t und Service anzubieten. Die Caviar Centurion-Geschenkbox ist ein perfektes Beispiel daf\u00fcr, wie Luxus, Geschmack und Eleganz zusammenfinden.<\/p>\n<h2 data-start=\"3028\" data-end=\"3091\"><strong data-start=\"3028\" data-end=\"3089\">Warum sollte man die Caviar Centurion-Geschenkbox w\u00e4hlen?<\/strong><\/h2>\n<p data-start=\"3093\" data-end=\"3385\" data-is-last-node=\"\" data-is-only-node=\"\">Die Centurion-Auswahl stellt sicher, dass jede Box den bestm\u00f6glichen St\u00f6rrogen enth\u00e4lt. Unsere <a href=\"https:\/\/caviarcenturion.com\/de\/produkt-kategorie\/products\/caviar\/\" target=\"_blank\" rel=\"noopener\">Kaviarsorten<\/a> bieten komplexe, meisterhaft komponierte Geschmacksprofile. F\u00fcr jeden Anlass ist diese Geschenkbox eine elegante Zusammenstellung der besten Sorten in einem stilvoll gestalteten Paket.<\/p>\n","protected":false},"excerpt":{"rendered":"<h1><strong>Kaviar- Spezialit\u00e4ten in exklusiven Varianten<\/strong><\/h1>\n<p data-start=\"48\" data-end=\"221\">Unsere Auswahl f\u00fcr Feinschmecker enth\u00e4lt vier erstklassige Kaviar-Sorten in einer eleganten Geschenkbox aus Holz \u2013 perfekt als Geschenk oder zum eigenen Genuss. Der Inhalt der Box:<\/p>\n<p data-start=\"223\" data-end=\"510\"><strong data-start=\"223\" data-end=\"240\">Beluga-Kaviar<\/strong> \u2013 au\u00dfergew\u00f6hnlich cremig und aromatisch<br data-start=\"280\" data-end=\"283\" \/><strong data-start=\"283\" data-end=\"302\">Imperial-Kaviar<\/strong> \u2013 mild, ausgewogen im Geschmack, ideal f\u00fcr Kaviar-Einsteiger<br data-start=\"363\" data-end=\"366\" data-is-only-node=\"\" \/><strong data-start=\"366\" data-end=\"384\">Osietra-Kaviar<\/strong> \u2013 nussiger Geschmack mit charakteristischem Farbspiel<br data-start=\"438\" data-end=\"441\" \/><strong data-start=\"441\" data-end=\"463\">Sibirischer Kaviar<\/strong> \u2013 intensiv, elegant und besonders aromatisch<\/p>\n<p data-start=\"512\" data-end=\"801\" data-is-last-node=\"\" data-is-only-node=\"\">Dazu erhalten Sie zwei hochwertige Perlmuttl\u00f6ffel, einen Perlmutt-Teller und einen praktischen Dosen\u00f6ffner. Erh\u00e4ltlich in 30\u202fg oder 50\u202fg Dosen. Geschmackvoll und elegant als Geschenk. Alternativ k\u00f6nnen Sie auch unsere <a href=\"https:\/\/caviarcenturion.com\/de\/produkt\/centurion-gourmet-box-with-4-varieties\/\" target=\"_blank\" rel=\"noopener\">Centurion-Auswahl<\/a> w\u00e4hlen, die ebenfalls vier Kaviarsorten enth\u00e4lt.<\/p>\n","protected":false},"featured_media":1689,"comment_status":"open","ping_status":"closed","template":"","meta":{"_acf_changed":false,"inline_featured_image":false},"product_brand":[],"product_cat":[50,79],"product_tag":[],"class_list":{"0":"post-1666","1":"product","2":"type-product","3":"status-publish","4":"has-post-thumbnail","6":"product_cat-all-products","7":"product_cat-sets","9":"first","10":"instock","11":"taxable","12":"shipping-taxable","13":"purchasable","14":"product-type-variable"},"acf":[],"yoast_head":"<!-- This site is optimized with the Yoast SEO plugin v27.2 - https:\/\/yoast.com\/product\/yoast-seo-wordpress\/ -->\n<title>Caviar Centurion \u2013 Auswahl (4 Sorten) \u2013 Edle Holzbox - Caviar Centurion<\/title>\n<meta name=\"description\" content=\"Das Caviar Centurion-Geschenk besteht aus hochwertigem St\u00f6rrogen und Gourmet-Beilagen. Es handelt sich um ein Set aus hochwertigen Delikatessen, das zahlreiche gesundheitliche Vorteile bietet.\" \/>\n<meta name=\"robots\" content=\"index, follow, max-snippet:-1, max-image-preview:large, max-video-preview:-1\" \/>\n<link rel=\"canonical\" href=\"https:\/\/caviarcenturion.com\/de\/produkt\/centurion-wooden-box-with-4-varieties\/\" \/>\n<meta property=\"og:locale\" content=\"de_DE\" \/>\n<meta property=\"og:type\" content=\"article\" \/>\n<meta property=\"og:title\" content=\"Caviar Centurion \u2013 Auswahl (4 Sorten) \u2013 Edle Holzbox - Caviar Centurion\" \/>\n<meta property=\"og:description\" content=\"Das Caviar Centurion-Geschenk besteht aus hochwertigem St\u00f6rrogen und Gourmet-Beilagen. Es handelt sich um ein Set aus hochwertigen Delikatessen, das zahlreiche gesundheitliche Vorteile bietet.\" \/>\n<meta property=\"og:url\" content=\"https:\/\/caviarcenturion.com\/de\/produkt\/centurion-wooden-box-with-4-varieties\/\" \/>\n<meta property=\"og:site_name\" content=\"Caviar Centurion\" \/>\n<meta property=\"article:modified_time\" content=\"2026-03-18T07:40:51+00:00\" \/>\n<meta property=\"og:image\" content=\"http:\/\/caviarcenturion.com\/wp-content\/uploads\/2025\/09\/open-with-plate.webp\" \/>\n\t<meta property=\"og:image:width\" content=\"1080\" \/>\n\t<meta property=\"og:image:height\" content=\"1080\" \/>\n\t<meta property=\"og:image:type\" content=\"image\/webp\" \/>\n<meta name=\"twitter:card\" content=\"summary_large_image\" \/>\n<meta name=\"twitter:label1\" content=\"Gesch\u00e4tzte Lesezeit\" \/>\n\t<meta name=\"twitter:data1\" content=\"2\u00a0Minuten\" \/>\n<script type=\"application\/ld+json\" class=\"yoast-schema-graph\">{\"@context\":\"https:\/\/schema.org\",\"@graph\":[{\"@type\":\"WebPage\",\"@id\":\"https:\/\/caviarcenturion.com\/de\/produkt\/centurion-wooden-box-with-4-varieties\/\",\"url\":\"https:\/\/caviarcenturion.com\/de\/produkt\/centurion-wooden-box-with-4-varieties\/\",\"name\":\"Caviar Centurion \u2013 Auswahl (4 Sorten) \u2013 Edle Holzbox - Caviar Centurion\",\"isPartOf\":{\"@id\":\"https:\/\/caviarcenturion.com\/de\/#website\"},\"primaryImageOfPage\":{\"@id\":\"https:\/\/caviarcenturion.com\/de\/produkt\/centurion-wooden-box-with-4-varieties\/#primaryimage\"},\"image\":{\"@id\":\"https:\/\/caviarcenturion.com\/de\/produkt\/centurion-wooden-box-with-4-varieties\/#primaryimage\"},\"thumbnailUrl\":\"https:\/\/caviarcenturion.com\/wp-content\/uploads\/2025\/09\/open-with-plate.webp\",\"datePublished\":\"2025-09-01T08:32:51+00:00\",\"dateModified\":\"2026-03-18T07:40:51+00:00\",\"description\":\"Das Caviar Centurion-Geschenk besteht aus hochwertigem St\u00f6rrogen und Gourmet-Beilagen. Es handelt sich um ein Set aus hochwertigen Delikatessen, das zahlreiche gesundheitliche Vorteile bietet.\",\"breadcrumb\":{\"@id\":\"https:\/\/caviarcenturion.com\/de\/produkt\/centurion-wooden-box-with-4-varieties\/#breadcrumb\"},\"inLanguage\":\"de\",\"potentialAction\":[{\"@type\":\"ReadAction\",\"target\":[\"https:\/\/caviarcenturion.com\/de\/produkt\/centurion-wooden-box-with-4-varieties\/\"]}]},{\"@type\":\"ImageObject\",\"inLanguage\":\"de\",\"@id\":\"https:\/\/caviarcenturion.com\/de\/produkt\/centurion-wooden-box-with-4-varieties\/#primaryimage\",\"url\":\"https:\/\/caviarcenturion.com\/wp-content\/uploads\/2025\/09\/open-with-plate.webp\",\"contentUrl\":\"https:\/\/caviarcenturion.com\/wp-content\/uploads\/2025\/09\/open-with-plate.webp\",\"width\":1080,\"height\":1080},{\"@type\":\"BreadcrumbList\",\"@id\":\"https:\/\/caviarcenturion.com\/de\/produkt\/centurion-wooden-box-with-4-varieties\/#breadcrumb\",\"itemListElement\":[{\"@type\":\"ListItem\",\"position\":1,\"name\":\"Home\",\"item\":\"https:\/\/caviarcenturion.com\/de\/\"},{\"@type\":\"ListItem\",\"position\":2,\"name\":\"PRODUKTE\",\"item\":\"https:\/\/caviarcenturion.com\/shop\/\"},{\"@type\":\"ListItem\",\"position\":3,\"name\":\"Caviar Centurion \u2013 Auswahl (4 Sorten) \u2013 Edle Holzbox\"}]},{\"@type\":\"WebSite\",\"@id\":\"https:\/\/caviarcenturion.com\/de\/#website\",\"url\":\"https:\/\/caviarcenturion.com\/de\/\",\"name\":\"Caviar Centurion\",\"description\":\"\",\"potentialAction\":[{\"@type\":\"SearchAction\",\"target\":{\"@type\":\"EntryPoint\",\"urlTemplate\":\"https:\/\/caviarcenturion.com\/de\/?s={search_term_string}\"},\"query-input\":{\"@type\":\"PropertyValueSpecification\",\"valueRequired\":true,\"valueName\":\"search_term_string\"}}],\"inLanguage\":\"de\"}]}<\/script>\n<!-- \/ Yoast SEO plugin. -->","yoast_head_json":{"title":"Caviar Centurion \u2013 Auswahl (4 Sorten) \u2013 Edle Holzbox - Caviar Centurion","description":"Das Caviar Centurion-Geschenk besteht aus hochwertigem St\u00f6rrogen und Gourmet-Beilagen. Es handelt sich um ein Set aus hochwertigen Delikatessen, das zahlreiche gesundheitliche Vorteile bietet.","robots":{"index":"index","follow":"follow","max-snippet":"max-snippet:-1","max-image-preview":"max-image-preview:large","max-video-preview":"max-video-preview:-1"},"canonical":"https:\/\/caviarcenturion.com\/de\/produkt\/centurion-wooden-box-with-4-varieties\/","og_locale":"de_DE","og_type":"article","og_title":"Caviar Centurion \u2013 Auswahl (4 Sorten) \u2013 Edle Holzbox - Caviar Centurion","og_description":"Das Caviar Centurion-Geschenk besteht aus hochwertigem St\u00f6rrogen und Gourmet-Beilagen. Es handelt sich um ein Set aus hochwertigen Delikatessen, das zahlreiche gesundheitliche Vorteile bietet.","og_url":"https:\/\/caviarcenturion.com\/de\/produkt\/centurion-wooden-box-with-4-varieties\/","og_site_name":"Caviar Centurion","article_modified_time":"2026-03-18T07:40:51+00:00","og_image":[{"width":1080,"height":1080,"url":"http:\/\/caviarcenturion.com\/wp-content\/uploads\/2025\/09\/open-with-plate.webp","type":"image\/webp"}],"twitter_card":"summary_large_image","twitter_misc":{"Gesch\u00e4tzte Lesezeit":"2\u00a0Minuten"},"schema":{"@context":"https:\/\/schema.org","@graph":[{"@type":"WebPage","@id":"https:\/\/caviarcenturion.com\/de\/produkt\/centurion-wooden-box-with-4-varieties\/","url":"https:\/\/caviarcenturion.com\/de\/produkt\/centurion-wooden-box-with-4-varieties\/","name":"Caviar Centurion \u2013 Auswahl (4 Sorten) \u2013 Edle Holzbox - Caviar Centurion","isPartOf":{"@id":"https:\/\/caviarcenturion.com\/de\/#website"},"primaryImageOfPage":{"@id":"https:\/\/caviarcenturion.com\/de\/produkt\/centurion-wooden-box-with-4-varieties\/#primaryimage"},"image":{"@id":"https:\/\/caviarcenturion.com\/de\/produkt\/centurion-wooden-box-with-4-varieties\/#primaryimage"},"thumbnailUrl":"https:\/\/caviarcenturion.com\/wp-content\/uploads\/2025\/09\/open-with-plate.webp","datePublished":"2025-09-01T08:32:51+00:00","dateModified":"2026-03-18T07:40:51+00:00","description":"Das Caviar Centurion-Geschenk besteht aus hochwertigem St\u00f6rrogen und Gourmet-Beilagen. Es handelt sich um ein Set aus hochwertigen Delikatessen, das zahlreiche gesundheitliche Vorteile bietet.","breadcrumb":{"@id":"https:\/\/caviarcenturion.com\/de\/produkt\/centurion-wooden-box-with-4-varieties\/#breadcrumb"},"inLanguage":"de","potentialAction":[{"@type":"ReadAction","target":["https:\/\/caviarcenturion.com\/de\/produkt\/centurion-wooden-box-with-4-varieties\/"]}]},{"@type":"ImageObject","inLanguage":"de","@id":"https:\/\/caviarcenturion.com\/de\/produkt\/centurion-wooden-box-with-4-varieties\/#primaryimage","url":"https:\/\/caviarcenturion.com\/wp-content\/uploads\/2025\/09\/open-with-plate.webp","contentUrl":"https:\/\/caviarcenturion.com\/wp-content\/uploads\/2025\/09\/open-with-plate.webp","width":1080,"height":1080},{"@type":"BreadcrumbList","@id":"https:\/\/caviarcenturion.com\/de\/produkt\/centurion-wooden-box-with-4-varieties\/#breadcrumb","itemListElement":[{"@type":"ListItem","position":1,"name":"Home","item":"https:\/\/caviarcenturion.com\/de\/"},{"@type":"ListItem","position":2,"name":"PRODUKTE","item":"https:\/\/caviarcenturion.com\/shop\/"},{"@type":"ListItem","position":3,"name":"Caviar Centurion \u2013 Auswahl (4 Sorten) \u2013 Edle Holzbox"}]},{"@type":"WebSite","@id":"https:\/\/caviarcenturion.com\/de\/#website","url":"https:\/\/caviarcenturion.com\/de\/","name":"Caviar Centurion","description":"","potentialAction":[{"@type":"SearchAction","target":{"@type":"EntryPoint","urlTemplate":"https:\/\/caviarcenturion.com\/de\/?s={search_term_string}"},"query-input":{"@type":"PropertyValueSpecification","valueRequired":true,"valueName":"search_term_string"}}],"inLanguage":"de"}]}},"_links":{"self":[{"href":"https:\/\/caviarcenturion.com\/de\/wp-json\/wp\/v2\/product\/1666","targetHints":{"allow":["GET"]}}],"collection":[{"href":"https:\/\/caviarcenturion.com\/de\/wp-json\/wp\/v2\/product"}],"about":[{"href":"https:\/\/caviarcenturion.com\/de\/wp-json\/wp\/v2\/types\/product"}],"replies":[{"embeddable":true,"href":"https:\/\/caviarcenturion.com\/de\/wp-json\/wp\/v2\/comments?post=1666"}],"wp:featuredmedia":[{"embeddable":true,"href":"https:\/\/caviarcenturion.com\/de\/wp-json\/wp\/v2\/media\/1689"}],"wp:attachment":[{"href":"https:\/\/caviarcenturion.com\/de\/wp-json\/wp\/v2\/media?parent=1666"}],"wp:term":[{"taxonomy":"product_brand","embeddable":true,"href":"https:\/\/caviarcenturion.com\/de\/wp-json\/wp\/v2\/product_brand?post=1666"},{"taxonomy":"product_cat","embeddable":true,"href":"https:\/\/caviarcenturion.com\/de\/wp-json\/wp\/v2\/product_cat?post=1666"},{"taxonomy":"product_tag","embeddable":true,"href":"https:\/\/caviarcenturion.com\/de\/wp-json\/wp\/v2\/product_tag?post=1666"}],"curies":[{"name":"wp","href":"https:\/\/api.w.org\/{rel}","templated":true}]}}