{"id":1701,"date":"2025-09-01T11:42:52","date_gmt":"2025-09-01T09:42:52","guid":{"rendered":"https:\/\/caviarcenturion.com\/?post_type=product&#038;p=1701"},"modified":"2025-12-09T13:27:56","modified_gmt":"2025-12-09T11:27:56","slug":"centurion-box-one-variety","status":"publish","type":"product","link":"https:\/\/caviarcenturion.com\/de\/produkt\/centurion-box-one-variety\/","title":{"rendered":"Centurion Kaviar Geschenkbox aus Holz"},"content":{"rendered":"<h1 data-start=\"84\" data-end=\"175\"><strong data-start=\"84\" data-end=\"129\">Premium-Kaviar in einer eleganten Holzbox<\/strong><\/h1>\n<h2 data-start=\"84\" data-end=\"175\"><strong data-start=\"132\" data-end=\"173\">Was ist die Caviar Centurion Auswahl?<\/strong><\/h2>\n<p data-start=\"177\" data-end=\"514\">Entdecken Sie das exklusive Angebot von Caviar Centurion in einer eleganten Holzbox, in der Sie eine Kaviar-Sorte frei w\u00e4hlen k\u00f6nnen. Ideal, um sich selbst mit einer Premium-Delikatesse zu verw\u00f6hnen oder stilvoll zu verschenken. Verf\u00fcgbare Sorten: Beluga, Imperial, Osietra, Sibirischer oder Kaluga-Kaviar, jeweils in einer 125\u202fg Dose.<\/p>\n<h2 data-start=\"516\" data-end=\"576\"><strong data-start=\"516\" data-end=\"574\">Was befindet sich in der Caviar Centurion Geschenkbox?<\/strong><\/h2>\n<p data-start=\"578\" data-end=\"644\">Die Box enth\u00e4lt Ihren gew\u00e4hlten Kaviar aus den folgenden Sorten:<\/p>\n<ul data-start=\"646\" data-end=\"1372\">\n<li data-start=\"646\" data-end=\"825\">\n<p data-start=\"648\" data-end=\"825\"><strong data-start=\"648\" data-end=\"668\">Centurion Beluga<\/strong> \u2013 Einmal Beluga, immer Beluga. Dieser au\u00dfergew\u00f6hnlich cremige und aromatische Kaviar bietet h\u00f6chsten kulinarischen Genuss, den man nicht verpassen sollte.<\/p>\n<\/li>\n<li data-start=\"826\" data-end=\"976\">\n<p data-start=\"828\" data-end=\"976\"><strong data-start=\"828\" data-end=\"850\">Centurion Imperial<\/strong> \u2013 Der Edelste unter den Feinschmecker-Klassikern und zugleich ideal f\u00fcr Kaviar-Einsteiger. Imperial ist unser \u201eAllrounder\u201c!<\/p>\n<\/li>\n<li data-start=\"977\" data-end=\"1133\">\n<p data-start=\"979\" data-end=\"1133\"><strong data-start=\"979\" data-end=\"1000\">Centurion Osietra<\/strong> \u2013 Feinere K\u00f6rnung mit angenehmem nussigem Geschmack und einem sch\u00f6nen Farbenspiel. Osietra verk\u00f6rpert die klassische Kaviarkultur.<\/p>\n<\/li>\n<li data-start=\"1134\" data-end=\"1297\">\n<p data-start=\"1136\" data-end=\"1297\"><strong data-start=\"1136\" data-end=\"1159\">Centurion Sibirisch<\/strong> \u2013 Elegant, vielschichtig und sehr aromatisch. Unser Sibirischer Kaviar ist perfekt f\u00fcr alle, die ein intensives Kaviar-Erlebnis lieben.<\/p>\n<\/li>\n<li data-start=\"1298\" data-end=\"1372\">\n<p data-start=\"1300\" data-end=\"1372\"><strong data-start=\"1300\" data-end=\"1320\">Centurion Kaluga<\/strong> \u2013 Leicht s\u00fc\u00dflicher Geschmack mit cremiger Textur.<\/p>\n<\/li>\n<\/ul>\n<p data-start=\"1374\" data-end=\"1433\">Doch das ist noch nicht alles \u2013 die Box enth\u00e4lt au\u00dferdem:<\/p>\n<ul data-start=\"1435\" data-end=\"1696\">\n<li data-start=\"1435\" data-end=\"1540\">\n<p data-start=\"1437\" data-end=\"1540\"><strong data-start=\"1437\" data-end=\"1457\">2 Perlmuttl\u00f6ffel<\/strong> \u2013 Bewahren den nat\u00fcrlichen Geschmack des Kaviars ohne metallischen Beigeschmack.<\/p>\n<\/li>\n<li data-start=\"1541\" data-end=\"1616\">\n<p data-start=\"1543\" data-end=\"1616\"><strong data-start=\"1543\" data-end=\"1564\">1 Perlmutt-Teller<\/strong> \u2013 F\u00fcr eine elegante und hochwertige Pr\u00e4sentation.<\/p>\n<\/li>\n<li data-start=\"1617\" data-end=\"1696\">\n<p data-start=\"1619\" data-end=\"1696\"><strong data-start=\"1619\" data-end=\"1636\">1 Dosen\u00f6ffner<\/strong> \u2013 Erleichtert ein sicheres und einfaches \u00d6ffnen der Dose.<\/p>\n<\/li>\n<\/ul>\n<h2 data-start=\"1698\" data-end=\"1760\"><strong data-start=\"1698\" data-end=\"1758\">Warum sind die richtigen Accessoires f\u00fcr Kaviar wichtig?<\/strong><\/h2>\n<p data-start=\"1762\" data-end=\"2071\">Premium-Kaviar erfordert besondere Pflege. Wenige wissen, dass auch das Material der Servierutensilien den Geschmack beeinflussen kann \u2013 Metall beispielsweise kann das empfindliche Aroma ver\u00e4ndern. Deshalb enth\u00e4lt die Centurion-Box <a href=\"https:\/\/caviarcenturion.com\/de\/produkt\/gyongyhaz-kanal\/\" target=\"_blank\" rel=\"noopener\">Perlmuttl\u00f6ffel<\/a>, die den Geschmack und die Konsistenz unverf\u00e4lscht erhalten.<\/p>\n<p data-start=\"2073\" data-end=\"2303\">Der Dosen\u00f6ffner sorgt daf\u00fcr, dass die Dosen pr\u00e4zise, sicher und ohne Luftkontakt ge\u00f6ffnet werden \u2013 so bleiben Geschmack und Frische erhalten. Mit diesen professionellen Werkzeugen wird das Kaviar-Erlebnis wirklich unvergesslich.<\/p>\n<h2 data-start=\"2305\" data-end=\"2357\"><strong data-start=\"2305\" data-end=\"2355\">Gesundheitliche Vorteile des Centurion Kaviars<\/strong><\/h2>\n<p data-start=\"2359\" data-end=\"2559\">Die Caviar Centurion Geschenkbox ist nicht nur ein Genuss f\u00fcr Feinschmecker, sondern auch eine wertvolle N\u00e4hrstoffquelle. Jede Sorte \u2013 Beluga, Imperial, Osietra, Sibirisch und Kaluga \u2013 ist reich an:<\/p>\n<ul data-start=\"2561\" data-end=\"2696\">\n<li data-start=\"2561\" data-end=\"2585\">\n<p data-start=\"2563\" data-end=\"2585\">Hochwertigem Protein<\/p>\n<\/li>\n<li data-start=\"2586\" data-end=\"2608\">\n<p data-start=\"2588\" data-end=\"2608\">Omega-3-Fetts\u00e4uren<\/p>\n<\/li>\n<li data-start=\"2609\" data-end=\"2696\">\n<p data-start=\"2611\" data-end=\"2696\">Wichtigen Vitaminen und Mineralstoffen wie B12, D, Eisen, Zink, Magnesium und Selen<\/p>\n<\/li>\n<\/ul>\n<p data-start=\"2698\" data-end=\"2923\">Diese Inhaltsstoffe unterst\u00fctzen die Herzgesundheit, f\u00f6rdern die Gehirnfunktion und st\u00e4rken das Immunsystem. Kaviar ist somit nicht nur kulinarischer Genuss, sondern kann auch eine nahrhafte Bereicherung der Ern\u00e4hrung sein.<\/p>\n<h2 data-start=\"2925\" data-end=\"2954\"><strong data-start=\"2925\" data-end=\"2952\">Warum Caviar Centurion?<\/strong><\/h2>\n<p data-start=\"2956\" data-end=\"3200\">Caviar Centurion ist stolz darauf, den feinsten St\u00f6rkaviar in kompromissloser Qualit\u00e4t und mit exzellentem Service anzubieten. Die Caviar Centurion Geschenkbox ist ein perfektes Beispiel daf\u00fcr, wie Luxus, Geschmack und Eleganz zusammenfinden.<\/p>\n<h2 data-start=\"3202\" data-end=\"3254\"><strong data-start=\"3202\" data-end=\"3252\">Warum die Caviar Centurion Geschenkbox w\u00e4hlen?<\/strong><\/h2>\n<p data-start=\"3256\" data-end=\"3530\">Die Caviar Centurion Auswahl garantiert, dass jede Box den bestm\u00f6glichen St\u00f6rkaviar enth\u00e4lt. Unsere <a href=\"https:\/\/caviarcenturion.com\/de\/produkt-kategorie\/products\/caviar\/\" target=\"_blank\" rel=\"noopener\">Kaviarsorten<\/a> bieten komplexe, meisterhaft komponierte Aromen. F\u00fcr jeden Anlass fasst diese Geschenkbox die besten Sorten in einem elegant zusammengestellten Paket zusammen.<\/p>\n","protected":false},"excerpt":{"rendered":"<h1>Premium-Kaviar in eleganter Holzbox<\/h1>\n<p data-start=\"117\" data-end=\"305\">Unsere Gourmet-Auswahl wird in einer eleganten Holzbox angeboten, in der Sie eine Kaviarsorte frei w\u00e4hlen k\u00f6nnen \u2013 perfekt als Geschenk oder f\u00fcr den eigenen Genuss. Die w\u00e4hlbaren Sorten:<\/p>\n<ul data-start=\"307\" data-end=\"666\">\n<li data-start=\"307\" data-end=\"368\">\n<p data-start=\"309\" data-end=\"368\"><strong data-start=\"309\" data-end=\"326\">Beluga-Kaviar<\/strong> \u2013 au\u00dfergew\u00f6hnlich cremig und aromatisch<\/p>\n<\/li>\n<li data-start=\"369\" data-end=\"454\">\n<p data-start=\"371\" data-end=\"454\"><strong data-start=\"371\" data-end=\"390\">Imperial-Kaviar<\/strong> \u2013 milder, ausgewogener Geschmack, ideal f\u00fcr Kaviar-Einsteiger<\/p>\n<\/li>\n<li data-start=\"455\" data-end=\"531\">\n<p data-start=\"457\" data-end=\"531\"><strong data-start=\"457\" data-end=\"475\">Osietra-Kaviar<\/strong> \u2013 nussiger Geschmack mit charakteristischer Farbspiel<\/p>\n<\/li>\n<li data-start=\"532\" data-end=\"603\">\n<p data-start=\"534\" data-end=\"603\"><strong data-start=\"534\" data-end=\"556\">Sibirischer Kaviar<\/strong> \u2013 intensiv, elegant und besonders aromatisch<\/p>\n<\/li>\n<li data-start=\"604\" data-end=\"666\">\n<p data-start=\"606\" data-end=\"666\"><strong data-start=\"606\" data-end=\"623\">Kaluga-Kaviar<\/strong> \u2013 leicht s\u00fc\u00dfer Geschmack, cremige Textur<\/p>\n<\/li>\n<\/ul>\n<p data-start=\"668\" data-end=\"868\">Dazu erhalten Sie zwei hochwertige Perlmuttl\u00f6ffel, einen Perlmutt-Teller und einen praktischen Dosen\u00f6ffner. Jede Kaviarsorte ist in einer 125\u202fg-Dose erh\u00e4ltlich. Stilvolles und elegantes Geschenk.<\/p>\n<p data-start=\"870\" data-end=\"963\" data-is-last-node=\"\" data-is-only-node=\"\">Oder w\u00e4hlen Sie unsere <a href=\"https:\/\/caviarcenturion.com\/de\/produkt\/centurion-wooden-box-with-4-varieties\/\" target=\"_blank\" rel=\"noopener\"><strong data-start=\"893\" data-end=\"918\">Centurion Premium-Box<\/strong><\/a>, die vier verschiedene Kaviarsorten enth\u00e4lt.<\/p>\n","protected":false},"featured_media":1716,"comment_status":"open","ping_status":"closed","template":"","meta":{"_acf_changed":false,"inline_featured_image":false},"product_brand":[],"product_cat":[50,79],"product_tag":[],"class_list":{"0":"post-1701","1":"product","2":"type-product","3":"status-publish","4":"has-post-thumbnail","6":"product_cat-all-products","7":"product_cat-sets","9":"first","10":"instock","11":"taxable","12":"shipping-taxable","13":"purchasable","14":"product-type-variable"},"acf":[],"yoast_head":"<!-- This site is optimized with the Yoast SEO plugin v27.2 - https:\/\/yoast.com\/product\/yoast-seo-wordpress\/ -->\n<title>Centurion Kaviar Geschenkbox aus Holz - Caviar Centurion<\/title>\n<meta name=\"description\" content=\"Das Caviar Centurion-Geschenk besteht aus hochwertigem St\u00f6rrogen und Gourmet-Beilagen. Es handelt sich um ein Set aus hochwertigen Delikatessen, das zahlreiche gesundheitliche Vorteile bietet.\" \/>\n<meta name=\"robots\" content=\"index, follow, max-snippet:-1, max-image-preview:large, max-video-preview:-1\" \/>\n<link rel=\"canonical\" href=\"https:\/\/caviarcenturion.com\/de\/produkt\/centurion-box-one-variety\/\" \/>\n<meta property=\"og:locale\" content=\"de_DE\" \/>\n<meta property=\"og:type\" content=\"article\" \/>\n<meta property=\"og:title\" content=\"Centurion Kaviar Geschenkbox aus Holz - Caviar Centurion\" \/>\n<meta property=\"og:description\" content=\"Das Caviar Centurion-Geschenk besteht aus hochwertigem St\u00f6rrogen und Gourmet-Beilagen. Es handelt sich um ein Set aus hochwertigen Delikatessen, das zahlreiche gesundheitliche Vorteile bietet.\" \/>\n<meta property=\"og:url\" content=\"https:\/\/caviarcenturion.com\/de\/produkt\/centurion-box-one-variety\/\" \/>\n<meta property=\"og:site_name\" content=\"Caviar Centurion\" \/>\n<meta property=\"article:modified_time\" content=\"2025-12-09T11:27:56+00:00\" \/>\n<meta property=\"og:image\" content=\"http:\/\/caviarcenturion.com\/wp-content\/uploads\/2025\/09\/open-with-plate-125g.webp\" \/>\n\t<meta property=\"og:image:width\" content=\"1080\" \/>\n\t<meta property=\"og:image:height\" content=\"1080\" \/>\n\t<meta property=\"og:image:type\" content=\"image\/webp\" \/>\n<meta name=\"twitter:card\" content=\"summary_large_image\" \/>\n<meta name=\"twitter:label1\" content=\"Gesch\u00e4tzte Lesezeit\" \/>\n\t<meta name=\"twitter:data1\" content=\"3\u00a0Minuten\" \/>\n<script type=\"application\/ld+json\" class=\"yoast-schema-graph\">{\"@context\":\"https:\/\/schema.org\",\"@graph\":[{\"@type\":\"WebPage\",\"@id\":\"https:\/\/caviarcenturion.com\/de\/produkt\/centurion-box-one-variety\/\",\"url\":\"https:\/\/caviarcenturion.com\/de\/produkt\/centurion-box-one-variety\/\",\"name\":\"Centurion Kaviar Geschenkbox aus Holz - Caviar Centurion\",\"isPartOf\":{\"@id\":\"https:\/\/caviarcenturion.com\/de\/#website\"},\"primaryImageOfPage\":{\"@id\":\"https:\/\/caviarcenturion.com\/de\/produkt\/centurion-box-one-variety\/#primaryimage\"},\"image\":{\"@id\":\"https:\/\/caviarcenturion.com\/de\/produkt\/centurion-box-one-variety\/#primaryimage\"},\"thumbnailUrl\":\"https:\/\/caviarcenturion.com\/wp-content\/uploads\/2025\/09\/open-with-plate-125g.webp\",\"datePublished\":\"2025-09-01T09:42:52+00:00\",\"dateModified\":\"2025-12-09T11:27:56+00:00\",\"description\":\"Das Caviar Centurion-Geschenk besteht aus hochwertigem St\u00f6rrogen und Gourmet-Beilagen. Es handelt sich um ein Set aus hochwertigen Delikatessen, das zahlreiche gesundheitliche Vorteile bietet.\",\"breadcrumb\":{\"@id\":\"https:\/\/caviarcenturion.com\/de\/produkt\/centurion-box-one-variety\/#breadcrumb\"},\"inLanguage\":\"de\",\"potentialAction\":[{\"@type\":\"ReadAction\",\"target\":[\"https:\/\/caviarcenturion.com\/de\/produkt\/centurion-box-one-variety\/\"]}]},{\"@type\":\"ImageObject\",\"inLanguage\":\"de\",\"@id\":\"https:\/\/caviarcenturion.com\/de\/produkt\/centurion-box-one-variety\/#primaryimage\",\"url\":\"https:\/\/caviarcenturion.com\/wp-content\/uploads\/2025\/09\/open-with-plate-125g.webp\",\"contentUrl\":\"https:\/\/caviarcenturion.com\/wp-content\/uploads\/2025\/09\/open-with-plate-125g.webp\",\"width\":1080,\"height\":1080},{\"@type\":\"BreadcrumbList\",\"@id\":\"https:\/\/caviarcenturion.com\/de\/produkt\/centurion-box-one-variety\/#breadcrumb\",\"itemListElement\":[{\"@type\":\"ListItem\",\"position\":1,\"name\":\"Home\",\"item\":\"https:\/\/caviarcenturion.com\/de\/\"},{\"@type\":\"ListItem\",\"position\":2,\"name\":\"PRODUKTE\",\"item\":\"https:\/\/caviarcenturion.com\/shop\/\"},{\"@type\":\"ListItem\",\"position\":3,\"name\":\"Centurion Kaviar Geschenkbox aus Holz\"}]},{\"@type\":\"WebSite\",\"@id\":\"https:\/\/caviarcenturion.com\/de\/#website\",\"url\":\"https:\/\/caviarcenturion.com\/de\/\",\"name\":\"Caviar Centurion\",\"description\":\"\",\"potentialAction\":[{\"@type\":\"SearchAction\",\"target\":{\"@type\":\"EntryPoint\",\"urlTemplate\":\"https:\/\/caviarcenturion.com\/de\/?s={search_term_string}\"},\"query-input\":{\"@type\":\"PropertyValueSpecification\",\"valueRequired\":true,\"valueName\":\"search_term_string\"}}],\"inLanguage\":\"de\"}]}<\/script>\n<!-- \/ Yoast SEO plugin. -->","yoast_head_json":{"title":"Centurion Kaviar Geschenkbox aus Holz - Caviar Centurion","description":"Das Caviar Centurion-Geschenk besteht aus hochwertigem St\u00f6rrogen und Gourmet-Beilagen. Es handelt sich um ein Set aus hochwertigen Delikatessen, das zahlreiche gesundheitliche Vorteile bietet.","robots":{"index":"index","follow":"follow","max-snippet":"max-snippet:-1","max-image-preview":"max-image-preview:large","max-video-preview":"max-video-preview:-1"},"canonical":"https:\/\/caviarcenturion.com\/de\/produkt\/centurion-box-one-variety\/","og_locale":"de_DE","og_type":"article","og_title":"Centurion Kaviar Geschenkbox aus Holz - Caviar Centurion","og_description":"Das Caviar Centurion-Geschenk besteht aus hochwertigem St\u00f6rrogen und Gourmet-Beilagen. Es handelt sich um ein Set aus hochwertigen Delikatessen, das zahlreiche gesundheitliche Vorteile bietet.","og_url":"https:\/\/caviarcenturion.com\/de\/produkt\/centurion-box-one-variety\/","og_site_name":"Caviar Centurion","article_modified_time":"2025-12-09T11:27:56+00:00","og_image":[{"width":1080,"height":1080,"url":"http:\/\/caviarcenturion.com\/wp-content\/uploads\/2025\/09\/open-with-plate-125g.webp","type":"image\/webp"}],"twitter_card":"summary_large_image","twitter_misc":{"Gesch\u00e4tzte Lesezeit":"3\u00a0Minuten"},"schema":{"@context":"https:\/\/schema.org","@graph":[{"@type":"WebPage","@id":"https:\/\/caviarcenturion.com\/de\/produkt\/centurion-box-one-variety\/","url":"https:\/\/caviarcenturion.com\/de\/produkt\/centurion-box-one-variety\/","name":"Centurion Kaviar Geschenkbox aus Holz - Caviar Centurion","isPartOf":{"@id":"https:\/\/caviarcenturion.com\/de\/#website"},"primaryImageOfPage":{"@id":"https:\/\/caviarcenturion.com\/de\/produkt\/centurion-box-one-variety\/#primaryimage"},"image":{"@id":"https:\/\/caviarcenturion.com\/de\/produkt\/centurion-box-one-variety\/#primaryimage"},"thumbnailUrl":"https:\/\/caviarcenturion.com\/wp-content\/uploads\/2025\/09\/open-with-plate-125g.webp","datePublished":"2025-09-01T09:42:52+00:00","dateModified":"2025-12-09T11:27:56+00:00","description":"Das Caviar Centurion-Geschenk besteht aus hochwertigem St\u00f6rrogen und Gourmet-Beilagen. Es handelt sich um ein Set aus hochwertigen Delikatessen, das zahlreiche gesundheitliche Vorteile bietet.","breadcrumb":{"@id":"https:\/\/caviarcenturion.com\/de\/produkt\/centurion-box-one-variety\/#breadcrumb"},"inLanguage":"de","potentialAction":[{"@type":"ReadAction","target":["https:\/\/caviarcenturion.com\/de\/produkt\/centurion-box-one-variety\/"]}]},{"@type":"ImageObject","inLanguage":"de","@id":"https:\/\/caviarcenturion.com\/de\/produkt\/centurion-box-one-variety\/#primaryimage","url":"https:\/\/caviarcenturion.com\/wp-content\/uploads\/2025\/09\/open-with-plate-125g.webp","contentUrl":"https:\/\/caviarcenturion.com\/wp-content\/uploads\/2025\/09\/open-with-plate-125g.webp","width":1080,"height":1080},{"@type":"BreadcrumbList","@id":"https:\/\/caviarcenturion.com\/de\/produkt\/centurion-box-one-variety\/#breadcrumb","itemListElement":[{"@type":"ListItem","position":1,"name":"Home","item":"https:\/\/caviarcenturion.com\/de\/"},{"@type":"ListItem","position":2,"name":"PRODUKTE","item":"https:\/\/caviarcenturion.com\/shop\/"},{"@type":"ListItem","position":3,"name":"Centurion Kaviar Geschenkbox aus Holz"}]},{"@type":"WebSite","@id":"https:\/\/caviarcenturion.com\/de\/#website","url":"https:\/\/caviarcenturion.com\/de\/","name":"Caviar Centurion","description":"","potentialAction":[{"@type":"SearchAction","target":{"@type":"EntryPoint","urlTemplate":"https:\/\/caviarcenturion.com\/de\/?s={search_term_string}"},"query-input":{"@type":"PropertyValueSpecification","valueRequired":true,"valueName":"search_term_string"}}],"inLanguage":"de"}]}},"_links":{"self":[{"href":"https:\/\/caviarcenturion.com\/de\/wp-json\/wp\/v2\/product\/1701","targetHints":{"allow":["GET"]}}],"collection":[{"href":"https:\/\/caviarcenturion.com\/de\/wp-json\/wp\/v2\/product"}],"about":[{"href":"https:\/\/caviarcenturion.com\/de\/wp-json\/wp\/v2\/types\/product"}],"replies":[{"embeddable":true,"href":"https:\/\/caviarcenturion.com\/de\/wp-json\/wp\/v2\/comments?post=1701"}],"wp:featuredmedia":[{"embeddable":true,"href":"https:\/\/caviarcenturion.com\/de\/wp-json\/wp\/v2\/media\/1716"}],"wp:attachment":[{"href":"https:\/\/caviarcenturion.com\/de\/wp-json\/wp\/v2\/media?parent=1701"}],"wp:term":[{"taxonomy":"product_brand","embeddable":true,"href":"https:\/\/caviarcenturion.com\/de\/wp-json\/wp\/v2\/product_brand?post=1701"},{"taxonomy":"product_cat","embeddable":true,"href":"https:\/\/caviarcenturion.com\/de\/wp-json\/wp\/v2\/product_cat?post=1701"},{"taxonomy":"product_tag","embeddable":true,"href":"https:\/\/caviarcenturion.com\/de\/wp-json\/wp\/v2\/product_tag?post=1701"}],"curies":[{"name":"wp","href":"https:\/\/api.w.org\/{rel}","templated":true}]}}