{"id":2082,"date":"2025-11-17T09:59:47","date_gmt":"2025-11-17T07:59:47","guid":{"rendered":"https:\/\/caviarcenturion.com\/?post_type=product&#038;p=2082"},"modified":"2025-11-20T13:45:13","modified_gmt":"2025-11-20T11:45:13","slug":"perlmuttschale","status":"publish","type":"product","link":"https:\/\/caviarcenturion.com\/de\/produkt\/perlmuttschale\/","title":{"rendered":"Perlmuttschale"},"content":{"rendered":"<h1 data-start=\"189\" data-end=\"244\">Perlmuttschale<\/h1>\n<h2 data-start=\"189\" data-end=\"244\"><strong data-start=\"210\" data-end=\"242\">Was ist eine Perlmuttschale?<\/strong><\/h2>\n<p data-start=\"246\" data-end=\"653\">Eine Perlmuttschale wurde speziell f\u00fcr den Genuss von Kaviar entwickelt. Sie wird aus nat\u00fcrlichem Perlmutt gefertigt und zeichnet sich in der Regel durch eine glatte Textur und eine strahlende Sch\u00f6nheit aus. F\u00fcr den Genuss von Kaviar ist es entscheidend, das richtige Zubeh\u00f6r zu verwenden, das den urspr\u00fcnglichen Geschmack nicht ver\u00e4ndert, und dieses einzigartige Accessoire ist daf\u00fcr die perfekte L\u00f6sung.<\/p>\n<p data-start=\"655\" data-end=\"1373\">Es ist immer ratsam, eine Schale oder ein Besteck aus einem nicht reaktiven Material zu verwenden, damit der Geschmack des Kaviars voll zur Geltung kommt. Bestecke oder Schalen aus Metall oder Kunststoff sind in der Regel nicht zu empfehlen, da sie den Geschmack \u00fcberdecken k\u00f6nnen. Materialien wie Horn, Knochen oder Perlmutt sind immer die beste Wahl. Ein weit verbreiteter Irrglaube ist, dass jedes kleine Accessoire f\u00fcr diesen Zweck geeignet ist. Wie wir jedoch festgestellt haben, kann die Art der Schale oder des Bestecks die empfindliche Beschaffenheit des Kaviars beeintr\u00e4chtigen. Wenn Sie also ein Kaviarliebhaber sind, k\u00f6nnte eine Perlmuttschale zu einem wertvollen Bestandteil Ihres Accessoire-Sets werden.<\/p>\n<h2 data-start=\"1375\" data-end=\"1430\"><strong data-start=\"1375\" data-end=\"1428\">Warum das richtige Zubeh\u00f6r f\u00fcr Kaviar wichtig ist<\/strong><\/h2>\n<p data-start=\"1432\" data-end=\"1961\">Wenn es um Kaviar geht, werden Sie auf verschiedene Arten von Accessoires sto\u00dfen, die Ihr Erlebnis beim Verzehr dieser Delikatesse verbessern. Diese Accessoires unterscheiden sich meist in Form, Zweck und Qualit\u00e4t und k\u00f6nnen Ihr Erlebnis erheblich steigern. Bei der Materialauswahl sollten Sie jedoch immer darauf achten, dass das Material den Geschmack des Kaviars nicht \u00fcberdeckt. Leider wird dieser Aspekt oft \u00fcbersehen, sodass selbst die k\u00f6stlichste Sorte des \u201eschwarzen Goldes\u201c nicht in vollem Umfang genossen werden kann.<\/p>\n<p data-start=\"1963\" data-end=\"2271\">Die Perlmuttschale ist ein spezielles Accessoire, das die empfindliche Beschaffenheit des Produkts unterst\u00fctzt und Ihnen ein luxuri\u00f6ses Erlebnis beim Verzehr Ihres Lieblingskaviars bietet. Die Wahl der richtigen Schale oder des richtigen Bestecks kann Ihr Geschmackserlebnis von gut zu makellos verwandeln.<\/p>\n<h2 data-start=\"2273\" data-end=\"2316\"><strong data-start=\"2273\" data-end=\"2314\">Entworfen f\u00fcr Raffinesse und Leistung<\/strong><\/h2>\n<p data-start=\"2318\" data-end=\"2938\">Die Perlmuttschale von\u00a0Caviar Centurion ist ein kleines St\u00fcck Handwerkskunst, das Ihr Erlebnis bereichert und Ihr Kaviar-Set vervollst\u00e4ndigt. Ob als Einzelst\u00fcck oder als Teil eines kompletten Kaviar-Sets, sie wertet jede Pr\u00e4sentation auf. Der Verzehr von hochwertigem Kaviar ist nicht nur ein einfacher Genuss, sondern ein unvergleichliches Erlebnis, das Sie zu etwas ganz Besonderem machen sollte. Ob es sich um Ihr erstes unvergessliches Erlebnis handelt oder um einen Teil Ihrer t\u00e4glichen Routine, Kaviar erfordert eine besondere Behandlung, die sich in der Regel mit solchen Accessoires zum Ausdruck bringen l\u00e4sst.<\/p>\n<p data-start=\"2940\" data-end=\"3101\">Bevor Sie Kaviar servieren, sollten Sie sicherstellen, dass Sie \u00fcber die beste Schale oder das beste Zubeh\u00f6r verf\u00fcgen, um das Erlebnis unvergesslich zu machen.<\/p>\n<h2 data-start=\"3103\" data-end=\"3178\"><strong data-start=\"3103\" data-end=\"3176\">Ein durchdachtes Geschenk oder eine elegante Erg\u00e4nzung Ihrer Sammlung<\/strong><\/h2>\n<p data-start=\"3180\" data-end=\"3496\">Die Sammlung jedes Gourmets ben\u00f6tigt einzigartige Accessoires, die sie von anderen abheben. Eine Perlmuttschale ist eines dieser <a href=\"https:\/\/caviarcenturion.com\/de\/produkt-kategorie\/products\/accessories\/\">Accessoires<\/a>, das Sie verschenken oder einfach f\u00fcr Ihre Sammlung kaufen k\u00f6nnen, um sicherzustellen, dass der Genuss des Kaviars nicht durch unvorhergesehene Faktoren beeintr\u00e4chtigt wird.<\/p>\n<p data-start=\"3498\" data-end=\"3855\">Dar\u00fcber hinaus k\u00f6nnen Sie dieses einzigartige Accessoire bei Centurion ganz einfach online bestellen und sich nach Hause liefern lassen. Vielleicht finden Sie in Ihrer N\u00e4he entsprechende Gourmetgesch\u00e4fte, aber der Online-Kauf bietet ein ganz anderes Erlebnis, da er weniger Aufwand erfordert und Sie ausf\u00fchrlichere Informationen zu jedem Produkt erhalten.<\/p>\n<h2 data-start=\"3857\" data-end=\"3886\"><strong data-start=\"3857\" data-end=\"3884\">Warum Caviar Centurion?<\/strong><\/h2>\n<p data-start=\"3888\" data-end=\"4038\">Die Perlmuttschale ist die perfekte Erg\u00e4nzung f\u00fcr Ihre Kaviar-Set-Sammlung, um den Geschmack Ihres Lieblingsprodukts noch besser genie\u00dfen zu k\u00f6nnen.<\/p>\n<p data-start=\"4040\" data-end=\"4505\">Caviar Centurion ist einer der besten Anbieter von <a href=\"https:\/\/caviarcenturion.com\/de\/produkt-kategorie\/products\/\">hochwertigem Kaviar<\/a> und <a href=\"https:\/\/caviarcenturion.com\/de\/produkt-kategorie\/products\/accessories\/\">Zubeh\u00f6r<\/a>. In unserem Online-Shop k\u00f6nnen Sie aus einer gro\u00dfen Auswahl Ihr bevorzugtes hochwertiges Produkt kaufen. Wenn Sie auf der Suche nach luxuri\u00f6sen und gleichzeitig k\u00f6stlichen Geschenken sind, ist ein Set mit verschiedenen Kaviar-Sorten die beste Wahl. Sie k\u00f6nnen verschiedene Arten von Hybrid- und klassischem Kaviar kaufen und sich diese in k\u00fcrzester Zeit nach Hause liefern lassen.<\/p>\n","protected":false},"excerpt":{"rendered":"<h1>Perlmuttschale<\/h1>\n<p>Diese handgefertigte Schale aus echtem Perlmutt ist das perfekte Accessoire f\u00fcr den Genuss von Kaviar. Im Gegensatz zu Metall verf\u00e4lscht Perlmutt den delikaten Geschmack nicht.<\/p>\n","protected":false},"featured_media":2103,"comment_status":"open","ping_status":"closed","template":"","meta":{"_acf_changed":false,"inline_featured_image":false},"product_brand":[],"product_cat":[50,47],"product_tag":[],"class_list":{"0":"post-2082","1":"product","2":"type-product","3":"status-publish","4":"has-post-thumbnail","6":"product_cat-all-products","7":"product_cat-delicacies-and-accessories","9":"first","10":"instock","11":"taxable","12":"shipping-taxable","13":"purchasable","14":"product-type-simple"},"acf":[],"yoast_head":"<!-- This site is optimized with the Yoast SEO plugin v27.2 - https:\/\/yoast.com\/product\/yoast-seo-wordpress\/ -->\n<title>Perlmuttschale - Caviar Centurion<\/title>\n<meta name=\"description\" content=\"Bei Centurion Caviar k\u00f6nnen Sie online einen hochwertigen Perlmuttl\u00f6ffel kaufen. Er ist ein unverzichtbares Utensil f\u00fcr das Servieren von Kaviar zu jedem Anlass.\" \/>\n<meta name=\"robots\" content=\"index, follow, max-snippet:-1, max-image-preview:large, max-video-preview:-1\" \/>\n<link rel=\"canonical\" href=\"https:\/\/caviarcenturion.com\/de\/produkt\/perlmuttschale\/\" \/>\n<meta property=\"og:locale\" content=\"de_DE\" \/>\n<meta property=\"og:type\" content=\"article\" \/>\n<meta property=\"og:title\" content=\"Perlmuttschale - Caviar Centurion\" \/>\n<meta property=\"og:description\" content=\"Bei Centurion Caviar k\u00f6nnen Sie online einen hochwertigen Perlmuttl\u00f6ffel kaufen. Er ist ein unverzichtbares Utensil f\u00fcr das Servieren von Kaviar zu jedem Anlass.\" \/>\n<meta property=\"og:url\" content=\"https:\/\/caviarcenturion.com\/de\/produkt\/perlmuttschale\/\" \/>\n<meta property=\"og:site_name\" content=\"Caviar Centurion\" \/>\n<meta property=\"article:modified_time\" content=\"2025-11-20T11:45:13+00:00\" \/>\n<meta property=\"og:image\" content=\"http:\/\/caviarcenturion.com\/wp-content\/uploads\/2025\/11\/Schale-1-scaled.webp\" \/>\n\t<meta property=\"og:image:width\" content=\"2560\" \/>\n\t<meta property=\"og:image:height\" content=\"2560\" \/>\n\t<meta property=\"og:image:type\" content=\"image\/webp\" \/>\n<meta name=\"twitter:card\" content=\"summary_large_image\" \/>\n<meta name=\"twitter:label1\" content=\"Gesch\u00e4tzte Lesezeit\" \/>\n\t<meta name=\"twitter:data1\" content=\"3\u00a0Minuten\" \/>\n<script type=\"application\/ld+json\" class=\"yoast-schema-graph\">{\"@context\":\"https:\/\/schema.org\",\"@graph\":[{\"@type\":\"WebPage\",\"@id\":\"https:\/\/caviarcenturion.com\/de\/produkt\/perlmuttschale\/\",\"url\":\"https:\/\/caviarcenturion.com\/de\/produkt\/perlmuttschale\/\",\"name\":\"Perlmuttschale - Caviar Centurion\",\"isPartOf\":{\"@id\":\"https:\/\/caviarcenturion.com\/de\/#website\"},\"primaryImageOfPage\":{\"@id\":\"https:\/\/caviarcenturion.com\/de\/produkt\/perlmuttschale\/#primaryimage\"},\"image\":{\"@id\":\"https:\/\/caviarcenturion.com\/de\/produkt\/perlmuttschale\/#primaryimage\"},\"thumbnailUrl\":\"https:\/\/caviarcenturion.com\/wp-content\/uploads\/2025\/11\/Schale-1-scaled.webp\",\"datePublished\":\"2025-11-17T07:59:47+00:00\",\"dateModified\":\"2025-11-20T11:45:13+00:00\",\"description\":\"Bei Centurion Caviar k\u00f6nnen Sie online einen hochwertigen Perlmuttl\u00f6ffel kaufen. Er ist ein unverzichtbares Utensil f\u00fcr das Servieren von Kaviar zu jedem Anlass.\",\"breadcrumb\":{\"@id\":\"https:\/\/caviarcenturion.com\/de\/produkt\/perlmuttschale\/#breadcrumb\"},\"inLanguage\":\"de\",\"potentialAction\":[{\"@type\":\"ReadAction\",\"target\":[\"https:\/\/caviarcenturion.com\/de\/produkt\/perlmuttschale\/\"]}]},{\"@type\":\"ImageObject\",\"inLanguage\":\"de\",\"@id\":\"https:\/\/caviarcenturion.com\/de\/produkt\/perlmuttschale\/#primaryimage\",\"url\":\"https:\/\/caviarcenturion.com\/wp-content\/uploads\/2025\/11\/Schale-1-scaled.webp\",\"contentUrl\":\"https:\/\/caviarcenturion.com\/wp-content\/uploads\/2025\/11\/Schale-1-scaled.webp\",\"width\":2560,\"height\":2560},{\"@type\":\"BreadcrumbList\",\"@id\":\"https:\/\/caviarcenturion.com\/de\/produkt\/perlmuttschale\/#breadcrumb\",\"itemListElement\":[{\"@type\":\"ListItem\",\"position\":1,\"name\":\"Home\",\"item\":\"https:\/\/caviarcenturion.com\/de\/\"},{\"@type\":\"ListItem\",\"position\":2,\"name\":\"PRODUKTE\",\"item\":\"https:\/\/caviarcenturion.com\/shop\/\"},{\"@type\":\"ListItem\",\"position\":3,\"name\":\"Perlmuttschale\"}]},{\"@type\":\"WebSite\",\"@id\":\"https:\/\/caviarcenturion.com\/de\/#website\",\"url\":\"https:\/\/caviarcenturion.com\/de\/\",\"name\":\"Caviar Centurion\",\"description\":\"\",\"potentialAction\":[{\"@type\":\"SearchAction\",\"target\":{\"@type\":\"EntryPoint\",\"urlTemplate\":\"https:\/\/caviarcenturion.com\/de\/?s={search_term_string}\"},\"query-input\":{\"@type\":\"PropertyValueSpecification\",\"valueRequired\":true,\"valueName\":\"search_term_string\"}}],\"inLanguage\":\"de\"}]}<\/script>\n<!-- \/ Yoast SEO plugin. -->","yoast_head_json":{"title":"Perlmuttschale - Caviar Centurion","description":"Bei Centurion Caviar k\u00f6nnen Sie online einen hochwertigen Perlmuttl\u00f6ffel kaufen. Er ist ein unverzichtbares Utensil f\u00fcr das Servieren von Kaviar zu jedem Anlass.","robots":{"index":"index","follow":"follow","max-snippet":"max-snippet:-1","max-image-preview":"max-image-preview:large","max-video-preview":"max-video-preview:-1"},"canonical":"https:\/\/caviarcenturion.com\/de\/produkt\/perlmuttschale\/","og_locale":"de_DE","og_type":"article","og_title":"Perlmuttschale - Caviar Centurion","og_description":"Bei Centurion Caviar k\u00f6nnen Sie online einen hochwertigen Perlmuttl\u00f6ffel kaufen. Er ist ein unverzichtbares Utensil f\u00fcr das Servieren von Kaviar zu jedem Anlass.","og_url":"https:\/\/caviarcenturion.com\/de\/produkt\/perlmuttschale\/","og_site_name":"Caviar Centurion","article_modified_time":"2025-11-20T11:45:13+00:00","og_image":[{"width":2560,"height":2560,"url":"http:\/\/caviarcenturion.com\/wp-content\/uploads\/2025\/11\/Schale-1-scaled.webp","type":"image\/webp"}],"twitter_card":"summary_large_image","twitter_misc":{"Gesch\u00e4tzte Lesezeit":"3\u00a0Minuten"},"schema":{"@context":"https:\/\/schema.org","@graph":[{"@type":"WebPage","@id":"https:\/\/caviarcenturion.com\/de\/produkt\/perlmuttschale\/","url":"https:\/\/caviarcenturion.com\/de\/produkt\/perlmuttschale\/","name":"Perlmuttschale - Caviar Centurion","isPartOf":{"@id":"https:\/\/caviarcenturion.com\/de\/#website"},"primaryImageOfPage":{"@id":"https:\/\/caviarcenturion.com\/de\/produkt\/perlmuttschale\/#primaryimage"},"image":{"@id":"https:\/\/caviarcenturion.com\/de\/produkt\/perlmuttschale\/#primaryimage"},"thumbnailUrl":"https:\/\/caviarcenturion.com\/wp-content\/uploads\/2025\/11\/Schale-1-scaled.webp","datePublished":"2025-11-17T07:59:47+00:00","dateModified":"2025-11-20T11:45:13+00:00","description":"Bei Centurion Caviar k\u00f6nnen Sie online einen hochwertigen Perlmuttl\u00f6ffel kaufen. Er ist ein unverzichtbares Utensil f\u00fcr das Servieren von Kaviar zu jedem Anlass.","breadcrumb":{"@id":"https:\/\/caviarcenturion.com\/de\/produkt\/perlmuttschale\/#breadcrumb"},"inLanguage":"de","potentialAction":[{"@type":"ReadAction","target":["https:\/\/caviarcenturion.com\/de\/produkt\/perlmuttschale\/"]}]},{"@type":"ImageObject","inLanguage":"de","@id":"https:\/\/caviarcenturion.com\/de\/produkt\/perlmuttschale\/#primaryimage","url":"https:\/\/caviarcenturion.com\/wp-content\/uploads\/2025\/11\/Schale-1-scaled.webp","contentUrl":"https:\/\/caviarcenturion.com\/wp-content\/uploads\/2025\/11\/Schale-1-scaled.webp","width":2560,"height":2560},{"@type":"BreadcrumbList","@id":"https:\/\/caviarcenturion.com\/de\/produkt\/perlmuttschale\/#breadcrumb","itemListElement":[{"@type":"ListItem","position":1,"name":"Home","item":"https:\/\/caviarcenturion.com\/de\/"},{"@type":"ListItem","position":2,"name":"PRODUKTE","item":"https:\/\/caviarcenturion.com\/shop\/"},{"@type":"ListItem","position":3,"name":"Perlmuttschale"}]},{"@type":"WebSite","@id":"https:\/\/caviarcenturion.com\/de\/#website","url":"https:\/\/caviarcenturion.com\/de\/","name":"Caviar Centurion","description":"","potentialAction":[{"@type":"SearchAction","target":{"@type":"EntryPoint","urlTemplate":"https:\/\/caviarcenturion.com\/de\/?s={search_term_string}"},"query-input":{"@type":"PropertyValueSpecification","valueRequired":true,"valueName":"search_term_string"}}],"inLanguage":"de"}]}},"_links":{"self":[{"href":"https:\/\/caviarcenturion.com\/de\/wp-json\/wp\/v2\/product\/2082","targetHints":{"allow":["GET"]}}],"collection":[{"href":"https:\/\/caviarcenturion.com\/de\/wp-json\/wp\/v2\/product"}],"about":[{"href":"https:\/\/caviarcenturion.com\/de\/wp-json\/wp\/v2\/types\/product"}],"replies":[{"embeddable":true,"href":"https:\/\/caviarcenturion.com\/de\/wp-json\/wp\/v2\/comments?post=2082"}],"wp:featuredmedia":[{"embeddable":true,"href":"https:\/\/caviarcenturion.com\/de\/wp-json\/wp\/v2\/media\/2103"}],"wp:attachment":[{"href":"https:\/\/caviarcenturion.com\/de\/wp-json\/wp\/v2\/media?parent=2082"}],"wp:term":[{"taxonomy":"product_brand","embeddable":true,"href":"https:\/\/caviarcenturion.com\/de\/wp-json\/wp\/v2\/product_brand?post=2082"},{"taxonomy":"product_cat","embeddable":true,"href":"https:\/\/caviarcenturion.com\/de\/wp-json\/wp\/v2\/product_cat?post=2082"},{"taxonomy":"product_tag","embeddable":true,"href":"https:\/\/caviarcenturion.com\/de\/wp-json\/wp\/v2\/product_tag?post=2082"}],"curies":[{"name":"wp","href":"https:\/\/api.w.org\/{rel}","templated":true}]}}