{"id":525,"date":"2025-04-25T08:11:19","date_gmt":"2025-04-25T06:11:19","guid":{"rendered":"https:\/\/caviarcenturion.com\/?post_type=product&#038;p=525"},"modified":"2025-12-09T13:14:22","modified_gmt":"2025-12-09T11:14:22","slug":"centurion-beluga-caviar","status":"publish","type":"product","link":"https:\/\/caviarcenturion.com\/de\/produkt\/centurion-beluga-caviar\/","title":{"rendered":"Centurion Beluga"},"content":{"rendered":"<h1>Beluga Kaviar:<\/h1>\n<h2>Was ist Beluga Kaviar?<\/h2>\n<p>Beluga Kaviar ist der gr\u00f6\u00dfte, seltenste und hochwertigste Kaviar, den Sie jemals finden werden. Seine Farbe reicht von perlgrau bis zu einem sehr dunklen Schwarz, sein Geschmack ist cremig mit einer leicht nussigen Note. Diese Delikatesse stammt vom Beluga (lateinisch Huso Huso), einem pr\u00e4historischen St\u00f6r, der eine L\u00e4nge von bis zu 4,5 Metern und ein Gewicht von bis zu 1364 Kilogramm erreichen kann.<\/p>\n<p>Heute gilt der Beluga St\u00f6r als gef\u00e4hrdete Art, vor allem aufgrund von \u00dcberfischung. Um den Bestand wieder aufzubauen, ist der Fang in freier Wildbahn verboten. Manchmal wird f\u00e4lschlicherweise angenommen, dass Beluga Kaviar vom Beluga-Wal stammt. Dies ist jedoch lediglich ein Missverst\u00e4ndnis aufgrund des Namens. Der Name Beluga leitet sich vom russischen Wort \u201e\u0431\u0435\u043b\u044b\u0439\u201d ab, was \u201ewei\u00df\u201d bedeutet. Aus diesem Grund wird f\u00e4lschlicherweise angenommen, dass dieser seltene Kaviar vom Beluga-Wal und nicht vom Beluga-St\u00f6r stammt.<\/p>\n<h2>Wie schmeckt er?<\/h2>\n<p>Der Geschmack von Beluga Kaviar ist einzigartig cremig mit einer leicht nussigen Note. Es gibt viele verschiedene Kaviar- und Rogenarten, aber guter Kaviar wird aufgrund seines einzigartigen Geschmacks und seiner Textur immer als Delikatesse angesehen. Obwohl dies in der Regel von den pers\u00f6nlichen Vorlieben abh\u00e4ngt, ist Kaviar von h\u00f6chster Qualit\u00e4t in der Regel f\u00fcr jeden Gaumen ein Genuss.<\/p>\n<p>Ein weiterer Aspekt, den es zu ber\u00fccksichtigen gilt, ist, ob Beluga Kaviar mit oder ohne Beilage verzehrt werden soll. Liebhaber des urspr\u00fcnglichen Geschmacks sollten ihn ohne Beilage mit einem <em><a href=\"https:\/\/caviarcenturion.com\/de\/produkt\/perlmuttloeffel-klein\/\" target=\"_blank\" rel=\"noopener\">Perlmuttl\u00f6ffel<\/a><\/em> genie\u00dfen, da Metall das Geschmackserlebnis beeintr\u00e4chtigen kann.<\/p>\n<p>Wenn Sie jedoch lieber ein Kaviargericht zubereiten m\u00f6chten, das Sie Ihren Lieben servieren k\u00f6nnen, finden Sie auf unserer Website zahlreiche Rezepte. Bitte beachten Sie jedoch, dass es immer besser ist, Kaviar mit delikaten Beilagen zu genie\u00dfen, die den Geschmack des Kaviars nicht \u00fcberdecken. Dazu eignen sich beispielsweise Pfannkuchen (russische Blini), Toast, Chips und Kekse.<\/p>\n<h2>Was bestimmt die Qualit\u00e4t von Kaviar?<\/h2>\n<p>Beluga Kaviar ist ein Produkt von h\u00f6chster Qualit\u00e4t, die sich aus mehreren Faktoren ergibt.<\/p>\n<ul>\n<li>Die Art der Gewinnung: Die Kaviarernte ist ein manueller Prozess, bei dem die Erfahrung der Mitarbeiter ein entscheidender Faktor ist. Die Art der Ernte kann die Qualit\u00e4t des Produkts direkt beeinflussen.<\/li>\n<li>Zucht vs. Wildfang: Ob der Kaviar aus Zuchtbetrieben oder aus nat\u00fcrlicher Umgebung stammt, spielt eine wichtige Rolle f\u00fcr seine Qualit\u00e4t. Da einige St\u00f6rarten vom Aussterben bedroht sind, ist die Ernte ihrer in Fl\u00fcssen abgelegten Eier verboten.<br \/>\nDar\u00fcber hinaus ist zu beachten, dass eine kontrollierte Umgebung f\u00fcr die Erhaltung des milden Geschmacks und der Qualit\u00e4t sowie zur Vermeidung von Verunreinigungen aus Gew\u00e4ssern vorteilhafter ist.<\/li>\n<li>Lagerungs- und Transportmethoden: Da es sich um ein empfindliches Produkt handelt, ist es von entscheidender Bedeutung, dass es im K\u00fchlschrank bei einer Temperatur zwischen -2 \u00b0C und 0 \u00b0C gelagert wird und auch w\u00e4hrend des Transports auf die Temperaturkontrolle geachtet wird.<\/li>\n<\/ul>\n<p>Bei Caviar Centurion achten wir darauf, alle oben genannten wichtigen Aspekte zu ber\u00fccksichtigen, um ein Produkt von h\u00f6chster Qualit\u00e4t zu gew\u00e4hrleisten.<\/p>\n<h2>Welche gesundheitlichen Vorteile hat er?<\/h2>\n<p>Beluga Kaviar hat zahlreiche gesundheitliche Vorteile, da er reich an Proteinen, Omega-3-Fetts\u00e4uren und Cholin ist und eine ausgezeichnete Quelle f\u00fcr Vitamine und Mineralstoffe darstellt, darunter Vitamin B12, Vitamin D, Zink, Magnesium, Eisen und Selen.<\/p>\n<h2>Warum Caviar Centurion?<\/h2>\n<p>Beluga Kaviar ist die perfekte Wahl, um den einzigartigen Geschmack dieser Delikatesse zu genie\u00dfen. Caviar Centurion ist einer der besten Lieferanten von <a href=\"https:\/\/caviarcenturion.com\/de\/produkt-kategorie\/products\/caviar\/\" target=\"_blank\" rel=\"noopener\"><em>Kaviar<\/em> <\/a>in Premiumqualit\u00e4t. In unserem Online-Shop k\u00f6nnen Sie aus einem breiten Sortiment Ihr Lieblingsprodukt in h\u00f6chster Qualit\u00e4t ausw\u00e4hlen. Wenn Sie auf der Suche nach luxuri\u00f6sen und zugleich k\u00f6stlichen Geschenken sind, ist unser Sortiment an k\u00f6niglichen Kaviarvariationen die beste Wahl. Sie k\u00f6nnen aus verschiedenen Arten von Hybrid- und klassischen Rogen w\u00e4hlen, die wir Ihnen in k\u00fcrzester Zeit nach Hause liefern.<\/p>\n","protected":false},"excerpt":{"rendered":"<h1>Beluga Kaviar<\/h1>\n<p>Der legend\u00e4re Beluga Kaviar wird aus dem <strong>Huso Huso-St\u00f6r<\/strong> gewonnen und ist das Spitzenprodukt im Premium-Kaviar-Segment. Seine gro\u00dfen, seidigen K\u00f6rner haben eine leicht cremige Textur und einen raffinierten, aber dennoch reichhaltigen Geschmack. Eine echte Rarit\u00e4t, die auf keinem Feinschmecker-Tisch fehlen sollte.<\/p>\n","protected":false},"featured_media":2151,"comment_status":"open","ping_status":"closed","template":"","meta":{"_acf_changed":false,"inline_featured_image":false},"product_brand":[],"product_cat":[50,53],"product_tag":[139,141,142,140],"class_list":{"0":"post-525","1":"product","2":"type-product","3":"status-publish","4":"has-post-thumbnail","6":"product_cat-all-products","7":"product_cat-caviar","8":"product_tag-beluga-de","9":"product_tag-beluga-kaviar-de-2","10":"product_tag-caviar-de","11":"product_tag-kaviar-de","13":"first","14":"instock","15":"taxable","16":"shipping-taxable","17":"purchasable","18":"product-type-variable"},"acf":[],"yoast_head":"<!-- This site is optimized with the Yoast SEO plugin v27.2 - https:\/\/yoast.com\/product\/yoast-seo-wordpress\/ -->\n<title>Centurion Beluga - Caviar Centurion<\/title>\n<meta name=\"description\" content=\"Bei Centurion Caviar k\u00f6nnen Sie hochwertigen Beluga Kaviar online kaufen. Es handelt sich um eine exquisite Delikatesse mit zahlreichen gesundheitlichen Vorteilen.\" \/>\n<meta name=\"robots\" content=\"index, follow, max-snippet:-1, max-image-preview:large, max-video-preview:-1\" \/>\n<link rel=\"canonical\" href=\"https:\/\/caviarcenturion.com\/de\/produkt\/centurion-beluga-caviar\/\" \/>\n<meta property=\"og:locale\" content=\"de_DE\" \/>\n<meta property=\"og:type\" content=\"article\" \/>\n<meta property=\"og:title\" content=\"Centurion Beluga - Caviar Centurion\" \/>\n<meta property=\"og:description\" content=\"Bei Centurion Caviar k\u00f6nnen Sie hochwertigen Beluga Kaviar online kaufen. Es handelt sich um eine exquisite Delikatesse mit zahlreichen gesundheitlichen Vorteilen.\" \/>\n<meta property=\"og:url\" content=\"https:\/\/caviarcenturion.com\/de\/produkt\/centurion-beluga-caviar\/\" \/>\n<meta property=\"og:site_name\" content=\"Caviar Centurion\" \/>\n<meta property=\"article:modified_time\" content=\"2025-12-09T11:14:22+00:00\" \/>\n<meta property=\"og:image\" content=\"http:\/\/caviarcenturion.com\/wp-content\/uploads\/2025\/11\/Beluga-open-text-scaled.webp\" \/>\n\t<meta property=\"og:image:width\" content=\"2560\" \/>\n\t<meta property=\"og:image:height\" content=\"2560\" \/>\n\t<meta property=\"og:image:type\" content=\"image\/webp\" \/>\n<meta name=\"twitter:card\" content=\"summary_large_image\" \/>\n<meta name=\"twitter:label1\" content=\"Gesch\u00e4tzte Lesezeit\" \/>\n\t<meta name=\"twitter:data1\" content=\"3\u00a0Minuten\" \/>\n<script type=\"application\/ld+json\" class=\"yoast-schema-graph\">{\"@context\":\"https:\/\/schema.org\",\"@graph\":[{\"@type\":\"WebPage\",\"@id\":\"https:\/\/caviarcenturion.com\/de\/produkt\/centurion-beluga-caviar\/\",\"url\":\"https:\/\/caviarcenturion.com\/de\/produkt\/centurion-beluga-caviar\/\",\"name\":\"Centurion Beluga - Caviar Centurion\",\"isPartOf\":{\"@id\":\"https:\/\/caviarcenturion.com\/de\/#website\"},\"primaryImageOfPage\":{\"@id\":\"https:\/\/caviarcenturion.com\/de\/produkt\/centurion-beluga-caviar\/#primaryimage\"},\"image\":{\"@id\":\"https:\/\/caviarcenturion.com\/de\/produkt\/centurion-beluga-caviar\/#primaryimage\"},\"thumbnailUrl\":\"https:\/\/caviarcenturion.com\/wp-content\/uploads\/2025\/11\/Beluga-open-text-scaled.webp\",\"datePublished\":\"2025-04-25T06:11:19+00:00\",\"dateModified\":\"2025-12-09T11:14:22+00:00\",\"description\":\"Bei Centurion Caviar k\u00f6nnen Sie hochwertigen Beluga Kaviar online kaufen. Es handelt sich um eine exquisite Delikatesse mit zahlreichen gesundheitlichen Vorteilen.\",\"breadcrumb\":{\"@id\":\"https:\/\/caviarcenturion.com\/de\/produkt\/centurion-beluga-caviar\/#breadcrumb\"},\"inLanguage\":\"de\",\"potentialAction\":[{\"@type\":\"ReadAction\",\"target\":[\"https:\/\/caviarcenturion.com\/de\/produkt\/centurion-beluga-caviar\/\"]}]},{\"@type\":\"ImageObject\",\"inLanguage\":\"de\",\"@id\":\"https:\/\/caviarcenturion.com\/de\/produkt\/centurion-beluga-caviar\/#primaryimage\",\"url\":\"https:\/\/caviarcenturion.com\/wp-content\/uploads\/2025\/11\/Beluga-open-text-scaled.webp\",\"contentUrl\":\"https:\/\/caviarcenturion.com\/wp-content\/uploads\/2025\/11\/Beluga-open-text-scaled.webp\",\"width\":2560,\"height\":2560},{\"@type\":\"BreadcrumbList\",\"@id\":\"https:\/\/caviarcenturion.com\/de\/produkt\/centurion-beluga-caviar\/#breadcrumb\",\"itemListElement\":[{\"@type\":\"ListItem\",\"position\":1,\"name\":\"Home\",\"item\":\"https:\/\/caviarcenturion.com\/de\/\"},{\"@type\":\"ListItem\",\"position\":2,\"name\":\"PRODUKTE\",\"item\":\"https:\/\/caviarcenturion.com\/shop\/\"},{\"@type\":\"ListItem\",\"position\":3,\"name\":\"Centurion Beluga\"}]},{\"@type\":\"WebSite\",\"@id\":\"https:\/\/caviarcenturion.com\/de\/#website\",\"url\":\"https:\/\/caviarcenturion.com\/de\/\",\"name\":\"Caviar Centurion\",\"description\":\"\",\"potentialAction\":[{\"@type\":\"SearchAction\",\"target\":{\"@type\":\"EntryPoint\",\"urlTemplate\":\"https:\/\/caviarcenturion.com\/de\/?s={search_term_string}\"},\"query-input\":{\"@type\":\"PropertyValueSpecification\",\"valueRequired\":true,\"valueName\":\"search_term_string\"}}],\"inLanguage\":\"de\"}]}<\/script>\n<!-- \/ Yoast SEO plugin. -->","yoast_head_json":{"title":"Centurion Beluga - Caviar Centurion","description":"Bei Centurion Caviar k\u00f6nnen Sie hochwertigen Beluga Kaviar online kaufen. Es handelt sich um eine exquisite Delikatesse mit zahlreichen gesundheitlichen Vorteilen.","robots":{"index":"index","follow":"follow","max-snippet":"max-snippet:-1","max-image-preview":"max-image-preview:large","max-video-preview":"max-video-preview:-1"},"canonical":"https:\/\/caviarcenturion.com\/de\/produkt\/centurion-beluga-caviar\/","og_locale":"de_DE","og_type":"article","og_title":"Centurion Beluga - Caviar Centurion","og_description":"Bei Centurion Caviar k\u00f6nnen Sie hochwertigen Beluga Kaviar online kaufen. Es handelt sich um eine exquisite Delikatesse mit zahlreichen gesundheitlichen Vorteilen.","og_url":"https:\/\/caviarcenturion.com\/de\/produkt\/centurion-beluga-caviar\/","og_site_name":"Caviar Centurion","article_modified_time":"2025-12-09T11:14:22+00:00","og_image":[{"width":2560,"height":2560,"url":"http:\/\/caviarcenturion.com\/wp-content\/uploads\/2025\/11\/Beluga-open-text-scaled.webp","type":"image\/webp"}],"twitter_card":"summary_large_image","twitter_misc":{"Gesch\u00e4tzte Lesezeit":"3\u00a0Minuten"},"schema":{"@context":"https:\/\/schema.org","@graph":[{"@type":"WebPage","@id":"https:\/\/caviarcenturion.com\/de\/produkt\/centurion-beluga-caviar\/","url":"https:\/\/caviarcenturion.com\/de\/produkt\/centurion-beluga-caviar\/","name":"Centurion Beluga - Caviar Centurion","isPartOf":{"@id":"https:\/\/caviarcenturion.com\/de\/#website"},"primaryImageOfPage":{"@id":"https:\/\/caviarcenturion.com\/de\/produkt\/centurion-beluga-caviar\/#primaryimage"},"image":{"@id":"https:\/\/caviarcenturion.com\/de\/produkt\/centurion-beluga-caviar\/#primaryimage"},"thumbnailUrl":"https:\/\/caviarcenturion.com\/wp-content\/uploads\/2025\/11\/Beluga-open-text-scaled.webp","datePublished":"2025-04-25T06:11:19+00:00","dateModified":"2025-12-09T11:14:22+00:00","description":"Bei Centurion Caviar k\u00f6nnen Sie hochwertigen Beluga Kaviar online kaufen. Es handelt sich um eine exquisite Delikatesse mit zahlreichen gesundheitlichen Vorteilen.","breadcrumb":{"@id":"https:\/\/caviarcenturion.com\/de\/produkt\/centurion-beluga-caviar\/#breadcrumb"},"inLanguage":"de","potentialAction":[{"@type":"ReadAction","target":["https:\/\/caviarcenturion.com\/de\/produkt\/centurion-beluga-caviar\/"]}]},{"@type":"ImageObject","inLanguage":"de","@id":"https:\/\/caviarcenturion.com\/de\/produkt\/centurion-beluga-caviar\/#primaryimage","url":"https:\/\/caviarcenturion.com\/wp-content\/uploads\/2025\/11\/Beluga-open-text-scaled.webp","contentUrl":"https:\/\/caviarcenturion.com\/wp-content\/uploads\/2025\/11\/Beluga-open-text-scaled.webp","width":2560,"height":2560},{"@type":"BreadcrumbList","@id":"https:\/\/caviarcenturion.com\/de\/produkt\/centurion-beluga-caviar\/#breadcrumb","itemListElement":[{"@type":"ListItem","position":1,"name":"Home","item":"https:\/\/caviarcenturion.com\/de\/"},{"@type":"ListItem","position":2,"name":"PRODUKTE","item":"https:\/\/caviarcenturion.com\/shop\/"},{"@type":"ListItem","position":3,"name":"Centurion Beluga"}]},{"@type":"WebSite","@id":"https:\/\/caviarcenturion.com\/de\/#website","url":"https:\/\/caviarcenturion.com\/de\/","name":"Caviar Centurion","description":"","potentialAction":[{"@type":"SearchAction","target":{"@type":"EntryPoint","urlTemplate":"https:\/\/caviarcenturion.com\/de\/?s={search_term_string}"},"query-input":{"@type":"PropertyValueSpecification","valueRequired":true,"valueName":"search_term_string"}}],"inLanguage":"de"}]}},"_links":{"self":[{"href":"https:\/\/caviarcenturion.com\/de\/wp-json\/wp\/v2\/product\/525","targetHints":{"allow":["GET"]}}],"collection":[{"href":"https:\/\/caviarcenturion.com\/de\/wp-json\/wp\/v2\/product"}],"about":[{"href":"https:\/\/caviarcenturion.com\/de\/wp-json\/wp\/v2\/types\/product"}],"replies":[{"embeddable":true,"href":"https:\/\/caviarcenturion.com\/de\/wp-json\/wp\/v2\/comments?post=525"}],"wp:featuredmedia":[{"embeddable":true,"href":"https:\/\/caviarcenturion.com\/de\/wp-json\/wp\/v2\/media\/2151"}],"wp:attachment":[{"href":"https:\/\/caviarcenturion.com\/de\/wp-json\/wp\/v2\/media?parent=525"}],"wp:term":[{"taxonomy":"product_brand","embeddable":true,"href":"https:\/\/caviarcenturion.com\/de\/wp-json\/wp\/v2\/product_brand?post=525"},{"taxonomy":"product_cat","embeddable":true,"href":"https:\/\/caviarcenturion.com\/de\/wp-json\/wp\/v2\/product_cat?post=525"},{"taxonomy":"product_tag","embeddable":true,"href":"https:\/\/caviarcenturion.com\/de\/wp-json\/wp\/v2\/product_tag?post=525"}],"curies":[{"name":"wp","href":"https:\/\/api.w.org\/{rel}","templated":true}]}}