{"id":542,"date":"2025-05-22T07:51:01","date_gmt":"2025-05-22T05:51:01","guid":{"rendered":"https:\/\/caviarcenturion.com\/product\/centurion-ossetra\/"},"modified":"2025-12-09T13:29:56","modified_gmt":"2025-12-09T11:29:56","slug":"centurion-osietra-caviar","status":"publish","type":"product","link":"https:\/\/caviarcenturion.com\/de\/produkt\/centurion-osietra-caviar\/","title":{"rendered":"Centurion Osietra"},"content":{"rendered":"<h1>Osietra Kaviar<\/h1>\n<h2>Was ist Osietra Kaviar?<\/h2>\n<p>Osietra Kaviar ist eine hochwertige Spezialit\u00e4t, die aus dem russischen St\u00f6r (Acipenser gueldenstaedtii) gewonnen wird. Er ist typischerweise goldgelb oder dunkelbraun und hat ein reichhaltiges, nussiges und leicht buttriges Aroma \u2013 ein wahrer Genuss f\u00fcr Feinschmecker. Seine Textur ist leicht fest und knackig, was den Genuss noch verst\u00e4rkt.<\/p>\n<p>Obwohl Beluga Kaviar oft als der beste Kaviar der Welt bezeichnet wird, ist Osietra eine w\u00fcrdige Alternative: klassisch, elegant und von ebenso hoher Qualit\u00e4t. Die Farbe der Eier verweist oft auf das Alter des Fisches \u2013 hellere Eier stammen von \u00e4lteren Fischen und sind daher seltener und wertvoller. Osietra Kaviar ist daher nicht nur wegen seines Geschmacks, sondern auch wegen seiner Seltenheit bei Kaviarliebhabern sehr beliebt.<\/p>\n<h2>Wie schmeckt er?<\/h2>\n<p>Osietra Kaviar hat einen wirklich einzigartigen Geschmack: nat\u00fcrlich, leicht salzig mit einem reichen Nuss- und Butteraroma. Obwohl es viele verschiedene Kaviarsorten und Rogen gibt, gilt wirklich hochwertiger Kaviar immer als besondere Delikatesse, da sein Geschmack und seine Textur weit \u00fcber dem Durchschnitt liegen. Nat\u00fcrlich ist Geschmack subjektiv, aber die meisten Kaviarsorten der Premiumklasse finden bei Feinschmeckern gro\u00dfen Anklang.<\/p>\n<p>Es ist wichtig, wie Sie den Osietra Kaviar verzehren \u2013 pur oder mit einer Beilage. Wenn Sie den authentischen Geschmack bevorzugen, sollten Sie den Kaviar pur mit einem <a href=\"https:\/\/caviarcenturion.com\/de\/produkt\/perlmuttloeffel-klein\/\" target=\"_blank\" rel=\"noopener\">Perlmuttl\u00f6ffel<\/a> probieren. Dieses Besteck ver\u00e4ndert den Geschmack nicht, im Gegensatz zu Metalll\u00f6ffeln, die Oxidation verursachen und das feine Aroma des Kaviars verf\u00e4lschen k\u00f6nnen.<\/p>\n<p>Wenn Sie den Kaviar lieber als Speise oder als Teil verschiedener Gerichte Ihren Lieben servieren m\u00f6chten, finden Sie auf unserer Website zahlreiche inspirierende Rezepte. Achten Sie darauf, immer Beilagen zu w\u00e4hlen, die den Geschmack des Kaviars unterstreichen und nicht \u00fcberdecken \u2013 beispielsweise Blini (russische Pfannkuchen), Toast, knusprige Chips oder naturbelassene, geschmacksneutrale Kekse.<\/p>\n<h2>Was bestimmt die Qualit\u00e4t von Kaviar?<\/h2>\n<ul>\n<li>Osietra-Kaviar ist ein Produkt von h\u00f6chster Qualit\u00e4t, dessen Premium-Charakter sich aus dem harmonischen Zusammenspiel mehrerer Faktoren ergibt.<br \/>\nErnteverfahren: Der Kaviar wird von Hand geerntet, wobei die Erfahrung der Mitarbeiter eine entscheidende Rolle spielt. Die Pr\u00e4zision und Feinheit der Ernte spiegelt sich direkt in der endg\u00fcltigen Qualit\u00e4t des Kaviars wider \u2013 je sorgf\u00e4ltiger die Ernte, desto raffinierter das Endergebnis.<\/li>\n<li>Zucht oder Wildfang: Es besteht ein wesentlicher Unterschied, ob der Kaviar aus kontrollierter Zucht oder aus nat\u00fcrlichen Lebensr\u00e4umen stammt. Da mehrere St\u00f6rarten vom Aussterben bedroht sind, ist das Sammeln von Kaviar in nat\u00fcrlichen Gew\u00e4ssern vor dem Laichen strengstens verboten \u2013 ein wichtiger Schritt zum Erhalt der Arten. Im Gegensatz dazu ist Kaviar aus Zuchtfischen nicht nur nachhaltiger, sondern auch von zuverl\u00e4ssigerer Qualit\u00e4t. Der Vorteil einer kontrollierten Umgebung besteht darin, dass sie einen milderen Geschmack und eine gleichbleibende Qualit\u00e4t des Kaviars gew\u00e4hrleistet und das Risiko einer Verunreinigung durch verschmutztes Wasser ausschlie\u00dft.<\/li>\n<li>Lagerung und Transport: Kaviar ist ein \u00e4u\u00dferst empfindliches Produkt, daher ist eine sachgem\u00e4\u00dfe Lagerung unerl\u00e4sslich. Idealerweise sollte er im K\u00fchlschrank bei einer Temperatur zwischen \u20132 \u00b0C und 0 \u00b0C gelagert und ausschlie\u00dflich in einem temperaturkontrollierten Logistiksystem transportiert werden, um maximale Frische und Qualit\u00e4t zu gew\u00e4hrleisten.<\/li>\n<\/ul>\n<p>Bei Osietra Kaviar ber\u00fccksichtigt Caviar Centurion alle genannten Faktoren \u2013 von der Ernte bis zur Lagerung \u2013, damit Sie stets ein Produkt von h\u00f6chster Qualit\u00e4t genie\u00dfen k\u00f6nnen.<\/p>\n<h2>Welche positiven Auswirkungen hat Osietra-Kaviar auf die Gesundheit?<\/h2>\n<p>Osietra-Kaviar ist nicht nur eine kulinarische Delikatesse, sondern auch eine echte N\u00e4hrstoffbombe. Er ist reich an<\/p>\n<ul>\n<li>hochwertigen Proteinen,<\/li>\n<li>Omega-3-Fetts\u00e4uren,<\/li>\n<li>Cholin<\/li>\n<li>sowie zahlreichen wichtigen Vitaminen und Mineralstoffen, darunter B12, Vitamin D, Zink, Magnesium, Eisen und Selen.<\/li>\n<\/ul>\n<p>Osietra Kaviar gilt aufgrund seiner au\u00dfergew\u00f6hnlichen Zusammensetzung und seiner leicht verwertbaren N\u00e4hrstoffe als n\u00e4hrstoffreiches Superfood.<\/p>\n<p>Der moderate Verzehr der meisten Rogenarten gilt als unbedenklich w\u00e4hrend der Schwangerschaft. F\u00fcr schwangere Frauen ist es jedoch immer besser, pasteurisierten Kaviar zu verzehren, da unpasteurisierter Kaviar Listerien enthalten kann, die f\u00fcr gesunde Erwachsene harmlos, f\u00fcr schwangere Frauen jedoch gef\u00e4hrlich sein k\u00f6nnen.<\/p>\n<h2>Warum Caviar Centurion?<\/h2>\n<p>Osietra Kaviar ist die perfekte Wahl, wenn Sie diese raffinierte Delikatesse in ihrer edelsten Form entdecken m\u00f6chten. Caviar Centurion ist einer der f\u00fchrenden Anbieter von Premium <strong><em><a href=\"https:\/\/caviarcenturion.com\/de\/produkt-kategorie\/products\/caviar\/\" target=\"_blank\" rel=\"noopener\">Kaviar<\/a><\/em><\/strong>, bei dem Sie aus einer Auswahl an Produkten mit garantierter Qualit\u00e4t w\u00e4hlen k\u00f6nnen. In unserem Online-Shop erwartet Sie eine gro\u00dfe Auswahl: klassische und hybride Kaviarsorten, schnelle Lieferung nach Hause, sichere, temperaturkontrollierte Verpackung. W\u00e4hlen Sie Ihren Lieblingskaviar und genie\u00dfen Sie den Luxus in Ihrem Zuhause!<\/p>\n<p>Wenn Sie auf der Suche nach einem wirklich besonderen und zugleich k\u00f6stlichen Geschenk sind, ist eine Geschenkbox mit einer Auswahl an erlesenen Kaviarsorten die ideale Wahl. In unserem Angebot finden Sie verschiedene hybride und klassische Kaviarsorten, die Sie bequem und mit kurzer Lieferzeit direkt nach Hause bestellen k\u00f6nnen.<\/p>\n","protected":false},"excerpt":{"rendered":"<h1>Osietra Kaviar (Ossetra)<\/h1>\n<p>Der Osietra Kaviar aus Acipenser Gueldenstaedtii bietet mit seinen mittelgro\u00dfen K\u00f6rnern, seinem nussigen Aroma und seiner cremigen Textur ein klassisches Kaviarerlebnis. Charakteristisch und dennoch elegant \u2013 die perfekte Wahl f\u00fcr alle, die Kaviar zum ersten Mal probieren oder bereits mit der Welt des Kaviars vertraut sind.<\/p>\n","protected":false},"featured_media":2163,"comment_status":"open","ping_status":"closed","template":"","meta":{"_acf_changed":false,"inline_featured_image":false},"product_brand":[],"product_cat":[50,53],"product_tag":[142,156],"class_list":{"0":"post-542","1":"product","2":"type-product","3":"status-publish","4":"has-post-thumbnail","6":"product_cat-all-products","7":"product_cat-caviar","8":"product_tag-caviar-de","9":"product_tag-kaviart-de","11":"first","12":"instock","13":"taxable","14":"shipping-taxable","15":"purchasable","16":"product-type-variable"},"acf":[],"yoast_head":"<!-- This site is optimized with the Yoast SEO plugin v27.2 - https:\/\/yoast.com\/product\/yoast-seo-wordpress\/ -->\n<title>Centurion Osietra - Caviar Centurion<\/title>\n<meta name=\"description\" content=\"Bei Centurion Caviar k\u00f6nnen Sie hochwertigen Osietra Kaviar online kaufen. Es handelt sich um eine exquisite Delikatesse mit vielen gesundheitlichen Vorteilen.\" \/>\n<meta name=\"robots\" content=\"index, follow, max-snippet:-1, max-image-preview:large, max-video-preview:-1\" \/>\n<link rel=\"canonical\" href=\"https:\/\/caviarcenturion.com\/de\/produkt\/centurion-osietra-caviar\/\" \/>\n<meta property=\"og:locale\" content=\"de_DE\" \/>\n<meta property=\"og:type\" content=\"article\" \/>\n<meta property=\"og:title\" content=\"Centurion Osietra - Caviar Centurion\" \/>\n<meta property=\"og:description\" content=\"Bei Centurion Caviar k\u00f6nnen Sie hochwertigen Osietra Kaviar online kaufen. Es handelt sich um eine exquisite Delikatesse mit vielen gesundheitlichen Vorteilen.\" \/>\n<meta property=\"og:url\" content=\"https:\/\/caviarcenturion.com\/de\/produkt\/centurion-osietra-caviar\/\" \/>\n<meta property=\"og:site_name\" content=\"Caviar Centurion\" \/>\n<meta property=\"article:modified_time\" content=\"2025-12-09T11:29:56+00:00\" \/>\n<meta property=\"og:image\" content=\"http:\/\/caviarcenturion.com\/wp-content\/uploads\/2025\/11\/Osietra-open-tex-scaled.webp\" \/>\n\t<meta property=\"og:image:width\" content=\"2560\" \/>\n\t<meta property=\"og:image:height\" content=\"2560\" \/>\n\t<meta property=\"og:image:type\" content=\"image\/webp\" \/>\n<meta name=\"twitter:card\" content=\"summary_large_image\" \/>\n<meta name=\"twitter:label1\" content=\"Gesch\u00e4tzte Lesezeit\" \/>\n\t<meta name=\"twitter:data1\" content=\"4\u00a0Minuten\" \/>\n<script type=\"application\/ld+json\" class=\"yoast-schema-graph\">{\"@context\":\"https:\/\/schema.org\",\"@graph\":[{\"@type\":\"WebPage\",\"@id\":\"https:\/\/caviarcenturion.com\/de\/produkt\/centurion-osietra-caviar\/\",\"url\":\"https:\/\/caviarcenturion.com\/de\/produkt\/centurion-osietra-caviar\/\",\"name\":\"Centurion Osietra - Caviar Centurion\",\"isPartOf\":{\"@id\":\"https:\/\/caviarcenturion.com\/de\/#website\"},\"primaryImageOfPage\":{\"@id\":\"https:\/\/caviarcenturion.com\/de\/produkt\/centurion-osietra-caviar\/#primaryimage\"},\"image\":{\"@id\":\"https:\/\/caviarcenturion.com\/de\/produkt\/centurion-osietra-caviar\/#primaryimage\"},\"thumbnailUrl\":\"https:\/\/caviarcenturion.com\/wp-content\/uploads\/2025\/11\/Osietra-open-tex-scaled.webp\",\"datePublished\":\"2025-05-22T05:51:01+00:00\",\"dateModified\":\"2025-12-09T11:29:56+00:00\",\"description\":\"Bei Centurion Caviar k\u00f6nnen Sie hochwertigen Osietra Kaviar online kaufen. Es handelt sich um eine exquisite Delikatesse mit vielen gesundheitlichen Vorteilen.\",\"breadcrumb\":{\"@id\":\"https:\/\/caviarcenturion.com\/de\/produkt\/centurion-osietra-caviar\/#breadcrumb\"},\"inLanguage\":\"de\",\"potentialAction\":[{\"@type\":\"ReadAction\",\"target\":[\"https:\/\/caviarcenturion.com\/de\/produkt\/centurion-osietra-caviar\/\"]}]},{\"@type\":\"ImageObject\",\"inLanguage\":\"de\",\"@id\":\"https:\/\/caviarcenturion.com\/de\/produkt\/centurion-osietra-caviar\/#primaryimage\",\"url\":\"https:\/\/caviarcenturion.com\/wp-content\/uploads\/2025\/11\/Osietra-open-tex-scaled.webp\",\"contentUrl\":\"https:\/\/caviarcenturion.com\/wp-content\/uploads\/2025\/11\/Osietra-open-tex-scaled.webp\",\"width\":2560,\"height\":2560},{\"@type\":\"BreadcrumbList\",\"@id\":\"https:\/\/caviarcenturion.com\/de\/produkt\/centurion-osietra-caviar\/#breadcrumb\",\"itemListElement\":[{\"@type\":\"ListItem\",\"position\":1,\"name\":\"Home\",\"item\":\"https:\/\/caviarcenturion.com\/de\/\"},{\"@type\":\"ListItem\",\"position\":2,\"name\":\"PRODUKTE\",\"item\":\"https:\/\/caviarcenturion.com\/shop\/\"},{\"@type\":\"ListItem\",\"position\":3,\"name\":\"Centurion Osietra\"}]},{\"@type\":\"WebSite\",\"@id\":\"https:\/\/caviarcenturion.com\/de\/#website\",\"url\":\"https:\/\/caviarcenturion.com\/de\/\",\"name\":\"Caviar Centurion\",\"description\":\"\",\"potentialAction\":[{\"@type\":\"SearchAction\",\"target\":{\"@type\":\"EntryPoint\",\"urlTemplate\":\"https:\/\/caviarcenturion.com\/de\/?s={search_term_string}\"},\"query-input\":{\"@type\":\"PropertyValueSpecification\",\"valueRequired\":true,\"valueName\":\"search_term_string\"}}],\"inLanguage\":\"de\"}]}<\/script>\n<!-- \/ Yoast SEO plugin. -->","yoast_head_json":{"title":"Centurion Osietra - Caviar Centurion","description":"Bei Centurion Caviar k\u00f6nnen Sie hochwertigen Osietra Kaviar online kaufen. Es handelt sich um eine exquisite Delikatesse mit vielen gesundheitlichen Vorteilen.","robots":{"index":"index","follow":"follow","max-snippet":"max-snippet:-1","max-image-preview":"max-image-preview:large","max-video-preview":"max-video-preview:-1"},"canonical":"https:\/\/caviarcenturion.com\/de\/produkt\/centurion-osietra-caviar\/","og_locale":"de_DE","og_type":"article","og_title":"Centurion Osietra - Caviar Centurion","og_description":"Bei Centurion Caviar k\u00f6nnen Sie hochwertigen Osietra Kaviar online kaufen. Es handelt sich um eine exquisite Delikatesse mit vielen gesundheitlichen Vorteilen.","og_url":"https:\/\/caviarcenturion.com\/de\/produkt\/centurion-osietra-caviar\/","og_site_name":"Caviar Centurion","article_modified_time":"2025-12-09T11:29:56+00:00","og_image":[{"width":2560,"height":2560,"url":"http:\/\/caviarcenturion.com\/wp-content\/uploads\/2025\/11\/Osietra-open-tex-scaled.webp","type":"image\/webp"}],"twitter_card":"summary_large_image","twitter_misc":{"Gesch\u00e4tzte Lesezeit":"4\u00a0Minuten"},"schema":{"@context":"https:\/\/schema.org","@graph":[{"@type":"WebPage","@id":"https:\/\/caviarcenturion.com\/de\/produkt\/centurion-osietra-caviar\/","url":"https:\/\/caviarcenturion.com\/de\/produkt\/centurion-osietra-caviar\/","name":"Centurion Osietra - Caviar Centurion","isPartOf":{"@id":"https:\/\/caviarcenturion.com\/de\/#website"},"primaryImageOfPage":{"@id":"https:\/\/caviarcenturion.com\/de\/produkt\/centurion-osietra-caviar\/#primaryimage"},"image":{"@id":"https:\/\/caviarcenturion.com\/de\/produkt\/centurion-osietra-caviar\/#primaryimage"},"thumbnailUrl":"https:\/\/caviarcenturion.com\/wp-content\/uploads\/2025\/11\/Osietra-open-tex-scaled.webp","datePublished":"2025-05-22T05:51:01+00:00","dateModified":"2025-12-09T11:29:56+00:00","description":"Bei Centurion Caviar k\u00f6nnen Sie hochwertigen Osietra Kaviar online kaufen. Es handelt sich um eine exquisite Delikatesse mit vielen gesundheitlichen Vorteilen.","breadcrumb":{"@id":"https:\/\/caviarcenturion.com\/de\/produkt\/centurion-osietra-caviar\/#breadcrumb"},"inLanguage":"de","potentialAction":[{"@type":"ReadAction","target":["https:\/\/caviarcenturion.com\/de\/produkt\/centurion-osietra-caviar\/"]}]},{"@type":"ImageObject","inLanguage":"de","@id":"https:\/\/caviarcenturion.com\/de\/produkt\/centurion-osietra-caviar\/#primaryimage","url":"https:\/\/caviarcenturion.com\/wp-content\/uploads\/2025\/11\/Osietra-open-tex-scaled.webp","contentUrl":"https:\/\/caviarcenturion.com\/wp-content\/uploads\/2025\/11\/Osietra-open-tex-scaled.webp","width":2560,"height":2560},{"@type":"BreadcrumbList","@id":"https:\/\/caviarcenturion.com\/de\/produkt\/centurion-osietra-caviar\/#breadcrumb","itemListElement":[{"@type":"ListItem","position":1,"name":"Home","item":"https:\/\/caviarcenturion.com\/de\/"},{"@type":"ListItem","position":2,"name":"PRODUKTE","item":"https:\/\/caviarcenturion.com\/shop\/"},{"@type":"ListItem","position":3,"name":"Centurion Osietra"}]},{"@type":"WebSite","@id":"https:\/\/caviarcenturion.com\/de\/#website","url":"https:\/\/caviarcenturion.com\/de\/","name":"Caviar Centurion","description":"","potentialAction":[{"@type":"SearchAction","target":{"@type":"EntryPoint","urlTemplate":"https:\/\/caviarcenturion.com\/de\/?s={search_term_string}"},"query-input":{"@type":"PropertyValueSpecification","valueRequired":true,"valueName":"search_term_string"}}],"inLanguage":"de"}]}},"_links":{"self":[{"href":"https:\/\/caviarcenturion.com\/de\/wp-json\/wp\/v2\/product\/542","targetHints":{"allow":["GET"]}}],"collection":[{"href":"https:\/\/caviarcenturion.com\/de\/wp-json\/wp\/v2\/product"}],"about":[{"href":"https:\/\/caviarcenturion.com\/de\/wp-json\/wp\/v2\/types\/product"}],"replies":[{"embeddable":true,"href":"https:\/\/caviarcenturion.com\/de\/wp-json\/wp\/v2\/comments?post=542"}],"wp:featuredmedia":[{"embeddable":true,"href":"https:\/\/caviarcenturion.com\/de\/wp-json\/wp\/v2\/media\/2163"}],"wp:attachment":[{"href":"https:\/\/caviarcenturion.com\/de\/wp-json\/wp\/v2\/media?parent=542"}],"wp:term":[{"taxonomy":"product_brand","embeddable":true,"href":"https:\/\/caviarcenturion.com\/de\/wp-json\/wp\/v2\/product_brand?post=542"},{"taxonomy":"product_cat","embeddable":true,"href":"https:\/\/caviarcenturion.com\/de\/wp-json\/wp\/v2\/product_cat?post=542"},{"taxonomy":"product_tag","embeddable":true,"href":"https:\/\/caviarcenturion.com\/de\/wp-json\/wp\/v2\/product_tag?post=542"}],"curies":[{"name":"wp","href":"https:\/\/api.w.org\/{rel}","templated":true}]}}