{"id":557,"date":"2025-05-22T07:53:06","date_gmt":"2025-05-22T05:53:06","guid":{"rendered":"https:\/\/caviarcenturion.com\/product\/centurion-siberian\/"},"modified":"2025-12-09T13:29:55","modified_gmt":"2025-12-09T11:29:55","slug":"centurion-siberian-caviar","status":"publish","type":"product","link":"https:\/\/caviarcenturion.com\/de\/produkt\/centurion-siberian-caviar\/","title":{"rendered":"Centurion Siberian"},"content":{"rendered":"<h1>Siberian Kaviar<\/h1>\n<h2>Was ist sibirischer Kaviar?<\/h2>\n<p>Sibirischer Kaviar (Baerii) ist eine Delikatesse der Extraklasse, die vom sibirischen St\u00f6r (auch Acipenser baerii genannt) kommt. Diese russische Spezialit\u00e4t geh\u00f6rt zu den Premium-Kaviarsorten und hat einen milden, nussigen Geschmack und eine glatte Textur. Die Farbe reicht von tiefschwarz bis anthrazit (dunkelgrau).<\/p>\n<p>Der sibirische St\u00f6rkaviar besteht in der Regel aus mittelgro\u00dfen, elastischen und gl\u00e4nzenden Perlen, die diese Delikatesse ziemlich einzigartig machen. Manchmal wird er auch als russischer (\u0440\u0443\u0441\u0441\u043a\u0438\u0439) Kaviar bezeichnet, vor allem wegen seiner Herkunft vom sibirischen St\u00f6r, aber damit ist immer derselbe Kaviar gemeint.<\/p>\n<h2>Wie schmeckt er?<\/h2>\n<p>Sibirischer Kaviar hat einen einzigartigen Geschmack, eine glatte, samtige Textur und ein charakteristisches Aroma. Es gibt viele verschiedene Kaviarsorten und Rogen, aber guter Kaviar wird wegen seines einzigartigen Geschmacks und seiner Textur immer als Delikatesse angesehen. Obwohl dies in der Regel von den pers\u00f6nlichen Vorlieben abh\u00e4ngt, ist Kaviar von h\u00f6chster Qualit\u00e4t in der Regel f\u00fcr jeden attraktiv.<\/p>\n<p>Ein weiterer Aspekt, den es zu ber\u00fccksichtigen gilt, ist, ob Sibirischer Kaviar mit oder ohne Beilage verzehrt werden soll. Liebhaber des urspr\u00fcnglichen Geschmacks sollten ihn ohne Beilage mit einem <em><a href=\"https:\/\/caviarcenturion.com\/de\/produkt\/perlmuttloeffel-klein\/\" target=\"_blank\" rel=\"noopener\">Perlmuttl\u00f6ffel<\/a><\/em> genie\u00dfen, da Metall das Geschmackserlebnis beeintr\u00e4chtigen kann.<\/p>\n<p>Wenn Sie jedoch lieber ein Kaviargericht zubereiten m\u00f6chten, das Sie Ihren Lieben servieren k\u00f6nnen, finden Sie auf unserer Website zahlreiche Rezepte. Bitte beachten Sie jedoch, dass es immer besser ist, Kaviar mit delikaten Beilagen zu genie\u00dfen, die den Geschmack des Kaviars nicht \u00fcberdecken. Dazu eignen sich beispielsweise Pfannkuchen (russische Blini), Toast, Chips und Kekse.<\/p>\n<h2>Was macht die Qualit\u00e4t von Kaviar aus?<\/h2>\n<p>Sibirischer Kaviar ist ein Produkt von h\u00f6chster Qualit\u00e4t, die sich aus mehreren Faktoren ergibt.<\/p>\n<ul>\n<li>Die Art der Gewinnung: Die Kaviarernte ist ein manueller Prozess, bei dem die Erfahrung der Mitarbeiter eine wichtige Rolle spielt. Die Art der Ernte kann die Qualit\u00e4t des Produkts direkt beeinflussen.<\/li>\n<li>Zucht vs. Wildfang: Ob der Kaviar aus Zuchtbetrieben oder aus der freien Natur stammt, spielt eine wichtige Rolle f\u00fcr die Qualit\u00e4t. Da einige St\u00f6rarten gef\u00e4hrdet sind, ist das Sammeln ihrer Eier in Fl\u00fcssen verboten. Au\u00dferdem ist es gut zu wissen, dass eine kontrollierte Umgebung besser ist, um einen milden Geschmack und eine gleichbleibende Qualit\u00e4t zu erhalten und Verunreinigungen aus verschmutztem Wasser zu vermeiden.<\/li>\n<li>Lagerung und Transport: Da es sich um ein empfindliches Produkt handelt, ist es super wichtig, dass es im K\u00fchlschrank bei -2 \u00b0C bis 0 \u00b0C gelagert wird und auch beim Transport auf die richtige Temperatur geachtet wird.<\/li>\n<\/ul>\n<p>Bei Caviar Centurion achten wir darauf, dass alle wichtigen Punkte beachtet werden, um ein Produkt von h\u00f6chster Qualit\u00e4t zu garantieren.<\/p>\n<h2>Welche gesundheitlichen Vorteile hat er?<\/h2>\n<p>Sibirischer Kaviar hat viele gesundheitliche Vorteile, weil er reich an Proteinen, Omega-3-Fetts\u00e4uren und Cholin ist und eine tolle Quelle f\u00fcr Vitamine und Mineralstoffe wie Vitamin B12, Vitamin D, Zink, Magnesium, Eisen und Selen ist.<\/p>\n<h2>Warum Caviar Centurion?<\/h2>\n<p>Sibirischer Kaviar ist die perfekte Wahl, um den einzigartigen Geschmack dieser Delikatesse zu genie\u00dfen. Caviar Centurion ist einer der besten Lieferanten f\u00fcr Premium Kaviar. In unserem Online-Shop kannst du aus einer gro\u00dfen Auswahl dein Lieblingsprodukt in bester Qualit\u00e4t kaufen. Wenn du auf der Suche nach luxuri\u00f6sen und zugleich k\u00f6stlichen Geschenken bist, ist unser Sortiment an k\u00f6niglichen Kaviarvariationen die beste Wahl. Du kannst aus verschiedenen Arten von Hybrid- und klassischen Rogen w\u00e4hlen, die wir dir in k\u00fcrzester Zeit nach Hause liefern.<\/p>\n<h2>Warum Caviar Centurion?<\/h2>\n<p>Das ist die perfekte Wahl f\u00fcr alle, die den einzigartigen Geschmack dieser Delikatesse genie\u00dfen wollen. Caviar Centurion ist einer der besten Anbieter von Premium <em><a href=\"https:\/\/caviarcenturion.com\/de\/produkt-kategorie\/products\/caviar\/\" target=\"_blank\" rel=\"noopener\">Kaviar<\/a><\/em>. In unserem Online-Shop kannst du aus einem breiten Sortiment dein Lieblingsprodukt in hoher Qualit\u00e4t ausw\u00e4hlen und kaufen. Wenn du auf der Suche nach luxuri\u00f6sen und zugleich raffinierten Geschenken bist, ist ein Set mit verschiedenen Sorten Kaviar die beste Wahl. Du kannst aus verschiedenen Sorten von Hybrid- und klassischem Kaviar w\u00e4hlen, und wir liefern deine Bestellung so schnell wie m\u00f6glich.<\/p>\n","protected":false},"excerpt":{"rendered":"<h1 class=\"CCgQ5 vCa9Yd QfkTvb N8QANc Va3FIb EE3Upf\" role=\"heading\" aria-level=\"3\">Kaviar vom sibirischen St\u00f6r\u00a0(Baerii)<\/h1>\n<p>Der Baerii Kaviar, der aus dem Acipenser Baerii-St\u00f6r stammt, hat einen satten, w\u00fcrzig-aromatischen Geschmack und eine seidige Textur. Wegen seines intensiveren Charakters ist er besonders f\u00fcr Leute zu empfehlen, die einen kr\u00e4ftigeren Geschmack m\u00f6gen.<\/p>\n","protected":false},"featured_media":2167,"comment_status":"open","ping_status":"closed","template":"","meta":{"_acf_changed":false,"inline_featured_image":false},"product_brand":[],"product_cat":[50,53],"product_tag":[],"class_list":{"0":"post-557","1":"product","2":"type-product","3":"status-publish","4":"has-post-thumbnail","6":"product_cat-all-products","7":"product_cat-caviar","9":"first","10":"instock","11":"taxable","12":"shipping-taxable","13":"purchasable","14":"product-type-variable"},"acf":[],"yoast_head":"<!-- This site is optimized with the Yoast SEO plugin v27.2 - https:\/\/yoast.com\/product\/yoast-seo-wordpress\/ -->\n<title>Centurion Siberian - Caviar Centurion<\/title>\n<meta name=\"description\" content=\"Bei Centurion Caviar kannst du erstklassigen Kaviar vom sibirischen St\u00f6r online kaufen. Es handelt sich um eine exquisite Delikatesse mit zahlreichen gesundheitlichen Vorteilen.\" \/>\n<meta name=\"robots\" content=\"index, follow, max-snippet:-1, max-image-preview:large, max-video-preview:-1\" \/>\n<link rel=\"canonical\" href=\"https:\/\/caviarcenturion.com\/de\/produkt\/centurion-siberian-caviar\/\" \/>\n<meta property=\"og:locale\" content=\"de_DE\" \/>\n<meta property=\"og:type\" content=\"article\" \/>\n<meta property=\"og:title\" content=\"Centurion Siberian - Caviar Centurion\" \/>\n<meta property=\"og:description\" content=\"Bei Centurion Caviar kannst du erstklassigen Kaviar vom sibirischen St\u00f6r online kaufen. Es handelt sich um eine exquisite Delikatesse mit zahlreichen gesundheitlichen Vorteilen.\" \/>\n<meta property=\"og:url\" content=\"https:\/\/caviarcenturion.com\/de\/produkt\/centurion-siberian-caviar\/\" \/>\n<meta property=\"og:site_name\" content=\"Caviar Centurion\" \/>\n<meta property=\"article:modified_time\" content=\"2025-12-09T11:29:55+00:00\" \/>\n<meta property=\"og:image\" content=\"http:\/\/caviarcenturion.com\/wp-content\/uploads\/2025\/11\/Siberian-open-tex-scaled.webp\" \/>\n\t<meta property=\"og:image:width\" content=\"2560\" \/>\n\t<meta property=\"og:image:height\" content=\"2560\" \/>\n\t<meta property=\"og:image:type\" content=\"image\/webp\" \/>\n<meta name=\"twitter:card\" content=\"summary_large_image\" \/>\n<meta name=\"twitter:label1\" content=\"Gesch\u00e4tzte Lesezeit\" \/>\n\t<meta name=\"twitter:data1\" content=\"3\u00a0Minuten\" \/>\n<script type=\"application\/ld+json\" class=\"yoast-schema-graph\">{\"@context\":\"https:\/\/schema.org\",\"@graph\":[{\"@type\":\"WebPage\",\"@id\":\"https:\/\/caviarcenturion.com\/de\/produkt\/centurion-siberian-caviar\/\",\"url\":\"https:\/\/caviarcenturion.com\/de\/produkt\/centurion-siberian-caviar\/\",\"name\":\"Centurion Siberian - Caviar Centurion\",\"isPartOf\":{\"@id\":\"https:\/\/caviarcenturion.com\/de\/#website\"},\"primaryImageOfPage\":{\"@id\":\"https:\/\/caviarcenturion.com\/de\/produkt\/centurion-siberian-caviar\/#primaryimage\"},\"image\":{\"@id\":\"https:\/\/caviarcenturion.com\/de\/produkt\/centurion-siberian-caviar\/#primaryimage\"},\"thumbnailUrl\":\"https:\/\/caviarcenturion.com\/wp-content\/uploads\/2025\/11\/Siberian-open-tex-scaled.webp\",\"datePublished\":\"2025-05-22T05:53:06+00:00\",\"dateModified\":\"2025-12-09T11:29:55+00:00\",\"description\":\"Bei Centurion Caviar kannst du erstklassigen Kaviar vom sibirischen St\u00f6r online kaufen. Es handelt sich um eine exquisite Delikatesse mit zahlreichen gesundheitlichen Vorteilen.\",\"breadcrumb\":{\"@id\":\"https:\/\/caviarcenturion.com\/de\/produkt\/centurion-siberian-caviar\/#breadcrumb\"},\"inLanguage\":\"de\",\"potentialAction\":[{\"@type\":\"ReadAction\",\"target\":[\"https:\/\/caviarcenturion.com\/de\/produkt\/centurion-siberian-caviar\/\"]}]},{\"@type\":\"ImageObject\",\"inLanguage\":\"de\",\"@id\":\"https:\/\/caviarcenturion.com\/de\/produkt\/centurion-siberian-caviar\/#primaryimage\",\"url\":\"https:\/\/caviarcenturion.com\/wp-content\/uploads\/2025\/11\/Siberian-open-tex-scaled.webp\",\"contentUrl\":\"https:\/\/caviarcenturion.com\/wp-content\/uploads\/2025\/11\/Siberian-open-tex-scaled.webp\",\"width\":2560,\"height\":2560},{\"@type\":\"BreadcrumbList\",\"@id\":\"https:\/\/caviarcenturion.com\/de\/produkt\/centurion-siberian-caviar\/#breadcrumb\",\"itemListElement\":[{\"@type\":\"ListItem\",\"position\":1,\"name\":\"Home\",\"item\":\"https:\/\/caviarcenturion.com\/de\/\"},{\"@type\":\"ListItem\",\"position\":2,\"name\":\"PRODUKTE\",\"item\":\"https:\/\/caviarcenturion.com\/shop\/\"},{\"@type\":\"ListItem\",\"position\":3,\"name\":\"Centurion Siberian\"}]},{\"@type\":\"WebSite\",\"@id\":\"https:\/\/caviarcenturion.com\/de\/#website\",\"url\":\"https:\/\/caviarcenturion.com\/de\/\",\"name\":\"Caviar Centurion\",\"description\":\"\",\"potentialAction\":[{\"@type\":\"SearchAction\",\"target\":{\"@type\":\"EntryPoint\",\"urlTemplate\":\"https:\/\/caviarcenturion.com\/de\/?s={search_term_string}\"},\"query-input\":{\"@type\":\"PropertyValueSpecification\",\"valueRequired\":true,\"valueName\":\"search_term_string\"}}],\"inLanguage\":\"de\"}]}<\/script>\n<!-- \/ Yoast SEO plugin. -->","yoast_head_json":{"title":"Centurion Siberian - Caviar Centurion","description":"Bei Centurion Caviar kannst du erstklassigen Kaviar vom sibirischen St\u00f6r online kaufen. Es handelt sich um eine exquisite Delikatesse mit zahlreichen gesundheitlichen Vorteilen.","robots":{"index":"index","follow":"follow","max-snippet":"max-snippet:-1","max-image-preview":"max-image-preview:large","max-video-preview":"max-video-preview:-1"},"canonical":"https:\/\/caviarcenturion.com\/de\/produkt\/centurion-siberian-caviar\/","og_locale":"de_DE","og_type":"article","og_title":"Centurion Siberian - Caviar Centurion","og_description":"Bei Centurion Caviar kannst du erstklassigen Kaviar vom sibirischen St\u00f6r online kaufen. Es handelt sich um eine exquisite Delikatesse mit zahlreichen gesundheitlichen Vorteilen.","og_url":"https:\/\/caviarcenturion.com\/de\/produkt\/centurion-siberian-caviar\/","og_site_name":"Caviar Centurion","article_modified_time":"2025-12-09T11:29:55+00:00","og_image":[{"width":2560,"height":2560,"url":"http:\/\/caviarcenturion.com\/wp-content\/uploads\/2025\/11\/Siberian-open-tex-scaled.webp","type":"image\/webp"}],"twitter_card":"summary_large_image","twitter_misc":{"Gesch\u00e4tzte Lesezeit":"3\u00a0Minuten"},"schema":{"@context":"https:\/\/schema.org","@graph":[{"@type":"WebPage","@id":"https:\/\/caviarcenturion.com\/de\/produkt\/centurion-siberian-caviar\/","url":"https:\/\/caviarcenturion.com\/de\/produkt\/centurion-siberian-caviar\/","name":"Centurion Siberian - Caviar Centurion","isPartOf":{"@id":"https:\/\/caviarcenturion.com\/de\/#website"},"primaryImageOfPage":{"@id":"https:\/\/caviarcenturion.com\/de\/produkt\/centurion-siberian-caviar\/#primaryimage"},"image":{"@id":"https:\/\/caviarcenturion.com\/de\/produkt\/centurion-siberian-caviar\/#primaryimage"},"thumbnailUrl":"https:\/\/caviarcenturion.com\/wp-content\/uploads\/2025\/11\/Siberian-open-tex-scaled.webp","datePublished":"2025-05-22T05:53:06+00:00","dateModified":"2025-12-09T11:29:55+00:00","description":"Bei Centurion Caviar kannst du erstklassigen Kaviar vom sibirischen St\u00f6r online kaufen. Es handelt sich um eine exquisite Delikatesse mit zahlreichen gesundheitlichen Vorteilen.","breadcrumb":{"@id":"https:\/\/caviarcenturion.com\/de\/produkt\/centurion-siberian-caviar\/#breadcrumb"},"inLanguage":"de","potentialAction":[{"@type":"ReadAction","target":["https:\/\/caviarcenturion.com\/de\/produkt\/centurion-siberian-caviar\/"]}]},{"@type":"ImageObject","inLanguage":"de","@id":"https:\/\/caviarcenturion.com\/de\/produkt\/centurion-siberian-caviar\/#primaryimage","url":"https:\/\/caviarcenturion.com\/wp-content\/uploads\/2025\/11\/Siberian-open-tex-scaled.webp","contentUrl":"https:\/\/caviarcenturion.com\/wp-content\/uploads\/2025\/11\/Siberian-open-tex-scaled.webp","width":2560,"height":2560},{"@type":"BreadcrumbList","@id":"https:\/\/caviarcenturion.com\/de\/produkt\/centurion-siberian-caviar\/#breadcrumb","itemListElement":[{"@type":"ListItem","position":1,"name":"Home","item":"https:\/\/caviarcenturion.com\/de\/"},{"@type":"ListItem","position":2,"name":"PRODUKTE","item":"https:\/\/caviarcenturion.com\/shop\/"},{"@type":"ListItem","position":3,"name":"Centurion Siberian"}]},{"@type":"WebSite","@id":"https:\/\/caviarcenturion.com\/de\/#website","url":"https:\/\/caviarcenturion.com\/de\/","name":"Caviar Centurion","description":"","potentialAction":[{"@type":"SearchAction","target":{"@type":"EntryPoint","urlTemplate":"https:\/\/caviarcenturion.com\/de\/?s={search_term_string}"},"query-input":{"@type":"PropertyValueSpecification","valueRequired":true,"valueName":"search_term_string"}}],"inLanguage":"de"}]}},"_links":{"self":[{"href":"https:\/\/caviarcenturion.com\/de\/wp-json\/wp\/v2\/product\/557","targetHints":{"allow":["GET"]}}],"collection":[{"href":"https:\/\/caviarcenturion.com\/de\/wp-json\/wp\/v2\/product"}],"about":[{"href":"https:\/\/caviarcenturion.com\/de\/wp-json\/wp\/v2\/types\/product"}],"replies":[{"embeddable":true,"href":"https:\/\/caviarcenturion.com\/de\/wp-json\/wp\/v2\/comments?post=557"}],"wp:featuredmedia":[{"embeddable":true,"href":"https:\/\/caviarcenturion.com\/de\/wp-json\/wp\/v2\/media\/2167"}],"wp:attachment":[{"href":"https:\/\/caviarcenturion.com\/de\/wp-json\/wp\/v2\/media?parent=557"}],"wp:term":[{"taxonomy":"product_brand","embeddable":true,"href":"https:\/\/caviarcenturion.com\/de\/wp-json\/wp\/v2\/product_brand?post=557"},{"taxonomy":"product_cat","embeddable":true,"href":"https:\/\/caviarcenturion.com\/de\/wp-json\/wp\/v2\/product_cat?post=557"},{"taxonomy":"product_tag","embeddable":true,"href":"https:\/\/caviarcenturion.com\/de\/wp-json\/wp\/v2\/product_tag?post=557"}],"curies":[{"name":"wp","href":"https:\/\/api.w.org\/{rel}","templated":true}]}}