{"id":580,"date":"2025-05-22T07:54:42","date_gmt":"2025-05-22T05:54:42","guid":{"rendered":"https:\/\/caviarcenturion.com\/product\/centurion-imperial\/"},"modified":"2025-12-09T13:29:55","modified_gmt":"2025-12-09T11:29:55","slug":"centurion-imperial-caviar","status":"publish","type":"product","link":"https:\/\/caviarcenturion.com\/de\/produkt\/centurion-imperial-caviar\/","title":{"rendered":"Centurion Imperial"},"content":{"rendered":"<h1>Imperial Caviar<\/h1>\n<h2>Was ist Imperial Caviar?<\/h2>\n<p>Imperial Caviar wird auch als Auslese-Kaviar bezeichnet und ist eine Kreuzung aus zwei St\u00f6rarten, \u201eAcipenser Schrenckii\u201d und \u201eHuso Dauricus\u201d. Er ist der Klassiker und einer der hochwertigsten Kaviare der Welt. Er zeichnet sich normalerweise durch pralle und gro\u00dfe Perlen aus und schmilzt sanft im Mund.<\/p>\n<p>Die Farbe des Imperial Kaviars reicht von hellbraun bis zu tiefbraunen T\u00f6nen. Bemerkenswert ist, dass diese Delikatesse eine der feinsten Texturen aufweist und nicht nur f\u00fcr Kenner, sondern auch f\u00fcr diejenigen geeignet ist, die noch nie Kaviar probiert haben.<\/p>\n<h2>Wie schmeckt er?<\/h2>\n<p>Der Geschmack von Imperial Kaviar ist einzigartig, da er sich durch einen knackigen, ausgepr\u00e4gten Geschmack und eine milde, nussige Textur auszeichnet. Es gibt viele verschiedene Arten von Kaviar und Rogen, aber guter Kaviar gilt wegen seines einzigartigen Geschmacks und seiner Textur immer als Delikatesse. Es h\u00e4ngt in der Regel von den pers\u00f6nlichen Vorlieben ab, aber hochwertiger Kaviar schmeckt im Allgemeinen jedem.<\/p>\n<p>Ein weiterer Aspekt, den du beachten solltest, ist, ob du Imperial-Kaviar mit oder ohne Beilagen essen m\u00f6chtest. Wenn du zu den Menschen geh\u00f6rst, die den urspr\u00fcnglichen Geschmack dieser Delikatesse bevorzugen, solltest du ihn am besten ohne Beilagen auf einem <em><a href=\"https:\/\/caviarcenturion.com\/de\/produkt\/perlmuttloeffel-klein\/\" target=\"_blank\" rel=\"noopener\">Perlmuttl\u00f6ffel<\/a> <\/em>genie\u00dfen, da Metall den Geschmack beeintr\u00e4chtigen kann.<\/p>\n<p>Wenn du das Gericht aber lieber mit Kaviar zubereiten und deinen Lieben servieren m\u00f6chtest, findest du auf unserer Website viele Rezepte. Denk daran, dass es immer besser ist, ihn mit delikaten Beilagen zu essen, die den Geschmack des Kaviars nicht \u00fcberdecken. Dazu passen zum Beispiel Pfannkuchen (russische Blinis), Toast, Chips und Cracker.<\/p>\n<h2>Was macht die Qualit\u00e4t von Kaviar aus?<\/h2>\n<p>Imperialer Kaviar ist ein hochwertiges Produkt, und diese Eigenschaft h\u00e4ngt von vielen verschiedenen Faktoren ab.<\/p>\n<ul>\n<li>Wie wird er geerntet: Die Kaviarernte ist ein manueller Prozess, und die Erfahrung der Mitarbeiter ist ein entscheidender Faktor. Die Sorgfalt, mit der er geerntet wird, spiegelt sich direkt in der Qualit\u00e4t des Produkts wider.<\/li>\n<li>Zucht vs. Wildfang: Ob der Kaviar aus Zuchtbetrieben oder aus der freien Natur stammt, spielt eine wichtige Rolle. Da einige St\u00f6rarten vom Aussterben bedroht sind, ist der Wildfang in Fl\u00fcssen, in denen St\u00f6re laichen, verboten, um den Bestand dieser gef\u00e4hrdeten Arten zu erhalten. Au\u00dferdem ist es wichtig zu wissen, dass eine kontrollierte Umgebung besser geeignet ist, um einen milden Geschmack und eine gleichbleibende Qualit\u00e4t zu gew\u00e4hrleisten und Verunreinigungen durch verschmutztes Wasser zu vermeiden.<\/li>\n<li>Lagerung und Transport: Da es sich um ein sehr empfindliches Produkt handelt, ist es wichtig, ihn im K\u00fchlschrank bei -2 \u00b0C bis 0 \u00b0C zu lagern und mit temperaturkontrollierter Logistik zu transportieren.<\/li>\n<\/ul>\n<p>Bei Caviar Centurion achten wir darauf, alle oben genannten wichtigen Aspekte zu ber\u00fccksichtigen, um ein Produkt von h\u00f6chster Qualit\u00e4t zu liefern.<\/p>\n<h2>Welche gesundheitlichen Vorteile hat er?<\/h2>\n<p>Imperial-Kaviar hat viele gesundheitliche Vorteile, da er eine gute Quelle f\u00fcr Proteine, Omega-3-Fetts\u00e4uren, Cholin und viele Vitamine und Mineralstoffe wie Vitamin B12, Vitamin D, Zink, Magnesium, Eisen und Selen ist. Viele Lebensmittel haben gesundheitliche Vorteile, aber Kaviar Imperial ist unvergleichlich, da er als n\u00e4hrstoffreiches Superfood gilt.<\/p>\n<p>Der moderate Verzehr der meisten Fischrogenarten gilt w\u00e4hrend der Schwangerschaft als unbedenklich. F\u00fcr Schwangere ist es jedoch immer besser, pasteurisierten Kaviar zu essen, da nicht pasteurisierter Kaviar Listerien enthalten kann, die f\u00fcr gesunde Erwachsene harmlos, f\u00fcr Schwangere aber gef\u00e4hrlich sein k\u00f6nnen.<\/p>\n<h2>Warum Caviar Centurion?<\/h2>\n<p>Imperial Kaviar ist die perfekte Wahl, um den unvergleichlichen Geschmack dieser Delikatesse zu genie\u00dfen. Caviar Centurion ist einer der besten Anbieter von Premium <a href=\"https:\/\/caviarcenturion.com\/de\/produkt-kategorie\/products\/caviar\/\" target=\"_blank\" rel=\"noopener\"><em>Kaviar<\/em><\/a>. In unserem Online-Shop kannst du aus einer gro\u00dfen Auswahl dein Lieblingsprodukt kaufen. Wenn du auf der Suche nach luxuri\u00f6sen und gleichzeitig k\u00f6stlichen Geschenken bist, ist ein Set mit verschiedenen Kaviar Sorten die beste Wahl. Du kannst verschiedene Sorten von Hybrid- und klassischem Rogen kaufen und dir diese in k\u00fcrzester Zeit nach Hause liefern lassen.<\/p>\n","protected":false},"excerpt":{"rendered":"<h1>Imperial Kaviar<\/h1>\n<p>Diese einzigartige Mischung kommt aus der Kreuzung von Acipenser Schrenckii und Huso Dauricus. Der Kaviar hat gro\u00dfe, volle Rogenk\u00f6rner, einen leicht nussigen, feinen Geschmack und eine samtige Konsistenz. Ein raffinierter, aber leicht zu genie\u00dfender Kaviar, der sowohl f\u00fcr Anf\u00e4nger als auch f\u00fcr erfahrene Feinschmecker die perfekte Wahl ist.<\/p>\n","protected":false},"featured_media":2155,"comment_status":"open","ping_status":"closed","template":"","meta":{"_acf_changed":false,"inline_featured_image":false},"product_brand":[],"product_cat":[50,53],"product_tag":[142,156],"class_list":{"0":"post-580","1":"product","2":"type-product","3":"status-publish","4":"has-post-thumbnail","6":"product_cat-all-products","7":"product_cat-caviar","8":"product_tag-caviar-de","9":"product_tag-kaviart-de","11":"first","12":"instock","13":"taxable","14":"shipping-taxable","15":"purchasable","16":"product-type-variable"},"acf":[],"yoast_head":"<!-- This site is optimized with the Yoast SEO plugin v27.2 - https:\/\/yoast.com\/product\/yoast-seo-wordpress\/ -->\n<title>Centurion Imperial - Caviar Centurion<\/title>\n<meta name=\"description\" content=\"Bei Centurion Caviar kannst du erstklassigen Imperial Kaviar online kaufen. Das ist eine tolle Delikatesse mit vielen gesundheitlichen Vorteilen.\" \/>\n<meta name=\"robots\" content=\"index, follow, max-snippet:-1, max-image-preview:large, max-video-preview:-1\" \/>\n<link rel=\"canonical\" href=\"https:\/\/caviarcenturion.com\/de\/produkt\/centurion-imperial-caviar\/\" \/>\n<meta property=\"og:locale\" content=\"de_DE\" \/>\n<meta property=\"og:type\" content=\"article\" \/>\n<meta property=\"og:title\" content=\"Centurion Imperial - Caviar Centurion\" \/>\n<meta property=\"og:description\" content=\"Bei Centurion Caviar kannst du erstklassigen Imperial Kaviar online kaufen. Das ist eine tolle Delikatesse mit vielen gesundheitlichen Vorteilen.\" \/>\n<meta property=\"og:url\" content=\"https:\/\/caviarcenturion.com\/de\/produkt\/centurion-imperial-caviar\/\" \/>\n<meta property=\"og:site_name\" content=\"Caviar Centurion\" \/>\n<meta property=\"article:modified_time\" content=\"2025-12-09T11:29:55+00:00\" \/>\n<meta property=\"og:image\" content=\"http:\/\/caviarcenturion.com\/wp-content\/uploads\/2025\/11\/Imperial-open-tex-scaled.webp\" \/>\n\t<meta property=\"og:image:width\" content=\"2560\" \/>\n\t<meta property=\"og:image:height\" content=\"2560\" \/>\n\t<meta property=\"og:image:type\" content=\"image\/webp\" \/>\n<meta name=\"twitter:card\" content=\"summary_large_image\" \/>\n<meta name=\"twitter:label1\" content=\"Gesch\u00e4tzte Lesezeit\" \/>\n\t<meta name=\"twitter:data1\" content=\"3\u00a0Minuten\" \/>\n<script type=\"application\/ld+json\" class=\"yoast-schema-graph\">{\"@context\":\"https:\/\/schema.org\",\"@graph\":[{\"@type\":\"WebPage\",\"@id\":\"https:\/\/caviarcenturion.com\/de\/produkt\/centurion-imperial-caviar\/\",\"url\":\"https:\/\/caviarcenturion.com\/de\/produkt\/centurion-imperial-caviar\/\",\"name\":\"Centurion Imperial - Caviar Centurion\",\"isPartOf\":{\"@id\":\"https:\/\/caviarcenturion.com\/de\/#website\"},\"primaryImageOfPage\":{\"@id\":\"https:\/\/caviarcenturion.com\/de\/produkt\/centurion-imperial-caviar\/#primaryimage\"},\"image\":{\"@id\":\"https:\/\/caviarcenturion.com\/de\/produkt\/centurion-imperial-caviar\/#primaryimage\"},\"thumbnailUrl\":\"https:\/\/caviarcenturion.com\/wp-content\/uploads\/2025\/11\/Imperial-open-tex-scaled.webp\",\"datePublished\":\"2025-05-22T05:54:42+00:00\",\"dateModified\":\"2025-12-09T11:29:55+00:00\",\"description\":\"Bei Centurion Caviar kannst du erstklassigen Imperial Kaviar online kaufen. Das ist eine tolle Delikatesse mit vielen gesundheitlichen Vorteilen.\",\"breadcrumb\":{\"@id\":\"https:\/\/caviarcenturion.com\/de\/produkt\/centurion-imperial-caviar\/#breadcrumb\"},\"inLanguage\":\"de\",\"potentialAction\":[{\"@type\":\"ReadAction\",\"target\":[\"https:\/\/caviarcenturion.com\/de\/produkt\/centurion-imperial-caviar\/\"]}]},{\"@type\":\"ImageObject\",\"inLanguage\":\"de\",\"@id\":\"https:\/\/caviarcenturion.com\/de\/produkt\/centurion-imperial-caviar\/#primaryimage\",\"url\":\"https:\/\/caviarcenturion.com\/wp-content\/uploads\/2025\/11\/Imperial-open-tex-scaled.webp\",\"contentUrl\":\"https:\/\/caviarcenturion.com\/wp-content\/uploads\/2025\/11\/Imperial-open-tex-scaled.webp\",\"width\":2560,\"height\":2560},{\"@type\":\"BreadcrumbList\",\"@id\":\"https:\/\/caviarcenturion.com\/de\/produkt\/centurion-imperial-caviar\/#breadcrumb\",\"itemListElement\":[{\"@type\":\"ListItem\",\"position\":1,\"name\":\"Home\",\"item\":\"https:\/\/caviarcenturion.com\/de\/\"},{\"@type\":\"ListItem\",\"position\":2,\"name\":\"PRODUKTE\",\"item\":\"https:\/\/caviarcenturion.com\/shop\/\"},{\"@type\":\"ListItem\",\"position\":3,\"name\":\"Centurion Imperial\"}]},{\"@type\":\"WebSite\",\"@id\":\"https:\/\/caviarcenturion.com\/de\/#website\",\"url\":\"https:\/\/caviarcenturion.com\/de\/\",\"name\":\"Caviar Centurion\",\"description\":\"\",\"potentialAction\":[{\"@type\":\"SearchAction\",\"target\":{\"@type\":\"EntryPoint\",\"urlTemplate\":\"https:\/\/caviarcenturion.com\/de\/?s={search_term_string}\"},\"query-input\":{\"@type\":\"PropertyValueSpecification\",\"valueRequired\":true,\"valueName\":\"search_term_string\"}}],\"inLanguage\":\"de\"}]}<\/script>\n<!-- \/ Yoast SEO plugin. -->","yoast_head_json":{"title":"Centurion Imperial - Caviar Centurion","description":"Bei Centurion Caviar kannst du erstklassigen Imperial Kaviar online kaufen. Das ist eine tolle Delikatesse mit vielen gesundheitlichen Vorteilen.","robots":{"index":"index","follow":"follow","max-snippet":"max-snippet:-1","max-image-preview":"max-image-preview:large","max-video-preview":"max-video-preview:-1"},"canonical":"https:\/\/caviarcenturion.com\/de\/produkt\/centurion-imperial-caviar\/","og_locale":"de_DE","og_type":"article","og_title":"Centurion Imperial - Caviar Centurion","og_description":"Bei Centurion Caviar kannst du erstklassigen Imperial Kaviar online kaufen. Das ist eine tolle Delikatesse mit vielen gesundheitlichen Vorteilen.","og_url":"https:\/\/caviarcenturion.com\/de\/produkt\/centurion-imperial-caviar\/","og_site_name":"Caviar Centurion","article_modified_time":"2025-12-09T11:29:55+00:00","og_image":[{"width":2560,"height":2560,"url":"http:\/\/caviarcenturion.com\/wp-content\/uploads\/2025\/11\/Imperial-open-tex-scaled.webp","type":"image\/webp"}],"twitter_card":"summary_large_image","twitter_misc":{"Gesch\u00e4tzte Lesezeit":"3\u00a0Minuten"},"schema":{"@context":"https:\/\/schema.org","@graph":[{"@type":"WebPage","@id":"https:\/\/caviarcenturion.com\/de\/produkt\/centurion-imperial-caviar\/","url":"https:\/\/caviarcenturion.com\/de\/produkt\/centurion-imperial-caviar\/","name":"Centurion Imperial - Caviar Centurion","isPartOf":{"@id":"https:\/\/caviarcenturion.com\/de\/#website"},"primaryImageOfPage":{"@id":"https:\/\/caviarcenturion.com\/de\/produkt\/centurion-imperial-caviar\/#primaryimage"},"image":{"@id":"https:\/\/caviarcenturion.com\/de\/produkt\/centurion-imperial-caviar\/#primaryimage"},"thumbnailUrl":"https:\/\/caviarcenturion.com\/wp-content\/uploads\/2025\/11\/Imperial-open-tex-scaled.webp","datePublished":"2025-05-22T05:54:42+00:00","dateModified":"2025-12-09T11:29:55+00:00","description":"Bei Centurion Caviar kannst du erstklassigen Imperial Kaviar online kaufen. Das ist eine tolle Delikatesse mit vielen gesundheitlichen Vorteilen.","breadcrumb":{"@id":"https:\/\/caviarcenturion.com\/de\/produkt\/centurion-imperial-caviar\/#breadcrumb"},"inLanguage":"de","potentialAction":[{"@type":"ReadAction","target":["https:\/\/caviarcenturion.com\/de\/produkt\/centurion-imperial-caviar\/"]}]},{"@type":"ImageObject","inLanguage":"de","@id":"https:\/\/caviarcenturion.com\/de\/produkt\/centurion-imperial-caviar\/#primaryimage","url":"https:\/\/caviarcenturion.com\/wp-content\/uploads\/2025\/11\/Imperial-open-tex-scaled.webp","contentUrl":"https:\/\/caviarcenturion.com\/wp-content\/uploads\/2025\/11\/Imperial-open-tex-scaled.webp","width":2560,"height":2560},{"@type":"BreadcrumbList","@id":"https:\/\/caviarcenturion.com\/de\/produkt\/centurion-imperial-caviar\/#breadcrumb","itemListElement":[{"@type":"ListItem","position":1,"name":"Home","item":"https:\/\/caviarcenturion.com\/de\/"},{"@type":"ListItem","position":2,"name":"PRODUKTE","item":"https:\/\/caviarcenturion.com\/shop\/"},{"@type":"ListItem","position":3,"name":"Centurion Imperial"}]},{"@type":"WebSite","@id":"https:\/\/caviarcenturion.com\/de\/#website","url":"https:\/\/caviarcenturion.com\/de\/","name":"Caviar Centurion","description":"","potentialAction":[{"@type":"SearchAction","target":{"@type":"EntryPoint","urlTemplate":"https:\/\/caviarcenturion.com\/de\/?s={search_term_string}"},"query-input":{"@type":"PropertyValueSpecification","valueRequired":true,"valueName":"search_term_string"}}],"inLanguage":"de"}]}},"_links":{"self":[{"href":"https:\/\/caviarcenturion.com\/de\/wp-json\/wp\/v2\/product\/580","targetHints":{"allow":["GET"]}}],"collection":[{"href":"https:\/\/caviarcenturion.com\/de\/wp-json\/wp\/v2\/product"}],"about":[{"href":"https:\/\/caviarcenturion.com\/de\/wp-json\/wp\/v2\/types\/product"}],"replies":[{"embeddable":true,"href":"https:\/\/caviarcenturion.com\/de\/wp-json\/wp\/v2\/comments?post=580"}],"wp:featuredmedia":[{"embeddable":true,"href":"https:\/\/caviarcenturion.com\/de\/wp-json\/wp\/v2\/media\/2155"}],"wp:attachment":[{"href":"https:\/\/caviarcenturion.com\/de\/wp-json\/wp\/v2\/media?parent=580"}],"wp:term":[{"taxonomy":"product_brand","embeddable":true,"href":"https:\/\/caviarcenturion.com\/de\/wp-json\/wp\/v2\/product_brand?post=580"},{"taxonomy":"product_cat","embeddable":true,"href":"https:\/\/caviarcenturion.com\/de\/wp-json\/wp\/v2\/product_cat?post=580"},{"taxonomy":"product_tag","embeddable":true,"href":"https:\/\/caviarcenturion.com\/de\/wp-json\/wp\/v2\/product_tag?post=580"}],"curies":[{"name":"wp","href":"https:\/\/api.w.org\/{rel}","templated":true}]}}