{"id":600,"date":"2025-05-22T10:33:21","date_gmt":"2025-05-22T10:33:21","guid":{"rendered":"https:\/\/caviarcenturion.com\/product\/konzervnyito-kaviarhoz\/"},"modified":"2025-06-24T12:41:34","modified_gmt":"2025-06-24T10:41:34","slug":"konzervnyito-kaviarhoz","status":"publish","type":"product","link":"https:\/\/caviarcenturion.com\/de\/produkt\/konzervnyito-kaviarhoz\/","title":{"rendered":"Kaviar Dosen\u00f6ffner"},"content":{"rendered":"<h1>Luxuri\u00f6ser Kaviar Dosen\u00f6ffner als praktisches Werkzeug f\u00fcr eine stilvolle Servierweise<\/h1>\n<p>Der Kaviar Dosen\u00f6ffner ist ein praktisches Werkzeug, mit dem Kaviar sicher und auf die beste Art und Weise serviert und genossen werden kann. Solange Kaviar die teuerste und wertvollste Delikatesse bleibt, sind die richtige Servierweise und die Verwendung des richtigen Bestecks entscheidend f\u00fcr die Erhaltung der Produktqualit\u00e4t. Das \u00d6ffnen der Kaviarb\u00fcchse ist der erste Schritt beim Servieren und muss reibungslos funktionieren. Meistens sind die B\u00fcchsen vakuumversiegelt, sodass sie ohne die richtige Kraft und Geschicklichkeit nur schwer zu \u00f6ffnen sind. Der richtige Kaviar\u00f6ffner vereint jedoch \u00c4sthetik mit Alltagstauglichkeit. Ganz gleich, ob Sie einen besonderen Anlass vorbereiten oder einen Moment des Luxus genie\u00dfen m\u00f6chten, dieses spezielle Werkzeug macht das Verkosten dieser Delikatesse zu einem Erlebnis.<\/p>\n<h2>Wie verwendet man einen Kaviar Dosen\u00f6ffner?<\/h2>\n<p>Der Kaviar Dosen\u00f6ffner ist einfach zu verwenden: Setzen Sie den Kaviar\u00f6ffner zwischen den Rand des Deckels und den Gewinde der Dose. \u00dcben Sie dann vorsichtig Druck aus, w\u00e4hrend Sie den \u00d6ffner drehen. Der Deckel sollte sich mit minimalem Kraftaufwand leicht anheben lassen. Wie Sie sehen k\u00f6nnen, vereint dieses Werkzeug Eleganz und Funktionalit\u00e4t. Der Kaviar\u00f6ffner liegt gut in der Hand und erm\u00f6glicht einen sicheren, kontrollierten Druck beim Anheben des Deckels, wodurch Besch\u00e4digungen minimiert werden und das elegante Aussehen der Dose erhalten bleibt. Ob Sie nun ein Kenner oder ein Liebhaber von Kaviar sind, dieses Utensil sorgt daf\u00fcr, dass das Servieren Ihres Kaviars reibungslos, sicher und m\u00fchelos beginnt.<\/p>\n<h2>Was macht das Kaviarwerkzeug so besonders?<\/h2>\n<p>Der Kaviar Dosen\u00f6ffner zeugt von au\u00dfergew\u00f6hnlicher Handwerkskunst. Er ist aus feinstem Material gefertigt, langlebig und komfortabel in der Anwendung. Es ist vor allem deshalb ein besonderes Werkzeug, weil es kompakt, elegant und pflegeleicht ist. Hier finden Sie eine Liste der Eigenschaften, die dieses Utensil so vorteilhaft machen:<\/p>\n<ul>\n<li>Dank seiner kompakten Gr\u00f6\u00dfe l\u00e4sst es sich leicht in einer Schublade aufbewahren oder \u00fcberallhin mitnehmen.<\/li>\n<li>Das elegante und praktische Design macht es zum idealen Geschenk f\u00fcr Feinschmecker.<\/li>\n<li>Der Kaviar\u00f6ffner garantiert ein sicheres und m\u00fcheloses Servieren von Kaviar. Das Servieren ist ein entscheidender Aspekt, um diese Delikatesse genie\u00dfen zu k\u00f6nnen.<\/li>\n<li>Mit einem weichen Tuch und warmem Wasser l\u00e4sst es sich leicht reinigen.<\/li>\n<li>Das \u00e4sthetische Erlebnis beim Verzehr von Kaviar ist von Anfang an garantiert, wenn Sie den richtigen Kaviar\u00f6ffner verwenden.<\/li>\n<\/ul>\n<h2>Warum sollte ich das richtige Kaviarzubeh\u00f6r kaufen?<\/h2>\n<p>Wenn Sie ein echter Kaviarliebhaber sind, der nicht nur den Geschmack, sondern das gesamte Geschmackserlebnis sch\u00e4tzt, ist das richtige <em><a href=\"https:\/\/caviarcenturion.com\/de\/produkt-kategorie\/products\/accessories\/\" target=\"_blank\" rel=\"noopener\">Zubeh\u00f6r<\/a> <\/em>unverzichtbar. Ein geeigneter Kaviar\u00f6ffner ist nicht nur ein Zeichen von Luxus, sondern auch ein Zeichen des Respekts f\u00fcr das Produkt selbst. Er tr\u00e4gt dazu bei, den Geschmack, die Textur und die Tradition des Kaviars zu bewahren, sodass Sie ihn so genie\u00dfen k\u00f6nnen, wie er gedacht ist. Ob f\u00fcr Ihre eigene Sammlung oder als aufmerksamkeitsvolles Geschenk f\u00fcr einen anderen Kenner \u2013 dieses Accessoire rundet das Ritual des raffinierten Genusses ab.<\/p>\n<h2>Warum Caviar Centurion?<\/h2>\n<p>Caviar Centurion ist eine vertrauensw\u00fcrdige Quelle f\u00fcr hochwertigen <a href=\"https:\/\/caviarcenturion.com\/de\/produkt-kategorie\/products\/caviar\/\" target=\"_blank\" rel=\"noopener\"><em>Kaviar<\/em> <\/a>und bietet eine au\u00dfergew\u00f6hnliche Auswahl in unserem Online-Shop. Ob Sie Ihre Lieblingssorte suchen oder etwas Neues entdecken m\u00f6chten, bei uns finden Sie ein sorgf\u00e4ltig ausgew\u00e4hltes Sortiment an klassischen und hybriden Rogen, das jedem Geschmack gerecht wird. Unsere hochwertigen Royal-Kaviar-Sets sind die perfekte Wahl, wenn Sie auf der Suche nach einem unvergesslichen und raffinierten Geschenk sind. Genie\u00dfen Sie den Komfort einer schnellen und zuverl\u00e4ssigen Lieferung \u2013 Gourmetgenuss direkt vor Ihrer Haust\u00fcr. Der Kaviar Dosen\u00f6ffner rundet das Erlebnis der Verkostung von delikatem Kaviar auf die beste Weise ab.<\/p>\n","protected":false},"excerpt":{"rendered":"<h1>Kaviar Dosen\u00f6ffner<\/h1>\n<p>Vakuumverschlossene Kaviar Dosen lassen sich nur schwer mit blo\u00dfen H\u00e4nden \u00f6ffnen, aber mit unserem speziellen \u00d6ffner ist dies in wenigen Sekunden erledigt. Kein Verrutschen, keine Besch\u00e4digungen \u2013 einfach, sauber und effizient.<\/p>\n<p><strong>Anwendung:<\/strong> Setzen Sie den \u00d6ffner auf den Rand des Deckels und den Rand der Dose, heben Sie ihn leicht an und drehen Sie ihn \u2013 die Dose \u00f6ffnet sich fast von selbst. Ein Muss f\u00fcr alle Kaviar-Liebhaber!<\/p>\n","protected":false},"featured_media":1623,"comment_status":"open","ping_status":"closed","template":"","meta":{"_acf_changed":false,"inline_featured_image":false},"product_brand":[],"product_cat":[50,47],"product_tag":[],"class_list":{"0":"post-600","1":"product","2":"type-product","3":"status-publish","4":"has-post-thumbnail","6":"product_cat-all-products","7":"product_cat-delicacies-and-accessories","9":"first","10":"instock","11":"taxable","12":"shipping-taxable","13":"purchasable","14":"product-type-simple"},"acf":[],"yoast_head":"<!-- This site is optimized with the Yoast SEO plugin v27.2 - https:\/\/yoast.com\/product\/yoast-seo-wordpress\/ -->\n<title>Kaviar Dosen\u00f6ffner - Caviar Centurion<\/title>\n<meta name=\"description\" content=\"Im Online-Shop von Centurion Caviar k\u00f6nnen Sie hochwertige Kaviar Dosen\u00f6ffner bestellen. Dieser ist ein unverzichtbares Werkzeug, um Kaviar einfach und sicher zu \u00f6ffnen.\" \/>\n<meta name=\"robots\" content=\"index, follow, max-snippet:-1, max-image-preview:large, max-video-preview:-1\" \/>\n<link rel=\"canonical\" href=\"https:\/\/caviarcenturion.com\/de\/produkt\/konzervnyito-kaviarhoz\/\" \/>\n<meta property=\"og:locale\" content=\"de_DE\" \/>\n<meta property=\"og:type\" content=\"article\" \/>\n<meta property=\"og:title\" content=\"Kaviar Dosen\u00f6ffner - Caviar Centurion\" \/>\n<meta property=\"og:description\" content=\"Im Online-Shop von Centurion Caviar k\u00f6nnen Sie hochwertige Kaviar Dosen\u00f6ffner bestellen. Dieser ist ein unverzichtbares Werkzeug, um Kaviar einfach und sicher zu \u00f6ffnen.\" \/>\n<meta property=\"og:url\" content=\"https:\/\/caviarcenturion.com\/de\/produkt\/konzervnyito-kaviarhoz\/\" \/>\n<meta property=\"og:site_name\" content=\"Caviar Centurion\" \/>\n<meta property=\"article:modified_time\" content=\"2025-06-24T10:41:34+00:00\" \/>\n<meta property=\"og:image\" content=\"http:\/\/caviarcenturion.com\/wp-content\/uploads\/2025\/05\/Element-1.webp\" \/>\n\t<meta property=\"og:image:width\" content=\"401\" \/>\n\t<meta property=\"og:image:height\" content=\"401\" \/>\n\t<meta property=\"og:image:type\" content=\"image\/webp\" \/>\n<meta name=\"twitter:card\" content=\"summary_large_image\" \/>\n<meta name=\"twitter:label1\" content=\"Gesch\u00e4tzte Lesezeit\" \/>\n\t<meta name=\"twitter:data1\" content=\"3\u00a0Minuten\" \/>\n<script type=\"application\/ld+json\" class=\"yoast-schema-graph\">{\"@context\":\"https:\/\/schema.org\",\"@graph\":[{\"@type\":\"WebPage\",\"@id\":\"https:\/\/caviarcenturion.com\/de\/produkt\/konzervnyito-kaviarhoz\/\",\"url\":\"https:\/\/caviarcenturion.com\/de\/produkt\/konzervnyito-kaviarhoz\/\",\"name\":\"Kaviar Dosen\u00f6ffner - Caviar Centurion\",\"isPartOf\":{\"@id\":\"https:\/\/caviarcenturion.com\/de\/#website\"},\"primaryImageOfPage\":{\"@id\":\"https:\/\/caviarcenturion.com\/de\/produkt\/konzervnyito-kaviarhoz\/#primaryimage\"},\"image\":{\"@id\":\"https:\/\/caviarcenturion.com\/de\/produkt\/konzervnyito-kaviarhoz\/#primaryimage\"},\"thumbnailUrl\":\"https:\/\/caviarcenturion.com\/wp-content\/uploads\/2025\/05\/Caviar-opener.webp\",\"datePublished\":\"2025-05-22T10:33:21+00:00\",\"dateModified\":\"2025-06-24T10:41:34+00:00\",\"description\":\"Im Online-Shop von Centurion Caviar k\u00f6nnen Sie hochwertige Kaviar Dosen\u00f6ffner bestellen. Dieser ist ein unverzichtbares Werkzeug, um Kaviar einfach und sicher zu \u00f6ffnen.\",\"breadcrumb\":{\"@id\":\"https:\/\/caviarcenturion.com\/de\/produkt\/konzervnyito-kaviarhoz\/#breadcrumb\"},\"inLanguage\":\"de\",\"potentialAction\":[{\"@type\":\"ReadAction\",\"target\":[\"https:\/\/caviarcenturion.com\/de\/produkt\/konzervnyito-kaviarhoz\/\"]}]},{\"@type\":\"ImageObject\",\"inLanguage\":\"de\",\"@id\":\"https:\/\/caviarcenturion.com\/de\/produkt\/konzervnyito-kaviarhoz\/#primaryimage\",\"url\":\"https:\/\/caviarcenturion.com\/wp-content\/uploads\/2025\/05\/Caviar-opener.webp\",\"contentUrl\":\"https:\/\/caviarcenturion.com\/wp-content\/uploads\/2025\/05\/Caviar-opener.webp\",\"width\":1080,\"height\":1080},{\"@type\":\"BreadcrumbList\",\"@id\":\"https:\/\/caviarcenturion.com\/de\/produkt\/konzervnyito-kaviarhoz\/#breadcrumb\",\"itemListElement\":[{\"@type\":\"ListItem\",\"position\":1,\"name\":\"Home\",\"item\":\"https:\/\/caviarcenturion.com\/de\/\"},{\"@type\":\"ListItem\",\"position\":2,\"name\":\"PRODUKTE\",\"item\":\"https:\/\/caviarcenturion.com\/shop\/\"},{\"@type\":\"ListItem\",\"position\":3,\"name\":\"Kaviar Dosen\u00f6ffner\"}]},{\"@type\":\"WebSite\",\"@id\":\"https:\/\/caviarcenturion.com\/de\/#website\",\"url\":\"https:\/\/caviarcenturion.com\/de\/\",\"name\":\"Caviar Centurion\",\"description\":\"\",\"potentialAction\":[{\"@type\":\"SearchAction\",\"target\":{\"@type\":\"EntryPoint\",\"urlTemplate\":\"https:\/\/caviarcenturion.com\/de\/?s={search_term_string}\"},\"query-input\":{\"@type\":\"PropertyValueSpecification\",\"valueRequired\":true,\"valueName\":\"search_term_string\"}}],\"inLanguage\":\"de\"}]}<\/script>\n<!-- \/ Yoast SEO plugin. -->","yoast_head_json":{"title":"Kaviar Dosen\u00f6ffner - Caviar Centurion","description":"Im Online-Shop von Centurion Caviar k\u00f6nnen Sie hochwertige Kaviar Dosen\u00f6ffner bestellen. Dieser ist ein unverzichtbares Werkzeug, um Kaviar einfach und sicher zu \u00f6ffnen.","robots":{"index":"index","follow":"follow","max-snippet":"max-snippet:-1","max-image-preview":"max-image-preview:large","max-video-preview":"max-video-preview:-1"},"canonical":"https:\/\/caviarcenturion.com\/de\/produkt\/konzervnyito-kaviarhoz\/","og_locale":"de_DE","og_type":"article","og_title":"Kaviar Dosen\u00f6ffner - Caviar Centurion","og_description":"Im Online-Shop von Centurion Caviar k\u00f6nnen Sie hochwertige Kaviar Dosen\u00f6ffner bestellen. Dieser ist ein unverzichtbares Werkzeug, um Kaviar einfach und sicher zu \u00f6ffnen.","og_url":"https:\/\/caviarcenturion.com\/de\/produkt\/konzervnyito-kaviarhoz\/","og_site_name":"Caviar Centurion","article_modified_time":"2025-06-24T10:41:34+00:00","og_image":[{"width":401,"height":401,"url":"http:\/\/caviarcenturion.com\/wp-content\/uploads\/2025\/05\/Element-1.webp","type":"image\/webp"}],"twitter_card":"summary_large_image","twitter_misc":{"Gesch\u00e4tzte Lesezeit":"3\u00a0Minuten"},"schema":{"@context":"https:\/\/schema.org","@graph":[{"@type":"WebPage","@id":"https:\/\/caviarcenturion.com\/de\/produkt\/konzervnyito-kaviarhoz\/","url":"https:\/\/caviarcenturion.com\/de\/produkt\/konzervnyito-kaviarhoz\/","name":"Kaviar Dosen\u00f6ffner - Caviar Centurion","isPartOf":{"@id":"https:\/\/caviarcenturion.com\/de\/#website"},"primaryImageOfPage":{"@id":"https:\/\/caviarcenturion.com\/de\/produkt\/konzervnyito-kaviarhoz\/#primaryimage"},"image":{"@id":"https:\/\/caviarcenturion.com\/de\/produkt\/konzervnyito-kaviarhoz\/#primaryimage"},"thumbnailUrl":"https:\/\/caviarcenturion.com\/wp-content\/uploads\/2025\/05\/Caviar-opener.webp","datePublished":"2025-05-22T10:33:21+00:00","dateModified":"2025-06-24T10:41:34+00:00","description":"Im Online-Shop von Centurion Caviar k\u00f6nnen Sie hochwertige Kaviar Dosen\u00f6ffner bestellen. Dieser ist ein unverzichtbares Werkzeug, um Kaviar einfach und sicher zu \u00f6ffnen.","breadcrumb":{"@id":"https:\/\/caviarcenturion.com\/de\/produkt\/konzervnyito-kaviarhoz\/#breadcrumb"},"inLanguage":"de","potentialAction":[{"@type":"ReadAction","target":["https:\/\/caviarcenturion.com\/de\/produkt\/konzervnyito-kaviarhoz\/"]}]},{"@type":"ImageObject","inLanguage":"de","@id":"https:\/\/caviarcenturion.com\/de\/produkt\/konzervnyito-kaviarhoz\/#primaryimage","url":"https:\/\/caviarcenturion.com\/wp-content\/uploads\/2025\/05\/Caviar-opener.webp","contentUrl":"https:\/\/caviarcenturion.com\/wp-content\/uploads\/2025\/05\/Caviar-opener.webp","width":1080,"height":1080},{"@type":"BreadcrumbList","@id":"https:\/\/caviarcenturion.com\/de\/produkt\/konzervnyito-kaviarhoz\/#breadcrumb","itemListElement":[{"@type":"ListItem","position":1,"name":"Home","item":"https:\/\/caviarcenturion.com\/de\/"},{"@type":"ListItem","position":2,"name":"PRODUKTE","item":"https:\/\/caviarcenturion.com\/shop\/"},{"@type":"ListItem","position":3,"name":"Kaviar Dosen\u00f6ffner"}]},{"@type":"WebSite","@id":"https:\/\/caviarcenturion.com\/de\/#website","url":"https:\/\/caviarcenturion.com\/de\/","name":"Caviar Centurion","description":"","potentialAction":[{"@type":"SearchAction","target":{"@type":"EntryPoint","urlTemplate":"https:\/\/caviarcenturion.com\/de\/?s={search_term_string}"},"query-input":{"@type":"PropertyValueSpecification","valueRequired":true,"valueName":"search_term_string"}}],"inLanguage":"de"}]}},"_links":{"self":[{"href":"https:\/\/caviarcenturion.com\/de\/wp-json\/wp\/v2\/product\/600","targetHints":{"allow":["GET"]}}],"collection":[{"href":"https:\/\/caviarcenturion.com\/de\/wp-json\/wp\/v2\/product"}],"about":[{"href":"https:\/\/caviarcenturion.com\/de\/wp-json\/wp\/v2\/types\/product"}],"replies":[{"embeddable":true,"href":"https:\/\/caviarcenturion.com\/de\/wp-json\/wp\/v2\/comments?post=600"}],"wp:featuredmedia":[{"embeddable":true,"href":"https:\/\/caviarcenturion.com\/de\/wp-json\/wp\/v2\/media\/1623"}],"wp:attachment":[{"href":"https:\/\/caviarcenturion.com\/de\/wp-json\/wp\/v2\/media?parent=600"}],"wp:term":[{"taxonomy":"product_brand","embeddable":true,"href":"https:\/\/caviarcenturion.com\/de\/wp-json\/wp\/v2\/product_brand?post=600"},{"taxonomy":"product_cat","embeddable":true,"href":"https:\/\/caviarcenturion.com\/de\/wp-json\/wp\/v2\/product_cat?post=600"},{"taxonomy":"product_tag","embeddable":true,"href":"https:\/\/caviarcenturion.com\/de\/wp-json\/wp\/v2\/product_tag?post=600"}],"curies":[{"name":"wp","href":"https:\/\/api.w.org\/{rel}","templated":true}]}}