{"id":665,"date":"2025-05-28T08:51:35","date_gmt":"2025-05-28T08:51:35","guid":{"rendered":"https:\/\/caviarcenturion.com\/product\/keta-kaviar-100g\/"},"modified":"2026-03-11T15:01:23","modified_gmt":"2026-03-11T13:01:23","slug":"keta-kaviar-100g","status":"publish","type":"product","link":"https:\/\/caviarcenturion.com\/de\/produkt\/keta-kaviar-100g\/","title":{"rendered":"Keta Lachskaviar 100g"},"content":{"rendered":"<h1>Keta Kaviar<\/h1>\n<h2>Was ist Keta Kaviar?<\/h2>\n<p>Keta Kaviar stammt vom Chum-Lachs und hat viele verschiedene Namen, wie Chum Ikura, Keta Roe oder Roter Kaviar. Er zeichnet sich durch Perlen mit einem Durchmesser von 5-7 mm in leuchtenden Orange- bis Rott\u00f6nen aus. Diese Delikatesse besticht durch eine zarte, cremige Konsistenz, die auf der Zunge zergeht.<\/p>\n<p>Kaviar wird normalerweise als Rogen bezeichnet, der ausschlie\u00dflich vom St\u00f6r stammt. Technisch gesehen ist Keta-Lachskaviar daher eher Rogen erster G\u00fcteklasse als Kaviar. Aufgrund seines k\u00f6stlichen Geschmacks und seines ansprechenden Aussehens wird er jedoch weiterhin als Teil der gesamten Kaviarfamilie angesehen.<\/p>\n<h2>Wie schmeckt er?<\/h2>\n<p>Der Geschmack von Keta Kaviar ist einzigartig, da er sich durch gro\u00dfe Perlen mit einem intensiven, buttrigen und leicht salzigen Geschmack auszeichnet. Es gibt viele verschiedene Arten von Kaviar und Rogen, aber guter Kaviar gilt aufgrund seines einzigartigen Geschmacks und seiner Konsistenz immer als Delikatesse. In der Regel h\u00e4ngt es von den pers\u00f6nlichen Vorlieben ab, aber hochwertiger Kaviar schmeckt im Allgemeinen jedem.<\/p>\n<p>Ein weiterer Aspekt, den Sie ber\u00fccksichtigen sollten, ist, ob Sie Keta Lachskaviar mit oder ohne Beilagen essen m\u00f6chten. Wenn Sie zu den Menschen geh\u00f6ren, die den urspr\u00fcnglichen Geschmack dieser Delikatesse bevorzugen, sollten Sie ihn ohne Beilagen auf einem <a href=\"https:\/\/caviarcenturion.com\/de\/produkt\/gyongyhaz-kanal\/\" target=\"_blank\" rel=\"noopener\"><em>Perlmuttl\u00f6ffel<\/em> <\/a>genie\u00dfen, da Metall den Geschmack beeintr\u00e4chtigen kann.<\/p>\n<p>Wenn Sie jedoch lieber ein Gericht mit Kaviar zubereiten und es Ihren Lieben servieren m\u00f6chten, finden Sie auf unserer Website zahlreiche Rezepte. Bitte beachten Sie, dass es immer besser ist, Kaviar mit delikaten Beilagen zu essen, die den Geschmack des Kaviars nicht \u00fcberdecken. Dazu eignen sich beispielsweise Pfannkuchen (russische Blinis), Toast, Chips und Cracker.<\/p>\n<h2>Was bestimmt die Qualit\u00e4t von Kaviar?<\/h2>\n<p>Keta Kaviar ist ein hochwertiges Produkt, und diese Eigenschaft ist auf verschiedene Faktoren zur\u00fcckzuf\u00fchren.<\/p>\n<ul>\n<li>Wie wird er geerntet: Die Kaviarernte ist ein manueller Prozess, und die Erfahrung der Mitarbeiter ist ein entscheidender Faktor. Die Sorgfalt, mit der er geerntet wird, spiegelt sich direkt in der Qualit\u00e4t des Produkts wider.<\/li>\n<li>Zucht vs. Wildfang: Ob der Kaviar aus Zuchtbetrieben oder aus der freien Natur stammt, spielt eine wichtige Rolle. Da einige St\u00f6rarten vom Aussterben bedroht sind, ist der nat\u00fcrliche Fang, wenn die St\u00f6re im Fluss laichen, verboten, um den Bestand dieser gef\u00e4hrdeten Arten zu erhalten. Dar\u00fcber hinaus ist es bemerkenswert, dass eine kontrollierte Umgebung besser geeignet ist, um einen milden Geschmack und eine gleichbleibende Qualit\u00e4t zu gew\u00e4hrleisten und Verunreinigungen durch verschmutztes Wasser zu vermeiden.<\/li>\n<li>Lagerung und Transport: Da es sich um ein empfindliches Produkt handelt, ist es wichtig, es im K\u00fchlschrank bei -2 \u00b0C bis 0 \u00b0C zu lagern und mit temperaturkontrollierter Logistik zu transportieren.<\/li>\n<\/ul>\n<p>Bei Keta Lachskaviar achten wir darauf, alle oben genannten wichtigen Aspekte zu ber\u00fccksichtigen, um ein Produkt von h\u00f6chster Qualit\u00e4t zu liefern.<\/p>\n<h2>Welche gesundheitlichen Vorteile bietet er?<\/h2>\n<p>Keta Kaviar bietet zahlreiche gesundheitliche Vorteile,<br \/>\nda er reich an Proteinen, Omega-3-Fetts\u00e4uren, Cholin und verschiedenen Vitaminen und Mineralstoffen ist, darunter Vitamin B12, Vitamin D, Zink, Magnesium, Eisen und Selen. Viele Lebensmittel bieten gesundheitliche Vorteile, aber Keta Lachskaviar ist unvergleichlich und kann als n\u00e4hrstoffreiches Superfood betrachtet werden.<\/p>\n<p>Der moderate Verzehr der meisten Fischrogenarten gilt w\u00e4hrend der Schwangerschaft als unbedenklich. F\u00fcr schwangere Frauen ist es jedoch immer ratsam, pasteurisierten Kaviar zu verzehren, da nicht pasteurisierter Kaviar Listerien enthalten kann, die f\u00fcr gesunde Erwachsene harmlos sind, f\u00fcr Schwangere jedoch gef\u00e4hrlich sein k\u00f6nnen.<\/p>\n<h2>Warum Caviar Centurion?<\/h2>\n<p>Keta Kaviar ist die perfekte Wahl, um den unvergleichlichen Geschmack dieser Delikatesse zu genie\u00dfen. Caviar Centurion ist einer der besten Anbieter von <a href=\"https:\/\/caviarcenturion.com\/de\/produkt-kategorie\/products\/caviar\/\" target=\"_blank\" rel=\"noopener\"><em>Kaviar<\/em> <\/a>in Premiumqualit\u00e4t. In unserem Online Shop k\u00f6nnen Sie aus einer gro\u00dfen Auswahl Ihr bevorzugtes hochwertiges Produkt kaufen. Wenn Sie auf der Suche nach luxuri\u00f6sen und gleichzeitig k\u00f6stlichen Geschenken sind, ist ein Set mit verschiedenen Kaviar Sorten die beste Wahl. Sie k\u00f6nnen verschiedene Arten von Hybrid- und klassischem Rogen kaufen und sich diese in k\u00fcrzester Zeit nach Hause liefern lassen.<\/p>\n<p>&nbsp;<\/p>\n","protected":false},"excerpt":{"rendered":"<h1>Keta Lachskaviar<\/h1>\n<p>Der Alaska Keta Kaviar besticht durch seine gro\u00dfen Perlen, seine leuchtend orange Farbe und seinen delikaten Geschmack, sein intensives Aroma, seine subtilen Meeresnoten und seine milde Salzigkeit. Er ist vielseitig einsetzbar und kann pur, mit R\u00e4ucherlachs oder sogar zum Fr\u00fchst\u00fcck genossen werden.<\/p>\n","protected":false},"featured_media":1631,"comment_status":"open","ping_status":"closed","template":"","meta":{"_acf_changed":false,"inline_featured_image":false},"product_brand":[],"product_cat":[50,83],"product_tag":[140],"class_list":{"0":"post-665","1":"product","2":"type-product","3":"status-publish","4":"has-post-thumbnail","6":"product_cat-all-products","7":"product_cat-red-caviar","8":"product_tag-kaviar-de","10":"first","11":"instock","12":"taxable","13":"shipping-taxable","14":"purchasable","15":"product-type-simple"},"acf":[],"yoast_head":"<!-- This site is optimized with the Yoast SEO plugin v27.2 - https:\/\/yoast.com\/product\/yoast-seo-wordpress\/ -->\n<title>Keta Lachskaviar 100g - Caviar Centurion<\/title>\n<meta name=\"description\" content=\"Bei Centurion Caviar k\u00f6nnen Sie hochwertigen Keta Kaviar online kaufen. Es handelt sich um eine Delikatesse von h\u00f6chster Qualit\u00e4t, die zudem zahlreiche gesundheitliche Vorteile bietet.\" \/>\n<meta name=\"robots\" content=\"index, follow, max-snippet:-1, max-image-preview:large, max-video-preview:-1\" \/>\n<link rel=\"canonical\" href=\"https:\/\/caviarcenturion.com\/de\/produkt\/keta-kaviar-100g\/\" \/>\n<meta property=\"og:locale\" content=\"de_DE\" \/>\n<meta property=\"og:type\" content=\"article\" \/>\n<meta property=\"og:title\" content=\"Keta Lachskaviar 100g - Caviar Centurion\" \/>\n<meta property=\"og:description\" content=\"Bei Centurion Caviar k\u00f6nnen Sie hochwertigen Keta Kaviar online kaufen. Es handelt sich um eine Delikatesse von h\u00f6chster Qualit\u00e4t, die zudem zahlreiche gesundheitliche Vorteile bietet.\" \/>\n<meta property=\"og:url\" content=\"https:\/\/caviarcenturion.com\/de\/produkt\/keta-kaviar-100g\/\" \/>\n<meta property=\"og:site_name\" content=\"Caviar Centurion\" \/>\n<meta property=\"article:modified_time\" content=\"2026-03-11T13:01:23+00:00\" \/>\n<meta property=\"og:image\" content=\"http:\/\/caviarcenturion.com\/wp-content\/uploads\/2025\/05\/forellenkaviar3_e12de69b-516e-4423-b69d-895a8755bb7d.webp\" \/>\n\t<meta property=\"og:image:width\" content=\"640\" \/>\n\t<meta property=\"og:image:height\" content=\"640\" \/>\n\t<meta property=\"og:image:type\" content=\"image\/webp\" \/>\n<meta name=\"twitter:card\" content=\"summary_large_image\" \/>\n<meta name=\"twitter:label1\" content=\"Gesch\u00e4tzte Lesezeit\" \/>\n\t<meta name=\"twitter:data1\" content=\"3\u00a0Minuten\" \/>\n<script type=\"application\/ld+json\" class=\"yoast-schema-graph\">{\"@context\":\"https:\/\/schema.org\",\"@graph\":[{\"@type\":\"WebPage\",\"@id\":\"https:\/\/caviarcenturion.com\/de\/produkt\/keta-kaviar-100g\/\",\"url\":\"https:\/\/caviarcenturion.com\/de\/produkt\/keta-kaviar-100g\/\",\"name\":\"Keta Lachskaviar 100g - Caviar Centurion\",\"isPartOf\":{\"@id\":\"https:\/\/caviarcenturion.com\/de\/#website\"},\"primaryImageOfPage\":{\"@id\":\"https:\/\/caviarcenturion.com\/de\/produkt\/keta-kaviar-100g\/#primaryimage\"},\"image\":{\"@id\":\"https:\/\/caviarcenturion.com\/de\/produkt\/keta-kaviar-100g\/#primaryimage\"},\"thumbnailUrl\":\"https:\/\/caviarcenturion.com\/wp-content\/uploads\/2025\/05\/Keta.webp\",\"datePublished\":\"2025-05-28T08:51:35+00:00\",\"dateModified\":\"2026-03-11T13:01:23+00:00\",\"description\":\"Bei Centurion Caviar k\u00f6nnen Sie hochwertigen Keta Kaviar online kaufen. Es handelt sich um eine Delikatesse von h\u00f6chster Qualit\u00e4t, die zudem zahlreiche gesundheitliche Vorteile bietet.\",\"breadcrumb\":{\"@id\":\"https:\/\/caviarcenturion.com\/de\/produkt\/keta-kaviar-100g\/#breadcrumb\"},\"inLanguage\":\"de\",\"potentialAction\":[{\"@type\":\"ReadAction\",\"target\":[\"https:\/\/caviarcenturion.com\/de\/produkt\/keta-kaviar-100g\/\"]}]},{\"@type\":\"ImageObject\",\"inLanguage\":\"de\",\"@id\":\"https:\/\/caviarcenturion.com\/de\/produkt\/keta-kaviar-100g\/#primaryimage\",\"url\":\"https:\/\/caviarcenturion.com\/wp-content\/uploads\/2025\/05\/Keta.webp\",\"contentUrl\":\"https:\/\/caviarcenturion.com\/wp-content\/uploads\/2025\/05\/Keta.webp\",\"width\":1080,\"height\":1080},{\"@type\":\"BreadcrumbList\",\"@id\":\"https:\/\/caviarcenturion.com\/de\/produkt\/keta-kaviar-100g\/#breadcrumb\",\"itemListElement\":[{\"@type\":\"ListItem\",\"position\":1,\"name\":\"Home\",\"item\":\"https:\/\/caviarcenturion.com\/de\/\"},{\"@type\":\"ListItem\",\"position\":2,\"name\":\"PRODUKTE\",\"item\":\"https:\/\/caviarcenturion.com\/shop\/\"},{\"@type\":\"ListItem\",\"position\":3,\"name\":\"Keta Lachskaviar 100g\"}]},{\"@type\":\"WebSite\",\"@id\":\"https:\/\/caviarcenturion.com\/de\/#website\",\"url\":\"https:\/\/caviarcenturion.com\/de\/\",\"name\":\"Caviar Centurion\",\"description\":\"\",\"potentialAction\":[{\"@type\":\"SearchAction\",\"target\":{\"@type\":\"EntryPoint\",\"urlTemplate\":\"https:\/\/caviarcenturion.com\/de\/?s={search_term_string}\"},\"query-input\":{\"@type\":\"PropertyValueSpecification\",\"valueRequired\":true,\"valueName\":\"search_term_string\"}}],\"inLanguage\":\"de\"}]}<\/script>\n<!-- \/ Yoast SEO plugin. -->","yoast_head_json":{"title":"Keta Lachskaviar 100g - Caviar Centurion","description":"Bei Centurion Caviar k\u00f6nnen Sie hochwertigen Keta Kaviar online kaufen. Es handelt sich um eine Delikatesse von h\u00f6chster Qualit\u00e4t, die zudem zahlreiche gesundheitliche Vorteile bietet.","robots":{"index":"index","follow":"follow","max-snippet":"max-snippet:-1","max-image-preview":"max-image-preview:large","max-video-preview":"max-video-preview:-1"},"canonical":"https:\/\/caviarcenturion.com\/de\/produkt\/keta-kaviar-100g\/","og_locale":"de_DE","og_type":"article","og_title":"Keta Lachskaviar 100g - Caviar Centurion","og_description":"Bei Centurion Caviar k\u00f6nnen Sie hochwertigen Keta Kaviar online kaufen. Es handelt sich um eine Delikatesse von h\u00f6chster Qualit\u00e4t, die zudem zahlreiche gesundheitliche Vorteile bietet.","og_url":"https:\/\/caviarcenturion.com\/de\/produkt\/keta-kaviar-100g\/","og_site_name":"Caviar Centurion","article_modified_time":"2026-03-11T13:01:23+00:00","og_image":[{"width":640,"height":640,"url":"http:\/\/caviarcenturion.com\/wp-content\/uploads\/2025\/05\/forellenkaviar3_e12de69b-516e-4423-b69d-895a8755bb7d.webp","type":"image\/webp"}],"twitter_card":"summary_large_image","twitter_misc":{"Gesch\u00e4tzte Lesezeit":"3\u00a0Minuten"},"schema":{"@context":"https:\/\/schema.org","@graph":[{"@type":"WebPage","@id":"https:\/\/caviarcenturion.com\/de\/produkt\/keta-kaviar-100g\/","url":"https:\/\/caviarcenturion.com\/de\/produkt\/keta-kaviar-100g\/","name":"Keta Lachskaviar 100g - Caviar Centurion","isPartOf":{"@id":"https:\/\/caviarcenturion.com\/de\/#website"},"primaryImageOfPage":{"@id":"https:\/\/caviarcenturion.com\/de\/produkt\/keta-kaviar-100g\/#primaryimage"},"image":{"@id":"https:\/\/caviarcenturion.com\/de\/produkt\/keta-kaviar-100g\/#primaryimage"},"thumbnailUrl":"https:\/\/caviarcenturion.com\/wp-content\/uploads\/2025\/05\/Keta.webp","datePublished":"2025-05-28T08:51:35+00:00","dateModified":"2026-03-11T13:01:23+00:00","description":"Bei Centurion Caviar k\u00f6nnen Sie hochwertigen Keta Kaviar online kaufen. Es handelt sich um eine Delikatesse von h\u00f6chster Qualit\u00e4t, die zudem zahlreiche gesundheitliche Vorteile bietet.","breadcrumb":{"@id":"https:\/\/caviarcenturion.com\/de\/produkt\/keta-kaviar-100g\/#breadcrumb"},"inLanguage":"de","potentialAction":[{"@type":"ReadAction","target":["https:\/\/caviarcenturion.com\/de\/produkt\/keta-kaviar-100g\/"]}]},{"@type":"ImageObject","inLanguage":"de","@id":"https:\/\/caviarcenturion.com\/de\/produkt\/keta-kaviar-100g\/#primaryimage","url":"https:\/\/caviarcenturion.com\/wp-content\/uploads\/2025\/05\/Keta.webp","contentUrl":"https:\/\/caviarcenturion.com\/wp-content\/uploads\/2025\/05\/Keta.webp","width":1080,"height":1080},{"@type":"BreadcrumbList","@id":"https:\/\/caviarcenturion.com\/de\/produkt\/keta-kaviar-100g\/#breadcrumb","itemListElement":[{"@type":"ListItem","position":1,"name":"Home","item":"https:\/\/caviarcenturion.com\/de\/"},{"@type":"ListItem","position":2,"name":"PRODUKTE","item":"https:\/\/caviarcenturion.com\/shop\/"},{"@type":"ListItem","position":3,"name":"Keta Lachskaviar 100g"}]},{"@type":"WebSite","@id":"https:\/\/caviarcenturion.com\/de\/#website","url":"https:\/\/caviarcenturion.com\/de\/","name":"Caviar Centurion","description":"","potentialAction":[{"@type":"SearchAction","target":{"@type":"EntryPoint","urlTemplate":"https:\/\/caviarcenturion.com\/de\/?s={search_term_string}"},"query-input":{"@type":"PropertyValueSpecification","valueRequired":true,"valueName":"search_term_string"}}],"inLanguage":"de"}]}},"_links":{"self":[{"href":"https:\/\/caviarcenturion.com\/de\/wp-json\/wp\/v2\/product\/665","targetHints":{"allow":["GET"]}}],"collection":[{"href":"https:\/\/caviarcenturion.com\/de\/wp-json\/wp\/v2\/product"}],"about":[{"href":"https:\/\/caviarcenturion.com\/de\/wp-json\/wp\/v2\/types\/product"}],"replies":[{"embeddable":true,"href":"https:\/\/caviarcenturion.com\/de\/wp-json\/wp\/v2\/comments?post=665"}],"wp:featuredmedia":[{"embeddable":true,"href":"https:\/\/caviarcenturion.com\/de\/wp-json\/wp\/v2\/media\/1631"}],"wp:attachment":[{"href":"https:\/\/caviarcenturion.com\/de\/wp-json\/wp\/v2\/media?parent=665"}],"wp:term":[{"taxonomy":"product_brand","embeddable":true,"href":"https:\/\/caviarcenturion.com\/de\/wp-json\/wp\/v2\/product_brand?post=665"},{"taxonomy":"product_cat","embeddable":true,"href":"https:\/\/caviarcenturion.com\/de\/wp-json\/wp\/v2\/product_cat?post=665"},{"taxonomy":"product_tag","embeddable":true,"href":"https:\/\/caviarcenturion.com\/de\/wp-json\/wp\/v2\/product_tag?post=665"}],"curies":[{"name":"wp","href":"https:\/\/api.w.org\/{rel}","templated":true}]}}