{"id":709,"date":"2025-06-13T08:40:07","date_gmt":"2025-06-13T06:40:07","guid":{"rendered":"https:\/\/caviarcenturion.com\/?post_type=product&#038;p=709"},"modified":"2025-12-09T13:27:06","modified_gmt":"2025-12-09T11:27:06","slug":"centurion-kaluga-caviar","status":"publish","type":"product","link":"https:\/\/caviarcenturion.com\/de\/produkt\/centurion-kaluga-caviar\/","title":{"rendered":"Centurion Kaluga"},"content":{"rendered":"<h1>Kaluga Kaviar<\/h1>\n<h2>Was ist Kaluga Kaviar?<\/h2>\n<p>Kaluga Kaviar ist eine Kaviarart, die von einem der gr\u00f6\u00dften S\u00fc\u00dfwasserfische, dem Kaluga-St\u00f6r (auch Flussbeluga genannt), stammt. Er zeichnet sich durch mittelgro\u00dfe bis gro\u00dfe, feste Perlen mit einer butterartigen Struktur und einer subtilen Salzigkeit aus. Aufgrund seines einzigartigen Geschmacks und seiner Nachhaltigkeit wird er oft mit Beluga-Kaviar verglichen.<\/p>\n<p>Der Kaluga-St\u00f6r ist ein riesiger Fisch, der bis zu 5 Meter lang und 1000 Kilogramm schwer werden kann. In S\u00fc\u00dfwasser ern\u00e4hrt er sich in der Regel von Lachs und anderen Fischen und liefert bis zu 20 Kilogramm Rogen. Im Gegensatz zum Beluga-St\u00f6r ist er keine vom Aussterben bedrohte Art, weshalb Kaluga Kaviar in der Regel als ethischere Alternative angesehen wird.<\/p>\n<h2>Wie schmeckt er?<\/h2>\n<p>Der Geschmack von Kaluga Kaviar ist einzigartig, da er sich durch gro\u00dfe Perlen mit einem buttrigen Geschmack und einer glatten Textur auszeichnet. Es gibt viele verschiedene Arten von Kaviar und Rogen, aber guter Kaviar gilt aufgrund seines einzigartigen Geschmacks und seiner Textur immer als Delikatesse. Es h\u00e4ngt in der Regel von den pers\u00f6nlichen Vorlieben ab, aber Kaviar von h\u00f6chster Qualit\u00e4t spricht im Allgemeinen jeden an.<\/p>\n<p>Ein weiterer Aspekt, den Sie ber\u00fccksichtigen sollten, ist, ob Sie Kaluga Kaviar mit oder ohne Beilagen essen m\u00f6chten. Wenn Sie zu den Menschen geh\u00f6ren, die den urspr\u00fcnglichen Geschmack dieser Delikatesse bevorzugen, sollten Sie ihn ohne Beilagen auf einem <em><a href=\"https:\/\/caviarcenturion.com\/de\/produkt\/perlmuttloeffel-klein\/\" target=\"_blank\" rel=\"noopener\">Perlmuttl\u00f6ffel<\/a> <\/em>genie\u00dfen, da Metall den Geschmack beeintr\u00e4chtigen kann.<\/p>\n<p>Wenn Sie jedoch lieber ein Gericht mit Kaviar zubereiten und es Ihren Lieben servieren m\u00f6chten, finden Sie auf unserer Website zahlreiche Rezepte. Bitte beachten Sie, dass es immer besser ist, Kaviar mit delikaten Beilagen zu essen, die den Geschmack des Kaviars nicht \u00fcberdecken. Dazu eignen sich beispielsweise Pfannkuchen (russische Blinis), Toast, Chips und Cracker.<\/p>\n<h2>Was bestimmt die Qualit\u00e4t von Kaviar?<\/h2>\n<p>Kaluga Kaviar ist ein hochwertiges Produkt, und diese Eigenschaft ist auf verschiedene Faktoren zur\u00fcckzuf\u00fchren.<\/p>\n<ul>\n<li>Wie wird er geerntet: Die Kaviarernte ist ein manueller Prozess, bei dem die Erfahrung der Mitarbeiter eine entscheidende Rolle spielt. Die Sorgfalt, mit der er geerntet wird, spiegelt sich direkt in der Qualit\u00e4t des Produkts wider.<\/li>\n<li>Zucht vs. Wildfang: Ob der Kaviar aus Zuchtbetrieben oder aus der freien Natur stammt, spielt eine wichtige Rolle. Da einige St\u00f6rarten vom Aussterben bedroht sind, ist der nat\u00fcrliche Fang, wenn die St\u00f6re im Fluss laichen, verboten, um den Bestand dieser gef\u00e4hrdeten Arten zu erhalten. Dar\u00fcber hinaus ist es bemerkenswert, dass eine kontrollierte Umgebung besser geeignet ist, um einen milden Geschmack und eine gleichbleibende Qualit\u00e4t zu gew\u00e4hrleisten und Verunreinigungen durch verschmutztes Wasser zu vermeiden.<\/li>\n<li>Lagerung und Transport: Da es sich um ein empfindliches Produkt handelt, ist es wichtig, es im K\u00fchlschrank bei -2 \u00b0C bis 0 \u00b0C zu lagern und mit temperaturkontrollierter Logistik zu transportieren.<\/li>\n<\/ul>\n<p>Bei Caviar Centurion achten wir darauf, alle oben genannten wichtigen Aspekte zu ber\u00fccksichtigen, um ein Produkt von h\u00f6chster Qualit\u00e4t zu liefern.<\/p>\n<h2>Welche gesundheitlichen Vorteile bietet er?<\/h2>\n<p>Kaluga Kaviar bietet zahlreiche gesundheitliche Vorteile, da er reich an Proteinen, Omega-3-Fetts\u00e4uren, Cholin und verschiedenen Vitaminen und Mineralstoffen ist, darunter Vitamin B12, Vitamin D, Zink, Magnesium, Eisen und Selen. Viele Lebensmittel bieten gesundheitliche Vorteile, aber Kaviar Kaluga ist unvergleichlich, da er als n\u00e4hrstoffreiches Superfood gilt.<\/p>\n<p>Der moderate Verzehr der meisten Fischrogenarten gilt als unbedenklich w\u00e4hrend der Schwangerschaft. F\u00fcr schwangere Frauen ist es jedoch immer ratsam, pasteurisierten Kaviar zu verzehren, da nicht pasteurisierter Kaviar Listerien enthalten kann, die f\u00fcr gesunde Erwachsene harmlos sind, f\u00fcr Schwangere jedoch gef\u00e4hrlich sein k\u00f6nnen.<\/p>\n<h2>Warum Caviar Centurion?<\/h2>\n<p>Kaluga Kaviar ist die perfekte Wahl, um den unvergleichlichen Geschmack dieser Delikatesse zu genie\u00dfen. Caviar Centurion ist einer der besten Anbieter von <a href=\"https:\/\/caviarcenturion.com\/de\/produkt-kategorie\/products\/caviar\/\" target=\"_blank\" rel=\"noopener\">Kaviar<\/a> in Premiumqualit\u00e4t. In unserem Online-Shop k\u00f6nnen Sie aus einer gro\u00dfen Auswahl Ihr bevorzugtes Produkt in hoher Qualit\u00e4t kaufen. Wenn Sie auf der Suche nach luxuri\u00f6sen und gleichzeitig k\u00f6stlichen Geschenken sind, ist ein Set mit verschiedenen Kaviar.<\/p>\n","protected":false},"excerpt":{"rendered":"<h1>Kaluga-Kaviar<\/h1>\n<p>Huso Dauricus \u2013 einer der gr\u00f6\u00dften St\u00f6rarten der Welt \u2013 bildet die Grundlage f\u00fcr Kaluga-Kaviar. Seine gro\u00dfen, gl\u00e4nzenden Eier zeichnen sich durch einen leicht s\u00fc\u00dflichen Geschmack und eine cremige Konsistenz aus. Seine einzigartige Delikatesse macht ihn zu einem der beliebtesten Luxuskaviare.<\/p>\n","protected":false},"featured_media":2159,"comment_status":"open","ping_status":"closed","template":"","meta":{"_acf_changed":false,"inline_featured_image":false},"product_brand":[],"product_cat":[50,53],"product_tag":[142,156],"class_list":{"0":"post-709","1":"product","2":"type-product","3":"status-publish","4":"has-post-thumbnail","6":"product_cat-all-products","7":"product_cat-caviar","8":"product_tag-caviar-de","9":"product_tag-kaviart-de","11":"first","12":"instock","13":"taxable","14":"shipping-taxable","15":"purchasable","16":"product-type-variable"},"acf":[],"yoast_head":"<!-- This site is optimized with the Yoast SEO plugin v27.2 - https:\/\/yoast.com\/product\/yoast-seo-wordpress\/ -->\n<title>Centurion Kaluga - Caviar Centurion<\/title>\n<meta name=\"description\" content=\"Bei Centurion Caviar k\u00f6nnen Sie hochwertigen Kaluga Kaviar online kaufen. Dies ist eine Delikatesse der Extraklasse, die zudem zahlreiche gesundheitliche Vorteile bietet.\" \/>\n<meta name=\"robots\" content=\"index, follow, max-snippet:-1, max-image-preview:large, max-video-preview:-1\" \/>\n<link rel=\"canonical\" href=\"https:\/\/caviarcenturion.com\/de\/produkt\/centurion-kaluga-caviar\/\" \/>\n<meta property=\"og:locale\" content=\"de_DE\" \/>\n<meta property=\"og:type\" content=\"article\" \/>\n<meta property=\"og:title\" content=\"Centurion Kaluga - Caviar Centurion\" \/>\n<meta property=\"og:description\" content=\"Bei Centurion Caviar k\u00f6nnen Sie hochwertigen Kaluga Kaviar online kaufen. Dies ist eine Delikatesse der Extraklasse, die zudem zahlreiche gesundheitliche Vorteile bietet.\" \/>\n<meta property=\"og:url\" content=\"https:\/\/caviarcenturion.com\/de\/produkt\/centurion-kaluga-caviar\/\" \/>\n<meta property=\"og:site_name\" content=\"Caviar Centurion\" \/>\n<meta property=\"article:modified_time\" content=\"2025-12-09T11:27:06+00:00\" \/>\n<meta property=\"og:image\" content=\"http:\/\/caviarcenturion.com\/wp-content\/uploads\/2025\/11\/Kaluga-open-tex-scaled.webp\" \/>\n\t<meta property=\"og:image:width\" content=\"2560\" \/>\n\t<meta property=\"og:image:height\" content=\"2560\" \/>\n\t<meta property=\"og:image:type\" content=\"image\/webp\" \/>\n<meta name=\"twitter:card\" content=\"summary_large_image\" \/>\n<meta name=\"twitter:label1\" content=\"Gesch\u00e4tzte Lesezeit\" \/>\n\t<meta name=\"twitter:data1\" content=\"3\u00a0Minuten\" \/>\n<script type=\"application\/ld+json\" class=\"yoast-schema-graph\">{\"@context\":\"https:\/\/schema.org\",\"@graph\":[{\"@type\":\"WebPage\",\"@id\":\"https:\/\/caviarcenturion.com\/de\/produkt\/centurion-kaluga-caviar\/\",\"url\":\"https:\/\/caviarcenturion.com\/de\/produkt\/centurion-kaluga-caviar\/\",\"name\":\"Centurion Kaluga - Caviar Centurion\",\"isPartOf\":{\"@id\":\"https:\/\/caviarcenturion.com\/de\/#website\"},\"primaryImageOfPage\":{\"@id\":\"https:\/\/caviarcenturion.com\/de\/produkt\/centurion-kaluga-caviar\/#primaryimage\"},\"image\":{\"@id\":\"https:\/\/caviarcenturion.com\/de\/produkt\/centurion-kaluga-caviar\/#primaryimage\"},\"thumbnailUrl\":\"https:\/\/caviarcenturion.com\/wp-content\/uploads\/2025\/11\/Kaluga-open-tex-scaled.webp\",\"datePublished\":\"2025-06-13T06:40:07+00:00\",\"dateModified\":\"2025-12-09T11:27:06+00:00\",\"description\":\"Bei Centurion Caviar k\u00f6nnen Sie hochwertigen Kaluga Kaviar online kaufen. Dies ist eine Delikatesse der Extraklasse, die zudem zahlreiche gesundheitliche Vorteile bietet.\",\"breadcrumb\":{\"@id\":\"https:\/\/caviarcenturion.com\/de\/produkt\/centurion-kaluga-caviar\/#breadcrumb\"},\"inLanguage\":\"de\",\"potentialAction\":[{\"@type\":\"ReadAction\",\"target\":[\"https:\/\/caviarcenturion.com\/de\/produkt\/centurion-kaluga-caviar\/\"]}]},{\"@type\":\"ImageObject\",\"inLanguage\":\"de\",\"@id\":\"https:\/\/caviarcenturion.com\/de\/produkt\/centurion-kaluga-caviar\/#primaryimage\",\"url\":\"https:\/\/caviarcenturion.com\/wp-content\/uploads\/2025\/11\/Kaluga-open-tex-scaled.webp\",\"contentUrl\":\"https:\/\/caviarcenturion.com\/wp-content\/uploads\/2025\/11\/Kaluga-open-tex-scaled.webp\",\"width\":2560,\"height\":2560},{\"@type\":\"BreadcrumbList\",\"@id\":\"https:\/\/caviarcenturion.com\/de\/produkt\/centurion-kaluga-caviar\/#breadcrumb\",\"itemListElement\":[{\"@type\":\"ListItem\",\"position\":1,\"name\":\"Home\",\"item\":\"https:\/\/caviarcenturion.com\/de\/\"},{\"@type\":\"ListItem\",\"position\":2,\"name\":\"PRODUKTE\",\"item\":\"https:\/\/caviarcenturion.com\/shop\/\"},{\"@type\":\"ListItem\",\"position\":3,\"name\":\"Centurion Kaluga\"}]},{\"@type\":\"WebSite\",\"@id\":\"https:\/\/caviarcenturion.com\/de\/#website\",\"url\":\"https:\/\/caviarcenturion.com\/de\/\",\"name\":\"Caviar Centurion\",\"description\":\"\",\"potentialAction\":[{\"@type\":\"SearchAction\",\"target\":{\"@type\":\"EntryPoint\",\"urlTemplate\":\"https:\/\/caviarcenturion.com\/de\/?s={search_term_string}\"},\"query-input\":{\"@type\":\"PropertyValueSpecification\",\"valueRequired\":true,\"valueName\":\"search_term_string\"}}],\"inLanguage\":\"de\"}]}<\/script>\n<!-- \/ Yoast SEO plugin. -->","yoast_head_json":{"title":"Centurion Kaluga - Caviar Centurion","description":"Bei Centurion Caviar k\u00f6nnen Sie hochwertigen Kaluga Kaviar online kaufen. Dies ist eine Delikatesse der Extraklasse, die zudem zahlreiche gesundheitliche Vorteile bietet.","robots":{"index":"index","follow":"follow","max-snippet":"max-snippet:-1","max-image-preview":"max-image-preview:large","max-video-preview":"max-video-preview:-1"},"canonical":"https:\/\/caviarcenturion.com\/de\/produkt\/centurion-kaluga-caviar\/","og_locale":"de_DE","og_type":"article","og_title":"Centurion Kaluga - Caviar Centurion","og_description":"Bei Centurion Caviar k\u00f6nnen Sie hochwertigen Kaluga Kaviar online kaufen. Dies ist eine Delikatesse der Extraklasse, die zudem zahlreiche gesundheitliche Vorteile bietet.","og_url":"https:\/\/caviarcenturion.com\/de\/produkt\/centurion-kaluga-caviar\/","og_site_name":"Caviar Centurion","article_modified_time":"2025-12-09T11:27:06+00:00","og_image":[{"width":2560,"height":2560,"url":"http:\/\/caviarcenturion.com\/wp-content\/uploads\/2025\/11\/Kaluga-open-tex-scaled.webp","type":"image\/webp"}],"twitter_card":"summary_large_image","twitter_misc":{"Gesch\u00e4tzte Lesezeit":"3\u00a0Minuten"},"schema":{"@context":"https:\/\/schema.org","@graph":[{"@type":"WebPage","@id":"https:\/\/caviarcenturion.com\/de\/produkt\/centurion-kaluga-caviar\/","url":"https:\/\/caviarcenturion.com\/de\/produkt\/centurion-kaluga-caviar\/","name":"Centurion Kaluga - Caviar Centurion","isPartOf":{"@id":"https:\/\/caviarcenturion.com\/de\/#website"},"primaryImageOfPage":{"@id":"https:\/\/caviarcenturion.com\/de\/produkt\/centurion-kaluga-caviar\/#primaryimage"},"image":{"@id":"https:\/\/caviarcenturion.com\/de\/produkt\/centurion-kaluga-caviar\/#primaryimage"},"thumbnailUrl":"https:\/\/caviarcenturion.com\/wp-content\/uploads\/2025\/11\/Kaluga-open-tex-scaled.webp","datePublished":"2025-06-13T06:40:07+00:00","dateModified":"2025-12-09T11:27:06+00:00","description":"Bei Centurion Caviar k\u00f6nnen Sie hochwertigen Kaluga Kaviar online kaufen. Dies ist eine Delikatesse der Extraklasse, die zudem zahlreiche gesundheitliche Vorteile bietet.","breadcrumb":{"@id":"https:\/\/caviarcenturion.com\/de\/produkt\/centurion-kaluga-caviar\/#breadcrumb"},"inLanguage":"de","potentialAction":[{"@type":"ReadAction","target":["https:\/\/caviarcenturion.com\/de\/produkt\/centurion-kaluga-caviar\/"]}]},{"@type":"ImageObject","inLanguage":"de","@id":"https:\/\/caviarcenturion.com\/de\/produkt\/centurion-kaluga-caviar\/#primaryimage","url":"https:\/\/caviarcenturion.com\/wp-content\/uploads\/2025\/11\/Kaluga-open-tex-scaled.webp","contentUrl":"https:\/\/caviarcenturion.com\/wp-content\/uploads\/2025\/11\/Kaluga-open-tex-scaled.webp","width":2560,"height":2560},{"@type":"BreadcrumbList","@id":"https:\/\/caviarcenturion.com\/de\/produkt\/centurion-kaluga-caviar\/#breadcrumb","itemListElement":[{"@type":"ListItem","position":1,"name":"Home","item":"https:\/\/caviarcenturion.com\/de\/"},{"@type":"ListItem","position":2,"name":"PRODUKTE","item":"https:\/\/caviarcenturion.com\/shop\/"},{"@type":"ListItem","position":3,"name":"Centurion Kaluga"}]},{"@type":"WebSite","@id":"https:\/\/caviarcenturion.com\/de\/#website","url":"https:\/\/caviarcenturion.com\/de\/","name":"Caviar Centurion","description":"","potentialAction":[{"@type":"SearchAction","target":{"@type":"EntryPoint","urlTemplate":"https:\/\/caviarcenturion.com\/de\/?s={search_term_string}"},"query-input":{"@type":"PropertyValueSpecification","valueRequired":true,"valueName":"search_term_string"}}],"inLanguage":"de"}]}},"_links":{"self":[{"href":"https:\/\/caviarcenturion.com\/de\/wp-json\/wp\/v2\/product\/709","targetHints":{"allow":["GET"]}}],"collection":[{"href":"https:\/\/caviarcenturion.com\/de\/wp-json\/wp\/v2\/product"}],"about":[{"href":"https:\/\/caviarcenturion.com\/de\/wp-json\/wp\/v2\/types\/product"}],"replies":[{"embeddable":true,"href":"https:\/\/caviarcenturion.com\/de\/wp-json\/wp\/v2\/comments?post=709"}],"wp:featuredmedia":[{"embeddable":true,"href":"https:\/\/caviarcenturion.com\/de\/wp-json\/wp\/v2\/media\/2159"}],"wp:attachment":[{"href":"https:\/\/caviarcenturion.com\/de\/wp-json\/wp\/v2\/media?parent=709"}],"wp:term":[{"taxonomy":"product_brand","embeddable":true,"href":"https:\/\/caviarcenturion.com\/de\/wp-json\/wp\/v2\/product_brand?post=709"},{"taxonomy":"product_cat","embeddable":true,"href":"https:\/\/caviarcenturion.com\/de\/wp-json\/wp\/v2\/product_cat?post=709"},{"taxonomy":"product_tag","embeddable":true,"href":"https:\/\/caviarcenturion.com\/de\/wp-json\/wp\/v2\/product_tag?post=709"}],"curies":[{"name":"wp","href":"https:\/\/api.w.org\/{rel}","templated":true}]}}